{"id":7872,"date":"2020-07-04T16:05:46","date_gmt":"2020-07-04T14:05:46","guid":{"rendered":"http:\/\/thomasgroslier.fr\/?page_id=7872"},"modified":"2023-04-25T11:29:30","modified_gmt":"2023-04-25T09:29:30","slug":"metamorphose-nocturne","status":"publish","type":"page","link":"https:\/\/thomasgroslier.fr\/en\/metamorphose-nocturne\/","title":{"rendered":"M\u00e9tamorphose nocturne"},"content":{"rendered":"<div id=\"pl-7872\"  class=\"panel-layout\" ><div id=\"pg-7872-0\"  class=\"panel-grid panel-no-style\" ><div id=\"pgc-7872-0-0\"  class=\"panel-grid-cell\" ><div id=\"panel-7872-0-0-0\" class=\"so-panel widget widget_media_video panel-first-child panel-last-child\" data-index=\"0\" ><div style=\"width:100%;\" class=\"wp-video\"><video class=\"wp-video-shortcode\" id=\"video-7872-1\" preload=\"metadata\" controls=\"controls\"><source type=\"video\/mp4\" src=\"https:\/\/thomasgroslier.fr\/wp-content\/uploads\/2020\/04\/Test.mp4?_=1\" \/><source type=\"video\/mp4\" src=\"https:\/\/thomasgroslier.fr\/wp-content\/uploads\/2020\/04\/Test.mp4?_=1\" \/><a href=\"https:\/\/thomasgroslier.fr\/wp-content\/uploads\/2020\/04\/Test.mp4\">https:\/\/thomasgroslier.fr\/wp-content\/uploads\/2020\/04\/Test.mp4<\/a><\/video><\/div><\/div><\/div><\/div><\/div>","protected":false},"excerpt":{"rendered":"<p>https:\/\/thomasgroslier.fr\/wp-content\/uploads\/2020\/04\/Test.mp4<\/p>","protected":false},"author":1,"featured_media":9473,"parent":0,"menu_order":0,"comment_status":"closed","ping_status":"closed","template":"","meta":{"_themeisle_gutenberg_block_has_review":false,"footnotes":""},"class_list":["post-7872","page","type-page","status-publish","has-post-thumbnail","hentry",""],"yoast_head":"<!-- This site is optimized with the Yoast SEO plugin v27.6 - https:\/\/yoast.com\/product\/yoast-seo-wordpress\/ -->\n<title>M\u00e9tamorphose nocturne - Thomas Groslier - Artiste peintre<\/title>\n<meta name=\"robots\" content=\"index, follow, max-snippet:-1, max-image-preview:large, max-video-preview:-1\" \/>\n<link rel=\"canonical\" href=\"https:\/\/thomasgroslier.fr\/en\/metamorphose-nocturne\/\" \/>\n<meta property=\"og:locale\" content=\"en_GB\" \/>\n<meta property=\"og:type\" content=\"article\" \/>\n<meta property=\"og:title\" content=\"M\u00e9tamorphose nocturne - Thomas Groslier - Artiste peintre\" \/>\n<meta property=\"og:description\" content=\"https:\/\/thomasgroslier.fr\/wp-content\/uploads\/2020\/04\/Test.mp4\" \/>\n<meta property=\"og:url\" content=\"https:\/\/thomasgroslier.fr\/en\/metamorphose-nocturne\/\" \/>\n<meta property=\"og:site_name\" content=\"Thomas Groslier - Artiste peintre\" \/>\n<meta property=\"article:modified_time\" content=\"2023-04-25T09:29:30+00:00\" \/>\n<meta property=\"og:image\" content=\"https:\/\/thomasgroslier.fr\/wp-content\/uploads\/2021\/03\/2019-06.Le-Rondeau.jpg\" \/>\n\t<meta property=\"og:image:width\" content=\"709\" \/>\n\t<meta property=\"og:image:height\" content=\"579\" \/>\n\t<meta property=\"og:image:type\" content=\"image\/jpeg\" \/>\n<meta name=\"twitter:card\" content=\"summary_large_image\" \/>\n<meta name=\"twitter:label1\" content=\"Estimated reading time\" \/>\n\t<meta name=\"twitter:data1\" content=\"1 minute\" \/>\n<script type=\"application\/ld+json\" class=\"yoast-schema-graph\">{\"@context\":\"https:\\\/\\\/schema.org\",\"@graph\":[{\"@type\":\"WebPage\",\"@id\":\"https:\\\/\\\/thomasgroslier.fr\\\/metamorphose-nocturne\\\/\",\"url\":\"https:\\\/\\\/thomasgroslier.fr\\\/metamorphose-nocturne\\\/\",\"name\":\"M\u00e9tamorphose nocturne - Thomas Groslier - Artiste peintre\",\"isPartOf\":{\"@id\":\"https:\\\/\\\/thomasgroslier.fr\\\/#website\"},\"primaryImageOfPage\":{\"@id\":\"https:\\\/\\\/thomasgroslier.fr\\\/metamorphose-nocturne\\\/#primaryimage\"},\"image\":{\"@id\":\"https:\\\/\\\/thomasgroslier.fr\\\/metamorphose-nocturne\\\/#primaryimage\"},\"thumbnailUrl\":\"https:\\\/\\\/i0.wp.com\\\/thomasgroslier.fr\\\/wp-content\\\/uploads\\\/2021\\\/03\\\/2019-06.Le-Rondeau.jpg?fit=709%2C579&ssl=1\",\"datePublished\":\"2020-07-04T14:05:46+00:00\",\"dateModified\":\"2023-04-25T09:29:30+00:00\",\"breadcrumb\":{\"@id\":\"https:\\\/\\\/thomasgroslier.fr\\\/metamorphose-nocturne\\\/#breadcrumb\"},\"inLanguage\":\"en-GB\",\"potentialAction\":[{\"@type\":\"ReadAction\",\"target\":[\"https:\\\/\\\/thomasgroslier.fr\\\/metamorphose-nocturne\\\/\"]}]},{\"@type\":\"ImageObject\",\"inLanguage\":\"en-GB\",\"@id\":\"https:\\\/\\\/thomasgroslier.fr\\\/metamorphose-nocturne\\\/#primaryimage\",\"url\":\"https:\\\/\\\/i0.wp.com\\\/thomasgroslier.fr\\\/wp-content\\\/uploads\\\/2021\\\/03\\\/2019-06.Le-Rondeau.jpg?fit=709%2C579&ssl=1\",\"contentUrl\":\"https:\\\/\\\/i0.wp.com\\\/thomasgroslier.fr\\\/wp-content\\\/uploads\\\/2021\\\/03\\\/2019-06.Le-Rondeau.jpg?fit=709%2C579&ssl=1\",\"width\":709,\"height\":579,\"caption\":\"\\\"Le Rondeau\\\" 2019 Huile sur toile 60 x 73 cm\"},{\"@type\":\"BreadcrumbList\",\"@id\":\"https:\\\/\\\/thomasgroslier.fr\\\/metamorphose-nocturne\\\/#breadcrumb\",\"itemListElement\":[{\"@type\":\"ListItem\",\"position\":1,\"name\":\"Accueil\",\"item\":\"https:\\\/\\\/thomasgroslier.fr\\\/\"},{\"@type\":\"ListItem\",\"position\":2,\"name\":\"M\u00e9tamorphose nocturne\"}]},{\"@type\":\"WebSite\",\"@id\":\"https:\\\/\\\/thomasgroslier.fr\\\/#website\",\"url\":\"https:\\\/\\\/thomasgroslier.fr\\\/\",\"name\":\"Thomas Groslier - Artiste peintre\",\"description\":\"\",\"publisher\":{\"@id\":\"https:\\\/\\\/thomasgroslier.fr\\\/#organization\"},\"alternateName\":\"Thomas Groslier\",\"potentialAction\":[{\"@type\":\"SearchAction\",\"target\":{\"@type\":\"EntryPoint\",\"urlTemplate\":\"https:\\\/\\\/thomasgroslier.fr\\\/?s={search_term_string}\"},\"query-input\":{\"@type\":\"PropertyValueSpecification\",\"valueRequired\":true,\"valueName\":\"search_term_string\"}}],\"inLanguage\":\"en-GB\"},{\"@type\":\"Organization\",\"@id\":\"https:\\\/\\\/thomasgroslier.fr\\\/#organization\",\"name\":\"Thomas Groslier - Artiste peintre\",\"url\":\"https:\\\/\\\/thomasgroslier.fr\\\/\",\"logo\":{\"@type\":\"ImageObject\",\"inLanguage\":\"en-GB\",\"@id\":\"https:\\\/\\\/thomasgroslier.fr\\\/#\\\/schema\\\/logo\\\/image\\\/\",\"url\":\"https:\\\/\\\/i0.wp.com\\\/thomasgroslier.fr\\\/wp-content\\\/uploads\\\/2018\\\/06\\\/cropped-cropped-cropped-autoportrait-le-soir1.jpg?fit=512%2C512&ssl=1\",\"contentUrl\":\"https:\\\/\\\/i0.wp.com\\\/thomasgroslier.fr\\\/wp-content\\\/uploads\\\/2018\\\/06\\\/cropped-cropped-cropped-autoportrait-le-soir1.jpg?fit=512%2C512&ssl=1\",\"width\":512,\"height\":512,\"caption\":\"Thomas Groslier - Artiste peintre\"},\"image\":{\"@id\":\"https:\\\/\\\/thomasgroslier.fr\\\/#\\\/schema\\\/logo\\\/image\\\/\"}}]}<\/script>\n<!-- \/ Yoast SEO plugin. -->","yoast_head_json":{"title":"M\u00e9tamorphose nocturne - Thomas Groslier - Artiste peintre","robots":{"index":"index","follow":"follow","max-snippet":"max-snippet:-1","max-image-preview":"max-image-preview:large","max-video-preview":"max-video-preview:-1"},"canonical":"https:\/\/thomasgroslier.fr\/en\/metamorphose-nocturne\/","og_locale":"en_GB","og_type":"article","og_title":"M\u00e9tamorphose nocturne - Thomas Groslier - Artiste peintre","og_description":"https:\/\/thomasgroslier.fr\/wp-content\/uploads\/2020\/04\/Test.mp4","og_url":"https:\/\/thomasgroslier.fr\/en\/metamorphose-nocturne\/","og_site_name":"Thomas Groslier - Artiste peintre","article_modified_time":"2023-04-25T09:29:30+00:00","og_image":[{"width":709,"height":579,"url":"https:\/\/thomasgroslier.fr\/wp-content\/uploads\/2021\/03\/2019-06.Le-Rondeau.jpg","type":"image\/jpeg"}],"twitter_card":"summary_large_image","twitter_misc":{"Estimated reading time":"1 minute"},"schema":{"@context":"https:\/\/schema.org","@graph":[{"@type":"WebPage","@id":"https:\/\/thomasgroslier.fr\/metamorphose-nocturne\/","url":"https:\/\/thomasgroslier.fr\/metamorphose-nocturne\/","name":"M\u00e9tamorphose nocturne - Thomas Groslier - Artiste peintre","isPartOf":{"@id":"https:\/\/thomasgroslier.fr\/#website"},"primaryImageOfPage":{"@id":"https:\/\/thomasgroslier.fr\/metamorphose-nocturne\/#primaryimage"},"image":{"@id":"https:\/\/thomasgroslier.fr\/metamorphose-nocturne\/#primaryimage"},"thumbnailUrl":"https:\/\/i0.wp.com\/thomasgroslier.fr\/wp-content\/uploads\/2021\/03\/2019-06.Le-Rondeau.jpg?fit=709%2C579&ssl=1","datePublished":"2020-07-04T14:05:46+00:00","dateModified":"2023-04-25T09:29:30+00:00","breadcrumb":{"@id":"https:\/\/thomasgroslier.fr\/metamorphose-nocturne\/#breadcrumb"},"inLanguage":"en-GB","potentialAction":[{"@type":"ReadAction","target":["https:\/\/thomasgroslier.fr\/metamorphose-nocturne\/"]}]},{"@type":"ImageObject","inLanguage":"en-GB","@id":"https:\/\/thomasgroslier.fr\/metamorphose-nocturne\/#primaryimage","url":"https:\/\/i0.wp.com\/thomasgroslier.fr\/wp-content\/uploads\/2021\/03\/2019-06.Le-Rondeau.jpg?fit=709%2C579&ssl=1","contentUrl":"https:\/\/i0.wp.com\/thomasgroslier.fr\/wp-content\/uploads\/2021\/03\/2019-06.Le-Rondeau.jpg?fit=709%2C579&ssl=1","width":709,"height":579,"caption":"\"Le Rondeau\" 2019 Huile sur toile 60 x 73 cm"},{"@type":"BreadcrumbList","@id":"https:\/\/thomasgroslier.fr\/metamorphose-nocturne\/#breadcrumb","itemListElement":[{"@type":"ListItem","position":1,"name":"Accueil","item":"https:\/\/thomasgroslier.fr\/"},{"@type":"ListItem","position":2,"name":"M\u00e9tamorphose nocturne"}]},{"@type":"WebSite","@id":"https:\/\/thomasgroslier.fr\/#website","url":"https:\/\/thomasgroslier.fr\/","name":"Thomas Groslier - Artiste peintre","description":"","publisher":{"@id":"https:\/\/thomasgroslier.fr\/#organization"},"alternateName":"Thomas Groslier","potentialAction":[{"@type":"SearchAction","target":{"@type":"EntryPoint","urlTemplate":"https:\/\/thomasgroslier.fr\/?s={search_term_string}"},"query-input":{"@type":"PropertyValueSpecification","valueRequired":true,"valueName":"search_term_string"}}],"inLanguage":"en-GB"},{"@type":"Organization","@id":"https:\/\/thomasgroslier.fr\/#organization","name":"Thomas Groslier - Artiste peintre","url":"https:\/\/thomasgroslier.fr\/","logo":{"@type":"ImageObject","inLanguage":"en-GB","@id":"https:\/\/thomasgroslier.fr\/#\/schema\/logo\/image\/","url":"https:\/\/i0.wp.com\/thomasgroslier.fr\/wp-content\/uploads\/2018\/06\/cropped-cropped-cropped-autoportrait-le-soir1.jpg?fit=512%2C512&ssl=1","contentUrl":"https:\/\/i0.wp.com\/thomasgroslier.fr\/wp-content\/uploads\/2018\/06\/cropped-cropped-cropped-autoportrait-le-soir1.jpg?fit=512%2C512&ssl=1","width":512,"height":512,"caption":"Thomas Groslier - Artiste peintre"},"image":{"@id":"https:\/\/thomasgroslier.fr\/#\/schema\/logo\/image\/"}}]}},"jetpack_sharing_enabled":true,"jetpack_shortlink":"https:\/\/wp.me\/Pab5mt-22Y","jetpack-related-posts":[{"id":12074,"url":"https:\/\/thomasgroslier.fr\/en\/","url_meta":{"origin":7872,"position":0},"title":"Home","author":"T\u00e9g\u00e9","date":"26 June 2022","format":false,"excerpt":"Works available on Artsper","rel":"","context":"Similar post","block_context":{"text":"Similar post","link":""},"img":{"alt_text":"","src":"","width":0,"height":0},"classes":[]},{"id":15372,"url":"https:\/\/thomasgroslier.fr\/en\/expositions\/","url_meta":{"origin":7872,"position":1},"title":"Exhibitions","author":"T\u00e9g\u00e9","date":"10 March 2025","format":false,"excerpt":"Expositions personnelles \u00a0Galerie Yvert, Amiens \u00a0Galerie de Cl\u00e9rieu, Romans sur Is\u00e8re Universit\u00e9 d\u2019Artois, Arras Mus\u00e9e D\u00e9partemental de l\u2019Abbaye de Saint-Riquier Galerie du Wazoo, Amiens Espace Buzanval, Beauvais CC Le Safran, Amiens Th\u00e9\u00e2tre de l\u2019Alin\u00e9a, dans le cadre du festival off Avignon Galerie d\u2019Aujourd\u2019hui, La Valette du Var Artoth\u00e8que de Valence,\u2026","rel":"","context":"Similar post","block_context":{"text":"Similar post","link":""},"img":{"alt_text":"","src":"","width":0,"height":0},"classes":[]},{"id":10209,"url":"https:\/\/thomasgroslier.fr\/en\/les-influences\/","url_meta":{"origin":7872,"position":2},"title":"Les influences","author":"T\u00e9g\u00e9","date":"2 April 2021","format":false,"excerpt":"Les influences Nicolas Poussin Les Saisons\u00a0est le dernier\u00a0ensemble de peintures \u00e0 l'huile r\u00e9alis\u00e9es par le peintre fran\u00e7ais\u00a0Nicolas Poussin. C'est un cycle de quatre toiles repr\u00e9sentant chacune une saison.\u00a0Elles ont \u00e9t\u00e9 peintes \u00e0 Rome entre 1660 et 1664 pour le\u00a0duc de Richelieu, le neveu du\u00a0cardinal de Richelieu.\u00a0Chaque peinture est un paysage\u2026","rel":"","context":"Similar post","block_context":{"text":"Similar post","link":""},"img":{"alt_text":"Nicolas Poussin, les quatre saisons","src":"https:\/\/i0.wp.com\/thomasgroslier.fr\/wp-content\/uploads\/2021\/04\/Poussin-Le-printemps.jpg?resize=350%2C200&ssl=1","width":350,"height":200,"srcset":"https:\/\/i0.wp.com\/thomasgroslier.fr\/wp-content\/uploads\/2021\/04\/Poussin-Le-printemps.jpg?resize=350%2C200&ssl=1 1x, https:\/\/i0.wp.com\/thomasgroslier.fr\/wp-content\/uploads\/2021\/04\/Poussin-Le-printemps.jpg?resize=525%2C300&ssl=1 1.5x"},"classes":[]}],"jetpack_likes_enabled":true,"_links":{"self":[{"href":"https:\/\/thomasgroslier.fr\/en\/wp-json\/wp\/v2\/pages\/7872","targetHints":{"allow":["GET"]}}],"collection":[{"href":"https:\/\/thomasgroslier.fr\/en\/wp-json\/wp\/v2\/pages"}],"about":[{"href":"https:\/\/thomasgroslier.fr\/en\/wp-json\/wp\/v2\/types\/page"}],"author":[{"embeddable":true,"href":"https:\/\/thomasgroslier.fr\/en\/wp-json\/wp\/v2\/users\/1"}],"replies":[{"embeddable":true,"href":"https:\/\/thomasgroslier.fr\/en\/wp-json\/wp\/v2\/comments?post=7872"}],"version-history":[{"count":17,"href":"https:\/\/thomasgroslier.fr\/en\/wp-json\/wp\/v2\/pages\/7872\/revisions"}],"predecessor-version":[{"id":13018,"href":"https:\/\/thomasgroslier.fr\/en\/wp-json\/wp\/v2\/pages\/7872\/revisions\/13018"}],"wp:featuredmedia":[{"embeddable":true,"href":"https:\/\/thomasgroslier.fr\/en\/wp-json\/wp\/v2\/media\/9473"}],"wp:attachment":[{"href":"https:\/\/thomasgroslier.fr\/en\/wp-json\/wp\/v2\/media?parent=7872"}],"curies":[{"name":"wp","href":"https:\/\/api.w.org\/{rel}","templated":true}]}}