{"id":9585,"date":"2021-03-25T17:36:59","date_gmt":"2021-03-25T16:36:59","guid":{"rendered":"https:\/\/thomasgroslier.fr\/mon-compte\/"},"modified":"2023-04-27T17:24:24","modified_gmt":"2023-04-27T15:24:24","slug":"mon-compte","status":"publish","type":"page","link":"https:\/\/thomasgroslier.fr\/en\/mon-compte\/","title":{"rendered":"Mon compte"},"content":{"rendered":"<div class=\"woocommerce\"><\/div>","protected":false},"excerpt":{"rendered":"","protected":false},"author":1,"featured_media":0,"parent":0,"menu_order":0,"comment_status":"closed","ping_status":"closed","template":"","meta":{"_themeisle_gutenberg_block_has_review":false,"jetpack_post_was_ever_published":false,"footnotes":""},"class_list":["post-9585","page","type-page","status-publish","hentry",""],"yoast_head":"<!-- This site is optimized with the Yoast SEO plugin v27.5 - https:\/\/yoast.com\/product\/yoast-seo-wordpress\/ -->\n<title>Mon compte - Thomas Groslier - Artiste peintre<\/title>\n<meta name=\"robots\" content=\"index, follow, max-snippet:-1, max-image-preview:large, max-video-preview:-1\" \/>\n<link rel=\"canonical\" href=\"https:\/\/thomasgroslier.fr\/en\/mon-compte\/\" \/>\n<meta property=\"og:locale\" content=\"en_GB\" \/>\n<meta property=\"og:type\" content=\"article\" \/>\n<meta property=\"og:title\" content=\"Mon compte - Thomas Groslier - Artiste peintre\" \/>\n<meta property=\"og:url\" content=\"https:\/\/thomasgroslier.fr\/en\/mon-compte\/\" \/>\n<meta property=\"og:site_name\" content=\"Thomas Groslier - Artiste peintre\" \/>\n<meta property=\"article:modified_time\" content=\"2023-04-27T15:24:24+00:00\" \/>\n<meta name=\"twitter:card\" content=\"summary_large_image\" \/>\n<script type=\"application\/ld+json\" class=\"yoast-schema-graph\">{\"@context\":\"https:\\\/\\\/schema.org\",\"@graph\":[{\"@type\":\"WebPage\",\"@id\":\"https:\\\/\\\/thomasgroslier.fr\\\/mon-compte\\\/\",\"url\":\"https:\\\/\\\/thomasgroslier.fr\\\/mon-compte\\\/\",\"name\":\"Mon compte - Thomas Groslier - Artiste peintre\",\"isPartOf\":{\"@id\":\"https:\\\/\\\/thomasgroslier.fr\\\/#website\"},\"datePublished\":\"2021-03-25T16:36:59+00:00\",\"dateModified\":\"2023-04-27T15:24:24+00:00\",\"breadcrumb\":{\"@id\":\"https:\\\/\\\/thomasgroslier.fr\\\/mon-compte\\\/#breadcrumb\"},\"inLanguage\":\"en-GB\",\"potentialAction\":[{\"@type\":\"ReadAction\",\"target\":[\"https:\\\/\\\/thomasgroslier.fr\\\/mon-compte\\\/\"]}]},{\"@type\":\"BreadcrumbList\",\"@id\":\"https:\\\/\\\/thomasgroslier.fr\\\/mon-compte\\\/#breadcrumb\",\"itemListElement\":[{\"@type\":\"ListItem\",\"position\":1,\"name\":\"Accueil\",\"item\":\"https:\\\/\\\/thomasgroslier.fr\\\/\"},{\"@type\":\"ListItem\",\"position\":2,\"name\":\"Mon compte\"}]},{\"@type\":\"WebSite\",\"@id\":\"https:\\\/\\\/thomasgroslier.fr\\\/#website\",\"url\":\"https:\\\/\\\/thomasgroslier.fr\\\/\",\"name\":\"Thomas Groslier - Artiste peintre\",\"description\":\"\",\"publisher\":{\"@id\":\"https:\\\/\\\/thomasgroslier.fr\\\/#organization\"},\"alternateName\":\"Thomas Groslier\",\"potentialAction\":[{\"@type\":\"SearchAction\",\"target\":{\"@type\":\"EntryPoint\",\"urlTemplate\":\"https:\\\/\\\/thomasgroslier.fr\\\/?s={search_term_string}\"},\"query-input\":{\"@type\":\"PropertyValueSpecification\",\"valueRequired\":true,\"valueName\":\"search_term_string\"}}],\"inLanguage\":\"en-GB\"},{\"@type\":\"Organization\",\"@id\":\"https:\\\/\\\/thomasgroslier.fr\\\/#organization\",\"name\":\"Thomas Groslier - Artiste peintre\",\"url\":\"https:\\\/\\\/thomasgroslier.fr\\\/\",\"logo\":{\"@type\":\"ImageObject\",\"inLanguage\":\"en-GB\",\"@id\":\"https:\\\/\\\/thomasgroslier.fr\\\/#\\\/schema\\\/logo\\\/image\\\/\",\"url\":\"https:\\\/\\\/i0.wp.com\\\/thomasgroslier.fr\\\/wp-content\\\/uploads\\\/2018\\\/06\\\/cropped-cropped-cropped-autoportrait-le-soir1.jpg?fit=512%2C512&ssl=1\",\"contentUrl\":\"https:\\\/\\\/i0.wp.com\\\/thomasgroslier.fr\\\/wp-content\\\/uploads\\\/2018\\\/06\\\/cropped-cropped-cropped-autoportrait-le-soir1.jpg?fit=512%2C512&ssl=1\",\"width\":512,\"height\":512,\"caption\":\"Thomas Groslier - Artiste peintre\"},\"image\":{\"@id\":\"https:\\\/\\\/thomasgroslier.fr\\\/#\\\/schema\\\/logo\\\/image\\\/\"}}]}<\/script>\n<!-- \/ Yoast SEO plugin. -->","yoast_head_json":{"title":"Mon compte - Thomas Groslier - Artiste peintre","robots":{"index":"index","follow":"follow","max-snippet":"max-snippet:-1","max-image-preview":"max-image-preview:large","max-video-preview":"max-video-preview:-1"},"canonical":"https:\/\/thomasgroslier.fr\/en\/mon-compte\/","og_locale":"en_GB","og_type":"article","og_title":"Mon compte - Thomas Groslier - Artiste peintre","og_url":"https:\/\/thomasgroslier.fr\/en\/mon-compte\/","og_site_name":"Thomas Groslier - Artiste peintre","article_modified_time":"2023-04-27T15:24:24+00:00","twitter_card":"summary_large_image","schema":{"@context":"https:\/\/schema.org","@graph":[{"@type":"WebPage","@id":"https:\/\/thomasgroslier.fr\/mon-compte\/","url":"https:\/\/thomasgroslier.fr\/mon-compte\/","name":"Mon compte - Thomas Groslier - Artiste peintre","isPartOf":{"@id":"https:\/\/thomasgroslier.fr\/#website"},"datePublished":"2021-03-25T16:36:59+00:00","dateModified":"2023-04-27T15:24:24+00:00","breadcrumb":{"@id":"https:\/\/thomasgroslier.fr\/mon-compte\/#breadcrumb"},"inLanguage":"en-GB","potentialAction":[{"@type":"ReadAction","target":["https:\/\/thomasgroslier.fr\/mon-compte\/"]}]},{"@type":"BreadcrumbList","@id":"https:\/\/thomasgroslier.fr\/mon-compte\/#breadcrumb","itemListElement":[{"@type":"ListItem","position":1,"name":"Accueil","item":"https:\/\/thomasgroslier.fr\/"},{"@type":"ListItem","position":2,"name":"Mon compte"}]},{"@type":"WebSite","@id":"https:\/\/thomasgroslier.fr\/#website","url":"https:\/\/thomasgroslier.fr\/","name":"Thomas Groslier - Artiste peintre","description":"","publisher":{"@id":"https:\/\/thomasgroslier.fr\/#organization"},"alternateName":"Thomas Groslier","potentialAction":[{"@type":"SearchAction","target":{"@type":"EntryPoint","urlTemplate":"https:\/\/thomasgroslier.fr\/?s={search_term_string}"},"query-input":{"@type":"PropertyValueSpecification","valueRequired":true,"valueName":"search_term_string"}}],"inLanguage":"en-GB"},{"@type":"Organization","@id":"https:\/\/thomasgroslier.fr\/#organization","name":"Thomas Groslier - Artiste peintre","url":"https:\/\/thomasgroslier.fr\/","logo":{"@type":"ImageObject","inLanguage":"en-GB","@id":"https:\/\/thomasgroslier.fr\/#\/schema\/logo\/image\/","url":"https:\/\/i0.wp.com\/thomasgroslier.fr\/wp-content\/uploads\/2018\/06\/cropped-cropped-cropped-autoportrait-le-soir1.jpg?fit=512%2C512&ssl=1","contentUrl":"https:\/\/i0.wp.com\/thomasgroslier.fr\/wp-content\/uploads\/2018\/06\/cropped-cropped-cropped-autoportrait-le-soir1.jpg?fit=512%2C512&ssl=1","width":512,"height":512,"caption":"Thomas Groslier - Artiste peintre"},"image":{"@id":"https:\/\/thomasgroslier.fr\/#\/schema\/logo\/image\/"}}]}},"jetpack_sharing_enabled":true,"jetpack_shortlink":"https:\/\/wp.me\/Pab5mt-2uB","jetpack-related-posts":[{"id":57,"url":"https:\/\/thomasgroslier.fr\/en\/mentions-legales\/","url_meta":{"origin":9585,"position":0},"title":"Mentions L\u00e9gales et Conditions g\u00e9n\u00e9rales de vente","author":"TG","date":"27 June 2018","format":false,"excerpt":"MENTIONS LEGALES : Thomas Groslier thomas.groslier@wanadoo.fr N\u00b0SIREN\u00a0: 387 833 924. Code APE\u00a0: 923A. Maison des artistes n\u00b0 d\u2019ordre\u00a0: G308443. Les \u0153uvres de ce blog ne sont pas libres de droit, toute copie est interdite sauf autorisation de l'auteur. Les images de ce blog sont et restent la propri\u00e9t\u00e9 intellectuelle et\u2026","rel":"","context":"Similar post","block_context":{"text":"Similar post","link":""},"img":{"alt_text":"","src":"","width":0,"height":0},"classes":[]}],"jetpack_likes_enabled":true,"_links":{"self":[{"href":"https:\/\/thomasgroslier.fr\/en\/wp-json\/wp\/v2\/pages\/9585","targetHints":{"allow":["GET"]}}],"collection":[{"href":"https:\/\/thomasgroslier.fr\/en\/wp-json\/wp\/v2\/pages"}],"about":[{"href":"https:\/\/thomasgroslier.fr\/en\/wp-json\/wp\/v2\/types\/page"}],"author":[{"embeddable":true,"href":"https:\/\/thomasgroslier.fr\/en\/wp-json\/wp\/v2\/users\/1"}],"replies":[{"embeddable":true,"href":"https:\/\/thomasgroslier.fr\/en\/wp-json\/wp\/v2\/comments?post=9585"}],"version-history":[{"count":1,"href":"https:\/\/thomasgroslier.fr\/en\/wp-json\/wp\/v2\/pages\/9585\/revisions"}],"predecessor-version":[{"id":11428,"href":"https:\/\/thomasgroslier.fr\/en\/wp-json\/wp\/v2\/pages\/9585\/revisions\/11428"}],"wp:attachment":[{"href":"https:\/\/thomasgroslier.fr\/en\/wp-json\/wp\/v2\/media?parent=9585"}],"curies":[{"name":"wp","href":"https:\/\/api.w.org\/{rel}","templated":true}]}}