{"id":14777,"date":"2021-09-29T18:15:33","date_gmt":"2021-09-29T16:15:33","guid":{"rendered":"https:\/\/thomasgroslier.fr\/?post_type=product&#038;p=14777"},"modified":"2026-02-13T13:59:41","modified_gmt":"2026-02-13T12:59:41","slug":"quatre-baigneuses-2","status":"publish","type":"product","link":"https:\/\/thomasgroslier.fr\/en\/product\/quatre-baigneuses-2\/","title":{"rendered":"\u00ab\u00a0Quatre baigneuses\u00a0\u00bb"},"content":{"rendered":"<figure id=\"attachment_12202\" aria-describedby=\"caption-attachment-12202\" style=\"width: 326px\" class=\"wp-caption alignnone\"><a href=\"https:\/\/thomasgroslier.fr\/en\/quatre-baigneuses\/2021-05-quatre-baigneuses-web\/\" rel=\"attachment wp-att-12202\"><img data-recalc-dims=\"1\" loading=\"lazy\" decoding=\"async\" data-attachment-id=\"12202\" data-permalink=\"https:\/\/thomasgroslier.fr\/en\/quatre-baigneuses\/2021-05-quatre-baigneuses-web\/\" data-orig-file=\"https:\/\/i0.wp.com\/thomasgroslier.fr\/wp-content\/uploads\/2022\/08\/2021-05-Quatre-baigneuses-Web.jpg?fit=860%2C847&ssl=1\" data-orig-size=\"860,847\" data-comments-opened=\"1\" data-image-meta=\"{&quot;aperture&quot;:&quot;0&quot;,&quot;credit&quot;:&quot;&quot;,&quot;camera&quot;:&quot;&quot;,&quot;caption&quot;:&quot;&quot;,&quot;created_timestamp&quot;:&quot;0&quot;,&quot;copyright&quot;:&quot;&quot;,&quot;focal_length&quot;:&quot;0&quot;,&quot;iso&quot;:&quot;0&quot;,&quot;shutter_speed&quot;:&quot;0&quot;,&quot;title&quot;:&quot;&quot;,&quot;orientation&quot;:&quot;0&quot;}\" data-image-title=\"Quatre-baigneuses\" data-image-description=\"<p>femmes prenant un bain de mer<\/p>\" data-image-caption=\"<p>\u00ab\u00a0Quatre baigneuses\u00a0\u00bb 2021 Huile sur bois. 40 x 40 cm<\/p>\" data-large-file=\"https:\/\/i0.wp.com\/thomasgroslier.fr\/wp-content\/uploads\/2022\/08\/2021-05-Quatre-baigneuses-Web.jpg?fit=640%2C630&ssl=1\" class=\"wp-image-12202\" src=\"https:\/\/i0.wp.com\/thomasgroslier.fr\/wp-content\/uploads\/2022\/08\/2021-05-Quatre-baigneuses-Web.jpg?resize=326%2C321&ssl=1\" alt=\"femmes prenant un bain de mer\" width=\"326\" height=\"321\" srcset=\"https:\/\/i0.wp.com\/thomasgroslier.fr\/wp-content\/uploads\/2022\/08\/2021-05-Quatre-baigneuses-Web.jpg?w=860&ssl=1 860w, https:\/\/i0.wp.com\/thomasgroslier.fr\/wp-content\/uploads\/2022\/08\/2021-05-Quatre-baigneuses-Web.jpg?resize=300%2C295&ssl=1 300w, https:\/\/i0.wp.com\/thomasgroslier.fr\/wp-content\/uploads\/2022\/08\/2021-05-Quatre-baigneuses-Web.jpg?resize=768%2C756&ssl=1 768w, https:\/\/i0.wp.com\/thomasgroslier.fr\/wp-content\/uploads\/2022\/08\/2021-05-Quatre-baigneuses-Web.jpg?resize=780%2C768&ssl=1 780w, https:\/\/i0.wp.com\/thomasgroslier.fr\/wp-content\/uploads\/2022\/08\/2021-05-Quatre-baigneuses-Web.jpg?resize=400%2C394&ssl=1 400w\" sizes=\"auto, (max-width: 326px) 100vw, 326px\" \/><\/a><figcaption id=\"caption-attachment-12202\" class=\"wp-caption-text\"><span style=\"font-family: GFS Didot; font-size: 20px;\">2021<\/span><\/figcaption><\/figure>\n<p><span style=\"font-family: GFS Didot; font-size: 20px;\">Encadrement : m\u00e9tal argent mat bross\u00e9<br \/>\n<\/span><\/p>\n<p><span style=\"font-family: GFS Didot; font-size: 20px;\">Peinture \u00e0 l\u2019huile sur <\/span><span style=\"font-family: GFS Didot; font-size: 20px;\">bois de peuplier<br \/>\n<\/span><\/p>\n<p><span style=\"font-family: GFS Didot; font-size: 20px;\">Dimensions : 40 cm x 40 cm X 1,5 cm<\/span><\/p>\n<p><span style=\"font-family: GFS Didot; font-size: 20px;\">Delivery time: 4 to 10 days<\/span><\/p>","protected":false},"excerpt":{"rendered":"<p><span style=\"font-size: 20px;\">2021<\/span><\/p>\n<p><span style=\"font-size: 20px;\">Encadrement : m\u00e9tal argent mat bross\u00e9<\/span><\/p>\n<p><span style=\"font-size: 20px;\">Peinture \u00e0 l&rsquo;huile sur bois de peuplier<\/span><\/p>\n<p><span style=\"font-size: 20px;\">Dimensions : 40 cm x 40 cm X 1,5 cm<\/span><\/p>\n<p><span style=\"font-size: 20px;\">Delivery time: 4 to 10 days<\/span><\/p>\n<p><span style=\"font-size: 20px;\">\u00a0<\/span><\/p>","protected":false},"featured_media":14778,"template":"","meta":{"_themeisle_gutenberg_block_has_review":false,"jetpack_publicize_message":"","jetpack_publicize_feature_enabled":true,"jetpack_social_post_already_shared":true,"jetpack_social_options":{"image_generator_settings":{"template":"highway","default_image_id":0,"font":"","enabled":false},"version":2}},"product_brand":[],"product_cat":[100,50,89],"product_tag":[],"class_list":{"0":"post-14777","1":"product","2":"type-product","3":"status-publish","4":"has-post-thumbnail","6":"product_cat-baigneuse","7":"product_cat-peinture","8":"product_cat-toute-categories","9":"product_shipping_class-envoi-suivi-la-poste","10":"","12":"first","13":"instock","14":"featured","15":"shipping-taxable","16":"purchasable","17":"product-type-simple"},"yoast_head":"<!-- This site is optimized with the Yoast SEO plugin v27.6 - https:\/\/yoast.com\/product\/yoast-seo-wordpress\/ -->\n<title>Quatre baigneuses - galerie en ligne - Groslier<\/title>\n<meta name=\"description\" content=\"Thomas Groslier - Artiste peintre - peinture de Thomas Groslier - P2021 Huile sur bois 40 x 40 cm X 2 cm\" \/>\n<meta name=\"robots\" content=\"index, follow, max-snippet:-1, max-image-preview:large, max-video-preview:-1\" \/>\n<link rel=\"canonical\" href=\"https:\/\/thomasgroslier.fr\/en\/product\/quatre-baigneuses-2\/\" \/>\n<meta property=\"og:locale\" content=\"en_GB\" \/>\n<meta property=\"og:type\" content=\"article\" \/>\n<meta property=\"og:title\" content=\"Quatre baigneuses - galerie en ligne - Groslier\" \/>\n<meta property=\"og:description\" content=\"Thomas Groslier - Artiste peintre - peinture de Thomas Groslier - P2021 Huile sur bois 40 x 40 cm X 2 cm\" \/>\n<meta property=\"og:url\" content=\"https:\/\/thomasgroslier.fr\/en\/product\/quatre-baigneuses-2\/\" \/>\n<meta property=\"og:site_name\" content=\"Thomas Groslier - Artiste peintre\" \/>\n<meta property=\"article:modified_time\" content=\"2026-02-13T12:59:41+00:00\" \/>\n<meta property=\"og:image\" content=\"https:\/\/thomasgroslier.fr\/wp-content\/uploads\/2024\/09\/quatre-baingeuse-encadre-web.jpg\" \/>\n\t<meta property=\"og:image:width\" content=\"850\" \/>\n\t<meta property=\"og:image:height\" content=\"838\" \/>\n\t<meta property=\"og:image:type\" content=\"image\/jpeg\" \/>\n<meta name=\"twitter:card\" content=\"summary_large_image\" \/>\n<meta name=\"twitter:label1\" content=\"Estimated reading time\" \/>\n\t<meta name=\"twitter:data1\" content=\"1 minute\" \/>\n<script type=\"application\/ld+json\" class=\"yoast-schema-graph\">{\"@context\":\"https:\\\/\\\/schema.org\",\"@graph\":[{\"@type\":\"WebPage\",\"@id\":\"https:\\\/\\\/thomasgroslier.fr\\\/produit\\\/quatre-baigneuses-2\\\/\",\"url\":\"https:\\\/\\\/thomasgroslier.fr\\\/produit\\\/quatre-baigneuses-2\\\/\",\"name\":\"Quatre baigneuses - galerie en ligne - Groslier\",\"isPartOf\":{\"@id\":\"https:\\\/\\\/thomasgroslier.fr\\\/#website\"},\"primaryImageOfPage\":{\"@id\":\"https:\\\/\\\/thomasgroslier.fr\\\/produit\\\/quatre-baigneuses-2\\\/#primaryimage\"},\"image\":{\"@id\":\"https:\\\/\\\/thomasgroslier.fr\\\/produit\\\/quatre-baigneuses-2\\\/#primaryimage\"},\"thumbnailUrl\":\"https:\\\/\\\/i0.wp.com\\\/thomasgroslier.fr\\\/wp-content\\\/uploads\\\/2024\\\/09\\\/quatre-baingeuse-encadre-web.jpg?fit=850%2C838&ssl=1\",\"datePublished\":\"2021-09-29T16:15:33+00:00\",\"dateModified\":\"2026-02-13T12:59:41+00:00\",\"description\":\"Thomas Groslier - Artiste peintre - peinture de Thomas Groslier - P2021 Huile sur bois 40 x 40 cm X 2 cm\",\"breadcrumb\":{\"@id\":\"https:\\\/\\\/thomasgroslier.fr\\\/produit\\\/quatre-baigneuses-2\\\/#breadcrumb\"},\"inLanguage\":\"en-GB\",\"potentialAction\":[{\"@type\":\"ReadAction\",\"target\":[\"https:\\\/\\\/thomasgroslier.fr\\\/produit\\\/quatre-baigneuses-2\\\/\"]}]},{\"@type\":\"ImageObject\",\"inLanguage\":\"en-GB\",\"@id\":\"https:\\\/\\\/thomasgroslier.fr\\\/produit\\\/quatre-baigneuses-2\\\/#primaryimage\",\"url\":\"https:\\\/\\\/i0.wp.com\\\/thomasgroslier.fr\\\/wp-content\\\/uploads\\\/2024\\\/09\\\/quatre-baingeuse-encadre-web.jpg?fit=850%2C838&ssl=1\",\"contentUrl\":\"https:\\\/\\\/i0.wp.com\\\/thomasgroslier.fr\\\/wp-content\\\/uploads\\\/2024\\\/09\\\/quatre-baingeuse-encadre-web.jpg?fit=850%2C838&ssl=1\",\"width\":850,\"height\":838,\"caption\":\"\\\"Quatre baigneuses\\\" 2021 Huile sur bois. 40 x 40 cm\"},{\"@type\":\"BreadcrumbList\",\"@id\":\"https:\\\/\\\/thomasgroslier.fr\\\/produit\\\/quatre-baigneuses-2\\\/#breadcrumb\",\"itemListElement\":[{\"@type\":\"ListItem\",\"position\":1,\"name\":\"Accueil\",\"item\":\"https:\\\/\\\/thomasgroslier.fr\\\/\"},{\"@type\":\"ListItem\",\"position\":2,\"name\":\"La boutique\",\"item\":\"https:\\\/\\\/thomasgroslier.fr\\\/la-boutique\\\/\"},{\"@type\":\"ListItem\",\"position\":3,\"name\":\"\u00ab\u00a0Quatre baigneuses\u00a0\u00bb\"}]},{\"@type\":\"WebSite\",\"@id\":\"https:\\\/\\\/thomasgroslier.fr\\\/#website\",\"url\":\"https:\\\/\\\/thomasgroslier.fr\\\/\",\"name\":\"Thomas Groslier - Artiste peintre\",\"description\":\"\",\"publisher\":{\"@id\":\"https:\\\/\\\/thomasgroslier.fr\\\/#organization\"},\"alternateName\":\"Thomas Groslier\",\"potentialAction\":[{\"@type\":\"SearchAction\",\"target\":{\"@type\":\"EntryPoint\",\"urlTemplate\":\"https:\\\/\\\/thomasgroslier.fr\\\/?s={search_term_string}\"},\"query-input\":{\"@type\":\"PropertyValueSpecification\",\"valueRequired\":true,\"valueName\":\"search_term_string\"}}],\"inLanguage\":\"en-GB\"},{\"@type\":\"Organization\",\"@id\":\"https:\\\/\\\/thomasgroslier.fr\\\/#organization\",\"name\":\"Thomas Groslier - Artiste peintre\",\"url\":\"https:\\\/\\\/thomasgroslier.fr\\\/\",\"logo\":{\"@type\":\"ImageObject\",\"inLanguage\":\"en-GB\",\"@id\":\"https:\\\/\\\/thomasgroslier.fr\\\/#\\\/schema\\\/logo\\\/image\\\/\",\"url\":\"https:\\\/\\\/i0.wp.com\\\/thomasgroslier.fr\\\/wp-content\\\/uploads\\\/2018\\\/06\\\/cropped-cropped-cropped-autoportrait-le-soir1.jpg?fit=512%2C512&ssl=1\",\"contentUrl\":\"https:\\\/\\\/i0.wp.com\\\/thomasgroslier.fr\\\/wp-content\\\/uploads\\\/2018\\\/06\\\/cropped-cropped-cropped-autoportrait-le-soir1.jpg?fit=512%2C512&ssl=1\",\"width\":512,\"height\":512,\"caption\":\"Thomas Groslier - Artiste peintre\"},\"image\":{\"@id\":\"https:\\\/\\\/thomasgroslier.fr\\\/#\\\/schema\\\/logo\\\/image\\\/\"}}]}<\/script>\n<!-- \/ Yoast SEO plugin. -->","yoast_head_json":{"title":"Quatre baigneuses - galerie en ligne - Groslier","description":"Thomas Groslier - Artiste peintre - peinture de Thomas Groslier - P2021 Huile sur bois 40 x 40 cm X 2 cm","robots":{"index":"index","follow":"follow","max-snippet":"max-snippet:-1","max-image-preview":"max-image-preview:large","max-video-preview":"max-video-preview:-1"},"canonical":"https:\/\/thomasgroslier.fr\/en\/product\/quatre-baigneuses-2\/","og_locale":"en_GB","og_type":"article","og_title":"Quatre baigneuses - galerie en ligne - Groslier","og_description":"Thomas Groslier - Artiste peintre - peinture de Thomas Groslier - P2021 Huile sur bois 40 x 40 cm X 2 cm","og_url":"https:\/\/thomasgroslier.fr\/en\/product\/quatre-baigneuses-2\/","og_site_name":"Thomas Groslier - Artiste peintre","article_modified_time":"2026-02-13T12:59:41+00:00","og_image":[{"width":850,"height":838,"url":"https:\/\/thomasgroslier.fr\/wp-content\/uploads\/2024\/09\/quatre-baingeuse-encadre-web.jpg","type":"image\/jpeg"}],"twitter_card":"summary_large_image","twitter_misc":{"Estimated reading time":"1 minute"},"schema":{"@context":"https:\/\/schema.org","@graph":[{"@type":"WebPage","@id":"https:\/\/thomasgroslier.fr\/produit\/quatre-baigneuses-2\/","url":"https:\/\/thomasgroslier.fr\/produit\/quatre-baigneuses-2\/","name":"Quatre baigneuses - galerie en ligne - Groslier","isPartOf":{"@id":"https:\/\/thomasgroslier.fr\/#website"},"primaryImageOfPage":{"@id":"https:\/\/thomasgroslier.fr\/produit\/quatre-baigneuses-2\/#primaryimage"},"image":{"@id":"https:\/\/thomasgroslier.fr\/produit\/quatre-baigneuses-2\/#primaryimage"},"thumbnailUrl":"https:\/\/i0.wp.com\/thomasgroslier.fr\/wp-content\/uploads\/2024\/09\/quatre-baingeuse-encadre-web.jpg?fit=850%2C838&ssl=1","datePublished":"2021-09-29T16:15:33+00:00","dateModified":"2026-02-13T12:59:41+00:00","description":"Thomas Groslier - Artiste peintre - peinture de Thomas Groslier - P2021 Huile sur bois 40 x 40 cm X 2 cm","breadcrumb":{"@id":"https:\/\/thomasgroslier.fr\/produit\/quatre-baigneuses-2\/#breadcrumb"},"inLanguage":"en-GB","potentialAction":[{"@type":"ReadAction","target":["https:\/\/thomasgroslier.fr\/produit\/quatre-baigneuses-2\/"]}]},{"@type":"ImageObject","inLanguage":"en-GB","@id":"https:\/\/thomasgroslier.fr\/produit\/quatre-baigneuses-2\/#primaryimage","url":"https:\/\/i0.wp.com\/thomasgroslier.fr\/wp-content\/uploads\/2024\/09\/quatre-baingeuse-encadre-web.jpg?fit=850%2C838&ssl=1","contentUrl":"https:\/\/i0.wp.com\/thomasgroslier.fr\/wp-content\/uploads\/2024\/09\/quatre-baingeuse-encadre-web.jpg?fit=850%2C838&ssl=1","width":850,"height":838,"caption":"\"Quatre baigneuses\" 2021 Huile sur bois. 40 x 40 cm"},{"@type":"BreadcrumbList","@id":"https:\/\/thomasgroslier.fr\/produit\/quatre-baigneuses-2\/#breadcrumb","itemListElement":[{"@type":"ListItem","position":1,"name":"Accueil","item":"https:\/\/thomasgroslier.fr\/"},{"@type":"ListItem","position":2,"name":"La boutique","item":"https:\/\/thomasgroslier.fr\/la-boutique\/"},{"@type":"ListItem","position":3,"name":"\u00ab\u00a0Quatre baigneuses\u00a0\u00bb"}]},{"@type":"WebSite","@id":"https:\/\/thomasgroslier.fr\/#website","url":"https:\/\/thomasgroslier.fr\/","name":"Thomas Groslier - Artiste peintre","description":"","publisher":{"@id":"https:\/\/thomasgroslier.fr\/#organization"},"alternateName":"Thomas Groslier","potentialAction":[{"@type":"SearchAction","target":{"@type":"EntryPoint","urlTemplate":"https:\/\/thomasgroslier.fr\/?s={search_term_string}"},"query-input":{"@type":"PropertyValueSpecification","valueRequired":true,"valueName":"search_term_string"}}],"inLanguage":"en-GB"},{"@type":"Organization","@id":"https:\/\/thomasgroslier.fr\/#organization","name":"Thomas Groslier - Artiste peintre","url":"https:\/\/thomasgroslier.fr\/","logo":{"@type":"ImageObject","inLanguage":"en-GB","@id":"https:\/\/thomasgroslier.fr\/#\/schema\/logo\/image\/","url":"https:\/\/i0.wp.com\/thomasgroslier.fr\/wp-content\/uploads\/2018\/06\/cropped-cropped-cropped-autoportrait-le-soir1.jpg?fit=512%2C512&ssl=1","contentUrl":"https:\/\/i0.wp.com\/thomasgroslier.fr\/wp-content\/uploads\/2018\/06\/cropped-cropped-cropped-autoportrait-le-soir1.jpg?fit=512%2C512&ssl=1","width":512,"height":512,"caption":"Thomas Groslier - Artiste peintre"},"image":{"@id":"https:\/\/thomasgroslier.fr\/#\/schema\/logo\/image\/"}}]}},"jetpack_publicize_connections":[],"jetpack_sharing_enabled":true,"jetpack-related-posts":[{"id":15941,"url":"https:\/\/thomasgroslier.fr\/en\/product\/le-jardin\/","url_meta":{"origin":14777,"position":0},"title":"The garden","author":"T\u00e9g\u00e9","date":"17 November 2020","format":false,"excerpt":"2012 Huile sur toile tendue sur ch\u00e2ssis 73 x 92 cm x 2 cm Encadrement bois noir (82 cm x 101 cm) D\u00e9lais de livraison : 4 \u00e0 10 jours Envoi en Colissimo recommand\u00e9 avec suivi et assurance ad valorem Il y a dans ce jardin quelque chose d\u2019ent\u00eat\u00e9, de\u2026","rel":"","context":"Similar post","block_context":{"text":"Similar post","link":""},"img":{"alt_text":"Peinture \u00e0 l\u2019huile repr\u00e9sentant un jardin clos o\u00f9 un fragment de statue \u2013 un pied monumental \u2013 repose sur un socle, entour\u00e9 de buissons taill\u00e9s, d\u2019un poirier paliss\u00e9 et d\u2019un paysage calme sous un ciel bleu","src":"https:\/\/i0.wp.com\/thomasgroslier.fr\/wp-content\/uploads\/2018\/07\/2012-07-pied-demichel-ange.jpg?fit=887%2C688&ssl=1&resize=350%2C200","width":350,"height":200,"srcset":"https:\/\/i0.wp.com\/thomasgroslier.fr\/wp-content\/uploads\/2018\/07\/2012-07-pied-demichel-ange.jpg?fit=887%2C688&ssl=1&resize=350%2C200 1x, https:\/\/i0.wp.com\/thomasgroslier.fr\/wp-content\/uploads\/2018\/07\/2012-07-pied-demichel-ange.jpg?fit=887%2C688&ssl=1&resize=525%2C300 1.5x, https:\/\/i0.wp.com\/thomasgroslier.fr\/wp-content\/uploads\/2018\/07\/2012-07-pied-demichel-ange.jpg?fit=887%2C688&ssl=1&resize=700%2C400 2x"},"classes":[]},{"id":10360,"url":"https:\/\/thomasgroslier.fr\/en\/product\/jardin-de-nuit\/","url_meta":{"origin":14777,"position":1},"title":"Night garden","author":"T\u00e9g\u00e9","date":"2 April 2014","format":false,"excerpt":"2012 Huile sur toile de lin tendue sur ch\u00e2ssis 60 cm x 73 cm X 2 cm D\u00e9lais de livraison : 4 \u00e0 10 jours \u00a0 \u00a0","rel":"","context":"Similar post","block_context":{"text":"Similar post","link":""},"img":{"alt_text":"Jardin de nuit","src":"https:\/\/i0.wp.com\/thomasgroslier.fr\/wp-content\/uploads\/2018\/07\/11-2012automnejardinnuitlum.jpg?fit=709%2C579&ssl=1&resize=350%2C200","width":350,"height":200,"srcset":"https:\/\/i0.wp.com\/thomasgroslier.fr\/wp-content\/uploads\/2018\/07\/11-2012automnejardinnuitlum.jpg?fit=709%2C579&ssl=1&resize=350%2C200 1x, https:\/\/i0.wp.com\/thomasgroslier.fr\/wp-content\/uploads\/2018\/07\/11-2012automnejardinnuitlum.jpg?fit=709%2C579&ssl=1&resize=525%2C300 1.5x, https:\/\/i0.wp.com\/thomasgroslier.fr\/wp-content\/uploads\/2018\/07\/11-2012automnejardinnuitlum.jpg?fit=709%2C579&ssl=1&resize=700%2C400 2x"},"classes":[]},{"id":14958,"url":"https:\/\/thomasgroslier.fr\/en\/product\/au-jardin-2\/","url_meta":{"origin":14777,"position":2},"title":"Au jardin (2)","author":"T\u00e9g\u00e9","date":"26 October 2010","format":false,"excerpt":"Temp\u00e9ra \u00e0 l'\u0153uf sur toile 27 x 22 x 1,5 cm Sign\u00e9e au dos \u00a0Paiement s\u00e9curis\u00e9 D\u00e9lais de livraison : 4 \u00e0 10 jours \u00a0 \u00a0","rel":"","context":"Similar post","block_context":{"text":"Similar post","link":""},"img":{"alt_text":"Au jardin - Groslier Thomas, peinture","src":"https:\/\/i0.wp.com\/thomasgroslier.fr\/wp-content\/uploads\/2024\/10\/2010-05-au-jardin-WEB.jpg?fit=956%2C1200&ssl=1&resize=350%2C200","width":350,"height":200,"srcset":"https:\/\/i0.wp.com\/thomasgroslier.fr\/wp-content\/uploads\/2024\/10\/2010-05-au-jardin-WEB.jpg?fit=956%2C1200&ssl=1&resize=350%2C200 1x, https:\/\/i0.wp.com\/thomasgroslier.fr\/wp-content\/uploads\/2024\/10\/2010-05-au-jardin-WEB.jpg?fit=956%2C1200&ssl=1&resize=525%2C300 1.5x, https:\/\/i0.wp.com\/thomasgroslier.fr\/wp-content\/uploads\/2024\/10\/2010-05-au-jardin-WEB.jpg?fit=956%2C1200&ssl=1&resize=700%2C400 2x"},"classes":[]},{"id":14828,"url":"https:\/\/thomasgroslier.fr\/en\/product\/baigneuses-4\/","url_meta":{"origin":14777,"position":3},"title":"\u201cBathers\u201d","author":"T\u00e9g\u00e9","date":"1 October 2024","format":false,"excerpt":"2024 Gravure \u00e0 l'eau forte \u00a0Papier V\u00e9lin d'Arches 250 g\/m2 \u00c9preuve d'artiste, 7 exemplaires disponibles, num\u00e9rot\u00e9s de 1 \u00e0 7 Dimensions du papier = 30 x 40 cm Dimension de l'image = 20 x 30 cm \u0152uvre sign\u00e9e, dat\u00e9e, titr\u00e9e D\u00e9lais de livraison : 4 \u00e0 10 jours","rel":"","context":"Similar post","block_context":{"text":"Similar post","link":""},"img":{"alt_text":"Femme prenant un bain de soleil - Groslier, peinture","src":"https:\/\/i0.wp.com\/thomasgroslier.fr\/wp-content\/uploads\/2024\/10\/2024-08.baigneuses-2-web-1.jpg?fit=1134%2C848&ssl=1&resize=350%2C200","width":350,"height":200,"srcset":"https:\/\/i0.wp.com\/thomasgroslier.fr\/wp-content\/uploads\/2024\/10\/2024-08.baigneuses-2-web-1.jpg?fit=1134%2C848&ssl=1&resize=350%2C200 1x, https:\/\/i0.wp.com\/thomasgroslier.fr\/wp-content\/uploads\/2024\/10\/2024-08.baigneuses-2-web-1.jpg?fit=1134%2C848&ssl=1&resize=525%2C300 1.5x, https:\/\/i0.wp.com\/thomasgroslier.fr\/wp-content\/uploads\/2024\/10\/2024-08.baigneuses-2-web-1.jpg?fit=1134%2C848&ssl=1&resize=700%2C400 2x, https:\/\/i0.wp.com\/thomasgroslier.fr\/wp-content\/uploads\/2024\/10\/2024-08.baigneuses-2-web-1.jpg?fit=1134%2C848&ssl=1&resize=1050%2C600 3x"},"classes":[]},{"id":15946,"url":"https:\/\/thomasgroslier.fr\/en\/product\/clair-de-lune\/","url_meta":{"origin":14777,"position":4},"title":"\"Moonlight\"","author":"T\u00e9g\u00e9","date":"26 November 2019","format":false,"excerpt":"2014 Huile sur toile tendue sur ch\u00e2ssis 30 x 40 cm x 2 cm \u00a0 \u00a0","rel":"","context":"Similar post","block_context":{"text":"Similar post","link":""},"img":{"alt_text":"Femme dans un paysage Peinture contemporaine","src":"https:\/\/i0.wp.com\/thomasgroslier.fr\/wp-content\/uploads\/2025\/11\/2014-02.ainsi-la-lune-.jpg?fit=850%2C640&ssl=1&resize=350%2C200","width":350,"height":200,"srcset":"https:\/\/i0.wp.com\/thomasgroslier.fr\/wp-content\/uploads\/2025\/11\/2014-02.ainsi-la-lune-.jpg?fit=850%2C640&ssl=1&resize=350%2C200 1x, https:\/\/i0.wp.com\/thomasgroslier.fr\/wp-content\/uploads\/2025\/11\/2014-02.ainsi-la-lune-.jpg?fit=850%2C640&ssl=1&resize=525%2C300 1.5x, https:\/\/i0.wp.com\/thomasgroslier.fr\/wp-content\/uploads\/2025\/11\/2014-02.ainsi-la-lune-.jpg?fit=850%2C640&ssl=1&resize=700%2C400 2x"},"classes":[]},{"id":16107,"url":"https:\/\/thomasgroslier.fr\/en\/product\/promenade-a-saint-palais\/","url_meta":{"origin":14777,"position":5},"title":"Walk in Saint-Palais","author":"T\u00e9g\u00e9","date":"15 January 2026","format":false,"excerpt":"Technique : cas\u00e9ine et temp\u00e9ra \u00e0 l'\u0153uf sur panneau de peuplier Vernis - Satin\u00e9 brillant Dimensions : 40 cm x 50 cm x 1 cm \u00a0 \u00a0 \u00a0","rel":"","context":"Similar post","block_context":{"text":"Similar post","link":""},"img":{"alt_text":"","src":"https:\/\/i0.wp.com\/thomasgroslier.fr\/wp-content\/uploads\/2026\/01\/Promenade-a-saint-palais-cadre-web.jpg?fit=850%2C691&ssl=1&resize=350%2C200","width":350,"height":200,"srcset":"https:\/\/i0.wp.com\/thomasgroslier.fr\/wp-content\/uploads\/2026\/01\/Promenade-a-saint-palais-cadre-web.jpg?fit=850%2C691&ssl=1&resize=350%2C200 1x, https:\/\/i0.wp.com\/thomasgroslier.fr\/wp-content\/uploads\/2026\/01\/Promenade-a-saint-palais-cadre-web.jpg?fit=850%2C691&ssl=1&resize=525%2C300 1.5x, https:\/\/i0.wp.com\/thomasgroslier.fr\/wp-content\/uploads\/2026\/01\/Promenade-a-saint-palais-cadre-web.jpg?fit=850%2C691&ssl=1&resize=700%2C400 2x"},"classes":[]}],"jetpack_likes_enabled":true,"_links":{"self":[{"href":"https:\/\/thomasgroslier.fr\/en\/wp-json\/wp\/v2\/product\/14777","targetHints":{"allow":["GET"]}}],"collection":[{"href":"https:\/\/thomasgroslier.fr\/en\/wp-json\/wp\/v2\/product"}],"about":[{"href":"https:\/\/thomasgroslier.fr\/en\/wp-json\/wp\/v2\/types\/product"}],"wp:featuredmedia":[{"embeddable":true,"href":"https:\/\/thomasgroslier.fr\/en\/wp-json\/wp\/v2\/media\/14778"}],"wp:attachment":[{"href":"https:\/\/thomasgroslier.fr\/en\/wp-json\/wp\/v2\/media?parent=14777"}],"wp:term":[{"taxonomy":"product_brand","embeddable":true,"href":"https:\/\/thomasgroslier.fr\/en\/wp-json\/wp\/v2\/product_brand?post=14777"},{"taxonomy":"product_cat","embeddable":true,"href":"https:\/\/thomasgroslier.fr\/en\/wp-json\/wp\/v2\/product_cat?post=14777"},{"taxonomy":"product_tag","embeddable":true,"href":"https:\/\/thomasgroslier.fr\/en\/wp-json\/wp\/v2\/product_tag?post=14777"}],"curies":[{"name":"wp","href":"https:\/\/api.w.org\/{rel}","templated":true}]}}