{"id":14821,"date":"2024-10-02T10:26:03","date_gmt":"2024-10-02T08:26:03","guid":{"rendered":"https:\/\/thomasgroslier.fr\/?post_type=product&#038;p=14821"},"modified":"2026-01-25T18:36:56","modified_gmt":"2026-01-25T17:36:56","slug":"baigneuses-3","status":"publish","type":"product","link":"https:\/\/thomasgroslier.fr\/en\/product\/baigneuses-3\/","title":{"rendered":"Bathers (Etching No. 2)"},"content":{"rendered":"<figure id=\"attachment_14910\" aria-describedby=\"caption-attachment-14910\" style=\"width: 343px\" class=\"wp-caption alignnone\"><a href=\"https:\/\/thomasgroslier.fr\/en\/baigneuses-2024\/\" rel=\"attachment wp-att-14910\"><img data-recalc-dims=\"1\" loading=\"lazy\" decoding=\"async\" data-attachment-id=\"14910\" data-permalink=\"https:\/\/thomasgroslier.fr\/en\/?attachment_id=14910\" data-orig-file=\"https:\/\/i0.wp.com\/thomasgroslier.fr\/wp-content\/uploads\/2024\/10\/baigneuses-2024.jpg?fit=541%2C709&ssl=1\" data-orig-size=\"541,709\" data-comments-opened=\"0\" data-image-meta=\"{&quot;aperture&quot;:&quot;0&quot;,&quot;credit&quot;:&quot;&quot;,&quot;camera&quot;:&quot;&quot;,&quot;caption&quot;:&quot;&quot;,&quot;created_timestamp&quot;:&quot;0&quot;,&quot;copyright&quot;:&quot;&quot;,&quot;focal_length&quot;:&quot;0&quot;,&quot;iso&quot;:&quot;0&quot;,&quot;shutter_speed&quot;:&quot;0&quot;,&quot;title&quot;:&quot;&quot;,&quot;orientation&quot;:&quot;0&quot;}\" data-image-title=\"baigneuses-2024\" data-image-description=\"\" data-image-caption=\"<p>Baigneuses<\/p>\" data-large-file=\"https:\/\/i0.wp.com\/thomasgroslier.fr\/wp-content\/uploads\/2024\/10\/baigneuses-2024.jpg?fit=541%2C709&ssl=1\" class=\"wp-image-14910\" src=\"https:\/\/i0.wp.com\/thomasgroslier.fr\/wp-content\/uploads\/2024\/10\/baigneuses-2024.jpg?resize=343%2C450&ssl=1\" alt=\"tableau contemporain de nu artistique f\u00e9minin\" width=\"343\" height=\"450\" srcset=\"https:\/\/i0.wp.com\/thomasgroslier.fr\/wp-content\/uploads\/2024\/10\/baigneuses-2024.jpg?w=541&ssl=1 541w, https:\/\/i0.wp.com\/thomasgroslier.fr\/wp-content\/uploads\/2024\/10\/baigneuses-2024.jpg?resize=229%2C300&ssl=1 229w, https:\/\/i0.wp.com\/thomasgroslier.fr\/wp-content\/uploads\/2024\/10\/baigneuses-2024.jpg?resize=400%2C524&ssl=1 400w\" sizes=\"auto, (max-width: 343px) 100vw, 343px\" \/><\/a><figcaption id=\"caption-attachment-14910\" class=\"wp-caption-text\">\u201cBathers\u201d<\/figcaption><\/figure>\n<p>\u00a0<\/p>\n<p><span style=\"font-family: GFS Didot; font-size: 20px;\">\u00ab\u00a0Baigneuses\u00a0\u00bb<\/span><\/p>\n<p><span style=\"font-size: 20px;\">2024<\/span><\/p>\n<p><span style=\"font-size: 20px;\">Gravure \u00e0 l\u2019eau forte<\/span><\/p>\n<p><span style=\"font-size: 20px;\">Options: available framed under glass or unframed.<\/span><\/p>\n<p><span style=\"font-size: 20px;\">Support : papier V\u00e9lin d\u2019Arches 250 g\/m2<\/span><\/p>\n<p><span style=\"font-size: 20px;\">\u00c9preuve d\u2019artiste, 7 exemplaires disponibles num\u00e9rot\u00e9s de 1 \u00e0 7<\/span><\/p>\n<p><span style=\"font-size: 20px;\">Paper size: 24 \u00d7 18 cm.<\/span><\/p>\n<p><span style=\"font-size: 20px;\">Frame size: 26 \u00d7 20 cm.<\/span><\/p>\n<p>\u00a0<\/p>","protected":false},"excerpt":{"rendered":"<p><span style=\"font-size: 20px;\">2024<\/span><\/p>\n<p><span style=\"font-size: 20px;\">etching print<\/span><\/p>\n<p><span style=\"font-size: 20px;\">Options: available framed under glass or unframed.<\/span><\/p>\n<p><span style=\"font-size: 20px;\">Frame size: 26 \u00d7 20 cm.<\/span><\/p>\n<p><span style=\"font-size: 20px;\">Support : papier V\u00e9lin d&rsquo;Arches 250 g\/m2<\/span><\/p>\n<p><span style=\"font-size: 20px;\">Artist\u2019s proof, 7 copies available, numbered 1 to 7.<\/span><\/p>\n<p><span style=\"font-size: 20px;\">Paper size: 24 \u00d7 18 cm.<\/span><\/p>\n<p><span style=\"font-size: 20px;\">Image size: 17.5 \u00d7 13 cm.<\/span><\/p>\n<p><span style=\"font-size: 20px;\">Signed, dated, and titled.<\/span><\/p>\n<p><span style=\"font-size: 20px;\">Delivery time: 4 to 10 days<\/span><\/p>","protected":false},"featured_media":14827,"template":"","meta":{"_themeisle_gutenberg_block_has_review":false,"jetpack_publicize_message":"","jetpack_publicize_feature_enabled":true,"jetpack_social_post_already_shared":true,"jetpack_social_options":{"image_generator_settings":{"template":"highway","default_image_id":0,"font":"","enabled":false},"version":2}},"product_brand":[],"product_cat":[100,92,89],"product_tag":[],"class_list":{"0":"post-14821","1":"product","2":"type-product","3":"status-publish","4":"has-post-thumbnail","6":"product_cat-baigneuse","7":"product_cat-gravure","8":"product_cat-toute-categories","9":"product_shipping_class-envoi-suivi-la-poste","10":"","12":"first","13":"instock","14":"shipping-taxable","15":"purchasable","16":"product-type-variable"},"yoast_head":"<!-- This site is optimized with the Yoast SEO plugin v27.6 - https:\/\/yoast.com\/product\/yoast-seo-wordpress\/ -->\n<title>Baigneuses-gravure 2 - Thomas Groslier - Artiste peintre<\/title>\n<meta name=\"description\" content=\"Thomas Groslier - Artiste peintre - Baigneuses-gravure 2 Baigneuses - gravure \u00e0 l&#039;eau-forte sur papier 180g\/m2\" \/>\n<meta name=\"robots\" content=\"index, follow, max-snippet:-1, max-image-preview:large, max-video-preview:-1\" \/>\n<link rel=\"canonical\" href=\"https:\/\/thomasgroslier.fr\/en\/product\/baigneuses-3\/\" \/>\n<meta property=\"og:locale\" content=\"en_GB\" \/>\n<meta property=\"og:type\" content=\"article\" \/>\n<meta property=\"og:title\" content=\"Baigneuses-gravure 2 - Thomas Groslier - Artiste peintre\" \/>\n<meta property=\"og:description\" content=\"Thomas Groslier - Artiste peintre - Baigneuses-gravure 2 Baigneuses - gravure \u00e0 l&#039;eau-forte sur papier 180g\/m2\" \/>\n<meta property=\"og:url\" content=\"https:\/\/thomasgroslier.fr\/en\/product\/baigneuses-3\/\" \/>\n<meta property=\"og:site_name\" content=\"Thomas Groslier - Artiste peintre\" \/>\n<meta property=\"article:modified_time\" content=\"2026-01-25T17:36:56+00:00\" \/>\n<meta property=\"og:image\" content=\"https:\/\/thomasgroslier.fr\/wp-content\/uploads\/2024\/10\/2024-08.baigneuses-web-1.jpg\" \/>\n\t<meta property=\"og:image:width\" content=\"476\" \/>\n\t<meta property=\"og:image:height\" content=\"651\" \/>\n\t<meta property=\"og:image:type\" content=\"image\/jpeg\" \/>\n<meta name=\"twitter:card\" content=\"summary_large_image\" \/>\n<meta name=\"twitter:label1\" content=\"Estimated reading time\" \/>\n\t<meta name=\"twitter:data1\" content=\"1 minute\" \/>\n<script type=\"application\/ld+json\" class=\"yoast-schema-graph\">{\"@context\":\"https:\\\/\\\/schema.org\",\"@graph\":[{\"@type\":\"WebPage\",\"@id\":\"https:\\\/\\\/thomasgroslier.fr\\\/produit\\\/baigneuses-3\\\/\",\"url\":\"https:\\\/\\\/thomasgroslier.fr\\\/produit\\\/baigneuses-3\\\/\",\"name\":\"Baigneuses-gravure 2 - Thomas Groslier - Artiste peintre\",\"isPartOf\":{\"@id\":\"https:\\\/\\\/thomasgroslier.fr\\\/#website\"},\"primaryImageOfPage\":{\"@id\":\"https:\\\/\\\/thomasgroslier.fr\\\/produit\\\/baigneuses-3\\\/#primaryimage\"},\"image\":{\"@id\":\"https:\\\/\\\/thomasgroslier.fr\\\/produit\\\/baigneuses-3\\\/#primaryimage\"},\"thumbnailUrl\":\"https:\\\/\\\/i0.wp.com\\\/thomasgroslier.fr\\\/wp-content\\\/uploads\\\/2024\\\/10\\\/2024-08.baigneuses-web-1.jpg?fit=476%2C651&ssl=1\",\"datePublished\":\"2024-10-02T08:26:03+00:00\",\"dateModified\":\"2026-01-25T17:36:56+00:00\",\"description\":\"Thomas Groslier - Artiste peintre - Baigneuses-gravure 2 Baigneuses - gravure \u00e0 l'eau-forte sur papier 180g\\\/m2\",\"breadcrumb\":{\"@id\":\"https:\\\/\\\/thomasgroslier.fr\\\/produit\\\/baigneuses-3\\\/#breadcrumb\"},\"inLanguage\":\"en-GB\",\"potentialAction\":[{\"@type\":\"ReadAction\",\"target\":[\"https:\\\/\\\/thomasgroslier.fr\\\/produit\\\/baigneuses-3\\\/\"]}]},{\"@type\":\"ImageObject\",\"inLanguage\":\"en-GB\",\"@id\":\"https:\\\/\\\/thomasgroslier.fr\\\/produit\\\/baigneuses-3\\\/#primaryimage\",\"url\":\"https:\\\/\\\/i0.wp.com\\\/thomasgroslier.fr\\\/wp-content\\\/uploads\\\/2024\\\/10\\\/2024-08.baigneuses-web-1.jpg?fit=476%2C651&ssl=1\",\"contentUrl\":\"https:\\\/\\\/i0.wp.com\\\/thomasgroslier.fr\\\/wp-content\\\/uploads\\\/2024\\\/10\\\/2024-08.baigneuses-web-1.jpg?fit=476%2C651&ssl=1\",\"width\":476,\"height\":651,\"caption\":\"\\\"Baigneuses\\\" 2024 Gravure \u00e0 l'eau forte 24 x 18 cm\"},{\"@type\":\"BreadcrumbList\",\"@id\":\"https:\\\/\\\/thomasgroslier.fr\\\/produit\\\/baigneuses-3\\\/#breadcrumb\",\"itemListElement\":[{\"@type\":\"ListItem\",\"position\":1,\"name\":\"Accueil\",\"item\":\"https:\\\/\\\/thomasgroslier.fr\\\/\"},{\"@type\":\"ListItem\",\"position\":2,\"name\":\"La boutique\",\"item\":\"https:\\\/\\\/thomasgroslier.fr\\\/la-boutique\\\/\"},{\"@type\":\"ListItem\",\"position\":3,\"name\":\"Baigneuses-gravure 2\"}]},{\"@type\":\"WebSite\",\"@id\":\"https:\\\/\\\/thomasgroslier.fr\\\/#website\",\"url\":\"https:\\\/\\\/thomasgroslier.fr\\\/\",\"name\":\"Thomas Groslier - Artiste peintre\",\"description\":\"\",\"publisher\":{\"@id\":\"https:\\\/\\\/thomasgroslier.fr\\\/#organization\"},\"alternateName\":\"Thomas Groslier\",\"potentialAction\":[{\"@type\":\"SearchAction\",\"target\":{\"@type\":\"EntryPoint\",\"urlTemplate\":\"https:\\\/\\\/thomasgroslier.fr\\\/?s={search_term_string}\"},\"query-input\":{\"@type\":\"PropertyValueSpecification\",\"valueRequired\":true,\"valueName\":\"search_term_string\"}}],\"inLanguage\":\"en-GB\"},{\"@type\":\"Organization\",\"@id\":\"https:\\\/\\\/thomasgroslier.fr\\\/#organization\",\"name\":\"Thomas Groslier - Artiste peintre\",\"url\":\"https:\\\/\\\/thomasgroslier.fr\\\/\",\"logo\":{\"@type\":\"ImageObject\",\"inLanguage\":\"en-GB\",\"@id\":\"https:\\\/\\\/thomasgroslier.fr\\\/#\\\/schema\\\/logo\\\/image\\\/\",\"url\":\"https:\\\/\\\/i0.wp.com\\\/thomasgroslier.fr\\\/wp-content\\\/uploads\\\/2018\\\/06\\\/cropped-cropped-cropped-autoportrait-le-soir1.jpg?fit=512%2C512&ssl=1\",\"contentUrl\":\"https:\\\/\\\/i0.wp.com\\\/thomasgroslier.fr\\\/wp-content\\\/uploads\\\/2018\\\/06\\\/cropped-cropped-cropped-autoportrait-le-soir1.jpg?fit=512%2C512&ssl=1\",\"width\":512,\"height\":512,\"caption\":\"Thomas Groslier - Artiste peintre\"},\"image\":{\"@id\":\"https:\\\/\\\/thomasgroslier.fr\\\/#\\\/schema\\\/logo\\\/image\\\/\"}}]}<\/script>\n<!-- \/ Yoast SEO plugin. -->","yoast_head_json":{"title":"Baigneuses-gravure 2 - Thomas Groslier - Artiste peintre","description":"Thomas Groslier - Artiste peintre - Baigneuses-gravure 2 Baigneuses - gravure \u00e0 l'eau-forte sur papier 180g\/m2","robots":{"index":"index","follow":"follow","max-snippet":"max-snippet:-1","max-image-preview":"max-image-preview:large","max-video-preview":"max-video-preview:-1"},"canonical":"https:\/\/thomasgroslier.fr\/en\/product\/baigneuses-3\/","og_locale":"en_GB","og_type":"article","og_title":"Baigneuses-gravure 2 - Thomas Groslier - Artiste peintre","og_description":"Thomas Groslier - Artiste peintre - Baigneuses-gravure 2 Baigneuses - gravure \u00e0 l'eau-forte sur papier 180g\/m2","og_url":"https:\/\/thomasgroslier.fr\/en\/product\/baigneuses-3\/","og_site_name":"Thomas Groslier - Artiste peintre","article_modified_time":"2026-01-25T17:36:56+00:00","og_image":[{"width":476,"height":651,"url":"https:\/\/thomasgroslier.fr\/wp-content\/uploads\/2024\/10\/2024-08.baigneuses-web-1.jpg","type":"image\/jpeg"}],"twitter_card":"summary_large_image","twitter_misc":{"Estimated reading time":"1 minute"},"schema":{"@context":"https:\/\/schema.org","@graph":[{"@type":"WebPage","@id":"https:\/\/thomasgroslier.fr\/produit\/baigneuses-3\/","url":"https:\/\/thomasgroslier.fr\/produit\/baigneuses-3\/","name":"Baigneuses-gravure 2 - Thomas Groslier - Artiste peintre","isPartOf":{"@id":"https:\/\/thomasgroslier.fr\/#website"},"primaryImageOfPage":{"@id":"https:\/\/thomasgroslier.fr\/produit\/baigneuses-3\/#primaryimage"},"image":{"@id":"https:\/\/thomasgroslier.fr\/produit\/baigneuses-3\/#primaryimage"},"thumbnailUrl":"https:\/\/i0.wp.com\/thomasgroslier.fr\/wp-content\/uploads\/2024\/10\/2024-08.baigneuses-web-1.jpg?fit=476%2C651&ssl=1","datePublished":"2024-10-02T08:26:03+00:00","dateModified":"2026-01-25T17:36:56+00:00","description":"Thomas Groslier - Artiste peintre - Baigneuses-gravure 2 Baigneuses - gravure \u00e0 l'eau-forte sur papier 180g\/m2","breadcrumb":{"@id":"https:\/\/thomasgroslier.fr\/produit\/baigneuses-3\/#breadcrumb"},"inLanguage":"en-GB","potentialAction":[{"@type":"ReadAction","target":["https:\/\/thomasgroslier.fr\/produit\/baigneuses-3\/"]}]},{"@type":"ImageObject","inLanguage":"en-GB","@id":"https:\/\/thomasgroslier.fr\/produit\/baigneuses-3\/#primaryimage","url":"https:\/\/i0.wp.com\/thomasgroslier.fr\/wp-content\/uploads\/2024\/10\/2024-08.baigneuses-web-1.jpg?fit=476%2C651&ssl=1","contentUrl":"https:\/\/i0.wp.com\/thomasgroslier.fr\/wp-content\/uploads\/2024\/10\/2024-08.baigneuses-web-1.jpg?fit=476%2C651&ssl=1","width":476,"height":651,"caption":"\"Baigneuses\" 2024 Gravure \u00e0 l'eau forte 24 x 18 cm"},{"@type":"BreadcrumbList","@id":"https:\/\/thomasgroslier.fr\/produit\/baigneuses-3\/#breadcrumb","itemListElement":[{"@type":"ListItem","position":1,"name":"Accueil","item":"https:\/\/thomasgroslier.fr\/"},{"@type":"ListItem","position":2,"name":"La boutique","item":"https:\/\/thomasgroslier.fr\/la-boutique\/"},{"@type":"ListItem","position":3,"name":"Baigneuses-gravure 2"}]},{"@type":"WebSite","@id":"https:\/\/thomasgroslier.fr\/#website","url":"https:\/\/thomasgroslier.fr\/","name":"Thomas Groslier - Artiste peintre","description":"","publisher":{"@id":"https:\/\/thomasgroslier.fr\/#organization"},"alternateName":"Thomas Groslier","potentialAction":[{"@type":"SearchAction","target":{"@type":"EntryPoint","urlTemplate":"https:\/\/thomasgroslier.fr\/?s={search_term_string}"},"query-input":{"@type":"PropertyValueSpecification","valueRequired":true,"valueName":"search_term_string"}}],"inLanguage":"en-GB"},{"@type":"Organization","@id":"https:\/\/thomasgroslier.fr\/#organization","name":"Thomas Groslier - Artiste peintre","url":"https:\/\/thomasgroslier.fr\/","logo":{"@type":"ImageObject","inLanguage":"en-GB","@id":"https:\/\/thomasgroslier.fr\/#\/schema\/logo\/image\/","url":"https:\/\/i0.wp.com\/thomasgroslier.fr\/wp-content\/uploads\/2018\/06\/cropped-cropped-cropped-autoportrait-le-soir1.jpg?fit=512%2C512&ssl=1","contentUrl":"https:\/\/i0.wp.com\/thomasgroslier.fr\/wp-content\/uploads\/2018\/06\/cropped-cropped-cropped-autoportrait-le-soir1.jpg?fit=512%2C512&ssl=1","width":512,"height":512,"caption":"Thomas Groslier - Artiste peintre"},"image":{"@id":"https:\/\/thomasgroslier.fr\/#\/schema\/logo\/image\/"}}]}},"jetpack_publicize_connections":[],"jetpack_sharing_enabled":true,"jetpack-related-posts":[{"id":14828,"url":"https:\/\/thomasgroslier.fr\/en\/product\/baigneuses-4\/","url_meta":{"origin":14821,"position":0},"title":"\u201cBathers\u201d","author":"T\u00e9g\u00e9","date":"1 October 2024","format":false,"excerpt":"2024 Gravure \u00e0 l'eau forte \u00a0Papier V\u00e9lin d'Arches 250 g\/m2 \u00c9preuve d'artiste, 7 exemplaires disponibles, num\u00e9rot\u00e9s de 1 \u00e0 7 Dimensions du papier = 30 x 40 cm Dimension de l'image = 20 x 30 cm \u0152uvre sign\u00e9e, dat\u00e9e, titr\u00e9e D\u00e9lais de livraison : 4 \u00e0 10 jours","rel":"","context":"Similar post","block_context":{"text":"Similar post","link":""},"img":{"alt_text":"Femme prenant un bain de soleil - Groslier, peinture","src":"https:\/\/i0.wp.com\/thomasgroslier.fr\/wp-content\/uploads\/2024\/10\/2024-08.baigneuses-2-web-1.jpg?fit=1134%2C848&ssl=1&resize=350%2C200","width":350,"height":200,"srcset":"https:\/\/i0.wp.com\/thomasgroslier.fr\/wp-content\/uploads\/2024\/10\/2024-08.baigneuses-2-web-1.jpg?fit=1134%2C848&ssl=1&resize=350%2C200 1x, https:\/\/i0.wp.com\/thomasgroslier.fr\/wp-content\/uploads\/2024\/10\/2024-08.baigneuses-2-web-1.jpg?fit=1134%2C848&ssl=1&resize=525%2C300 1.5x, https:\/\/i0.wp.com\/thomasgroslier.fr\/wp-content\/uploads\/2024\/10\/2024-08.baigneuses-2-web-1.jpg?fit=1134%2C848&ssl=1&resize=700%2C400 2x, https:\/\/i0.wp.com\/thomasgroslier.fr\/wp-content\/uploads\/2024\/10\/2024-08.baigneuses-2-web-1.jpg?fit=1134%2C848&ssl=1&resize=1050%2C600 3x"},"classes":[]},{"id":14962,"url":"https:\/\/thomasgroslier.fr\/en\/product\/vases-nocturnes-2\/","url_meta":{"origin":14821,"position":1},"title":"Nocturnal vases","author":"T\u00e9g\u00e9","date":"29 October 1993","format":false,"excerpt":"1993 Gravure \u00e0 l'eau forte. \u00c9preuve d'artiste 3 exemplaires disponibles Technique : gravure \u00e0 l'eau forte Sur papier V\u00e9lin d'Arches 250 g\/m2 Dimensions du papier = 21,7 x 21,5 cm Dimension de l'image = 19,5 x 20,5 cm D\u00e9lais de livraison : 4 \u00e0 10 jours \u00a0 \u00a0","rel":"","context":"Similar post","block_context":{"text":"Similar post","link":""},"img":{"alt_text":"Gravure \u00e0 l'eau-forte contemporaine","src":"https:\/\/i0.wp.com\/thomasgroslier.fr\/wp-content\/uploads\/2024\/10\/1993-08.vases-nocturnes-2-web-e1741601555689.jpg?fit=908%2C908&ssl=1&resize=350%2C200","width":350,"height":200,"srcset":"https:\/\/i0.wp.com\/thomasgroslier.fr\/wp-content\/uploads\/2024\/10\/1993-08.vases-nocturnes-2-web-e1741601555689.jpg?fit=908%2C908&ssl=1&resize=350%2C200 1x, https:\/\/i0.wp.com\/thomasgroslier.fr\/wp-content\/uploads\/2024\/10\/1993-08.vases-nocturnes-2-web-e1741601555689.jpg?fit=908%2C908&ssl=1&resize=525%2C300 1.5x, https:\/\/i0.wp.com\/thomasgroslier.fr\/wp-content\/uploads\/2024\/10\/1993-08.vases-nocturnes-2-web-e1741601555689.jpg?fit=908%2C908&ssl=1&resize=700%2C400 2x"},"classes":[]},{"id":14963,"url":"https:\/\/thomasgroslier.fr\/en\/product\/vases-nocturnes-2-2\/","url_meta":{"origin":14821,"position":2},"title":"Night Vases 2","author":"T\u00e9g\u00e9","date":"30 October 1993","format":false,"excerpt":"1993 \u00c9preuve d'artiste Deuxi\u00e8me \u00e9tat 2 exemplaires disponibles Technique : gravure \u00e0 l'eau forte et aquatinte Sur papier V\u00e9lin d'Arches 250 g\/m2 Dimensions du papier = 21,7 x 21,5 cm Dimension de l'image = 19,5 x 20,5 cm Sign\u00e9e, dat\u00e9e, titr\u00e9e D\u00e9lais de livraison : 4 \u00e0 10 jours \u00a0\u2026","rel":"","context":"Similar post","block_context":{"text":"Similar post","link":""},"img":{"alt_text":"Gravure \u00e0 l'eau-forte - Groslier","src":"https:\/\/i0.wp.com\/thomasgroslier.fr\/wp-content\/uploads\/2024\/10\/1993-08.Vases-nocturnes-2-web-1.jpg?fit=992%2C928&ssl=1&resize=350%2C200","width":350,"height":200,"srcset":"https:\/\/i0.wp.com\/thomasgroslier.fr\/wp-content\/uploads\/2024\/10\/1993-08.Vases-nocturnes-2-web-1.jpg?fit=992%2C928&ssl=1&resize=350%2C200 1x, https:\/\/i0.wp.com\/thomasgroslier.fr\/wp-content\/uploads\/2024\/10\/1993-08.Vases-nocturnes-2-web-1.jpg?fit=992%2C928&ssl=1&resize=525%2C300 1.5x, https:\/\/i0.wp.com\/thomasgroslier.fr\/wp-content\/uploads\/2024\/10\/1993-08.Vases-nocturnes-2-web-1.jpg?fit=992%2C928&ssl=1&resize=700%2C400 2x"},"classes":[]},{"id":15754,"url":"https:\/\/thomasgroslier.fr\/en\/product\/le-rouge-a-levres\/","url_meta":{"origin":14821,"position":3},"title":"\"Lipstick\"","author":"T\u00e9g\u00e9","date":"26 September 2025","format":false,"excerpt":"\"Le rouge \u00e0 l\u00e8vres\" 2025 Huile sur toile 55 x 46 cm Options : disponible encadr\u00e9e (cadre bois argent\u00e9 et biseaut\u00e9 66 x 53 cm) : + 100 \u20ac, ou non encadr\u00e9e Envoi en Colissimo recommand\u00e9 avec suivi et assurance ad valorem","rel":"","context":"Similar post","block_context":{"text":"Similar post","link":""},"img":{"alt_text":"Peinture d'une femme en robe blanche contemplant un miroir, sur fond de mur gris et fen\u00eatre bleue avec nuages, par Thomas Groslier","src":"https:\/\/i0.wp.com\/thomasgroslier.fr\/wp-content\/uploads\/2025\/09\/2025-06.le-rouge-a-levres-cadre-web.jpg?fit=722%2C850&ssl=1&resize=350%2C200","width":350,"height":200,"srcset":"https:\/\/i0.wp.com\/thomasgroslier.fr\/wp-content\/uploads\/2025\/09\/2025-06.le-rouge-a-levres-cadre-web.jpg?fit=722%2C850&ssl=1&resize=350%2C200 1x, https:\/\/i0.wp.com\/thomasgroslier.fr\/wp-content\/uploads\/2025\/09\/2025-06.le-rouge-a-levres-cadre-web.jpg?fit=722%2C850&ssl=1&resize=525%2C300 1.5x, https:\/\/i0.wp.com\/thomasgroslier.fr\/wp-content\/uploads\/2025\/09\/2025-06.le-rouge-a-levres-cadre-web.jpg?fit=722%2C850&ssl=1&resize=700%2C400 2x"},"classes":[]},{"id":14777,"url":"https:\/\/thomasgroslier.fr\/en\/product\/quatre-baigneuses-2\/","url_meta":{"origin":14821,"position":4},"title":"\u00ab\u00a0Quatre baigneuses\u00a0\u00bb","author":"T\u00e9g\u00e9","date":"29 September 2021","format":false,"excerpt":"2021 Encadrement : m\u00e9tal argent mat bross\u00e9 Peinture \u00e0 l'huile sur bois de peuplier Dimensions : 40 cm x 40 cm X 1,5 cm D\u00e9lais de livraison : 4 \u00e0 10 jours \u00a0","rel":"","context":"Similar post","block_context":{"text":"Similar post","link":""},"img":{"alt_text":"femmes prenant un bain de mer","src":"https:\/\/i0.wp.com\/thomasgroslier.fr\/wp-content\/uploads\/2024\/09\/quatre-baingeuse-encadre-web.jpg?fit=850%2C838&ssl=1&resize=350%2C200","width":350,"height":200,"srcset":"https:\/\/i0.wp.com\/thomasgroslier.fr\/wp-content\/uploads\/2024\/09\/quatre-baingeuse-encadre-web.jpg?fit=850%2C838&ssl=1&resize=350%2C200 1x, https:\/\/i0.wp.com\/thomasgroslier.fr\/wp-content\/uploads\/2024\/09\/quatre-baingeuse-encadre-web.jpg?fit=850%2C838&ssl=1&resize=525%2C300 1.5x, https:\/\/i0.wp.com\/thomasgroslier.fr\/wp-content\/uploads\/2024\/09\/quatre-baingeuse-encadre-web.jpg?fit=850%2C838&ssl=1&resize=700%2C400 2x"},"classes":[]},{"id":16118,"url":"https:\/\/thomasgroslier.fr\/en\/product\/les-fagots\/","url_meta":{"origin":14821,"position":5},"title":"\u201cThe Bundles\u201d","author":"T\u00e9g\u00e9","date":"25 January 2020","format":false,"excerpt":"2012 Technique : Crayon, encre de Chine et aquarelle sur papier 300 gr Dimentions : 65 cm x 50 cm x 0,20 cm Sign\u00e9 en bas \u00e0 droite et au dos. Certificat d'authenticit\u00e9 Livraison\u00a0 : 4 \u00e0 10 jours. Colissimo suivi avec assurance : France = 16.00\u20ac Europe = 24\u2026","rel":"","context":"Similar post","block_context":{"text":"Similar post","link":""},"img":{"alt_text":"Thomas Groslier, \"Les fagots\" 2012 Encre de Chine et aquarelle sur papier 65 x 50 cm","src":"https:\/\/i0.wp.com\/thomasgroslier.fr\/wp-content\/uploads\/2019\/03\/10-2012.LesFagots.jpg?fit=645%2C850&ssl=1&resize=350%2C200","width":350,"height":200,"srcset":"https:\/\/i0.wp.com\/thomasgroslier.fr\/wp-content\/uploads\/2019\/03\/10-2012.LesFagots.jpg?fit=645%2C850&ssl=1&resize=350%2C200 1x, https:\/\/i0.wp.com\/thomasgroslier.fr\/wp-content\/uploads\/2019\/03\/10-2012.LesFagots.jpg?fit=645%2C850&ssl=1&resize=525%2C300 1.5x"},"classes":[]}],"jetpack_likes_enabled":true,"_links":{"self":[{"href":"https:\/\/thomasgroslier.fr\/en\/wp-json\/wp\/v2\/product\/14821","targetHints":{"allow":["GET"]}}],"collection":[{"href":"https:\/\/thomasgroslier.fr\/en\/wp-json\/wp\/v2\/product"}],"about":[{"href":"https:\/\/thomasgroslier.fr\/en\/wp-json\/wp\/v2\/types\/product"}],"wp:featuredmedia":[{"embeddable":true,"href":"https:\/\/thomasgroslier.fr\/en\/wp-json\/wp\/v2\/media\/14827"}],"wp:attachment":[{"href":"https:\/\/thomasgroslier.fr\/en\/wp-json\/wp\/v2\/media?parent=14821"}],"wp:term":[{"taxonomy":"product_brand","embeddable":true,"href":"https:\/\/thomasgroslier.fr\/en\/wp-json\/wp\/v2\/product_brand?post=14821"},{"taxonomy":"product_cat","embeddable":true,"href":"https:\/\/thomasgroslier.fr\/en\/wp-json\/wp\/v2\/product_cat?post=14821"},{"taxonomy":"product_tag","embeddable":true,"href":"https:\/\/thomasgroslier.fr\/en\/wp-json\/wp\/v2\/product_tag?post=14821"}],"curies":[{"name":"wp","href":"https:\/\/api.w.org\/{rel}","templated":true}]}}