{"id":14958,"date":"2010-10-26T10:52:45","date_gmt":"2010-10-26T08:52:45","guid":{"rendered":"https:\/\/thomasgroslier.fr\/?post_type=product&#038;p=14958"},"modified":"2026-01-07T07:27:47","modified_gmt":"2026-01-07T06:27:47","slug":"au-jardin-2","status":"publish","type":"product","link":"https:\/\/thomasgroslier.fr\/en\/product\/au-jardin-2\/","title":{"rendered":"Au jardin (2)"},"content":{"rendered":"<figure id=\"attachment_14955\" aria-describedby=\"caption-attachment-14955\" style=\"width: 253px\" class=\"wp-caption alignnone\"><a href=\"https:\/\/thomasgroslier.fr\/en\/2010-05-au-jardin-web\/\"><img data-recalc-dims=\"1\" loading=\"lazy\" decoding=\"async\" data-attachment-id=\"14955\" data-permalink=\"https:\/\/thomasgroslier.fr\/en\/?attachment_id=14955\" data-orig-file=\"https:\/\/i0.wp.com\/thomasgroslier.fr\/wp-content\/uploads\/2024\/10\/2010-05-au-jardin-WEB.jpg?fit=1129%2C1417&ssl=1\" data-orig-size=\"1129,1417\" data-comments-opened=\"0\" data-image-meta=\"{&quot;aperture&quot;:&quot;0&quot;,&quot;credit&quot;:&quot;&quot;,&quot;camera&quot;:&quot;&quot;,&quot;caption&quot;:&quot;&quot;,&quot;created_timestamp&quot;:&quot;0&quot;,&quot;copyright&quot;:&quot;&quot;,&quot;focal_length&quot;:&quot;0&quot;,&quot;iso&quot;:&quot;0&quot;,&quot;shutter_speed&quot;:&quot;0&quot;,&quot;title&quot;:&quot;&quot;,&quot;orientation&quot;:&quot;0&quot;}\" data-image-title=\"Au jardin  2\" data-image-description=\"<p>Au jardin &#8211; Groslier Thomas, peinture<\/p>\" data-image-caption=\"<p>\u00ab\u00a0Au jardin\u00a0\u00bb 2010 Temp\u00e9ra \u00e0 l&rsquo;\u0153uf sur toile 27 x 22 cm<\/p>\" data-large-file=\"https:\/\/i0.wp.com\/thomasgroslier.fr\/wp-content\/uploads\/2024\/10\/2010-05-au-jardin-WEB.jpg?fit=640%2C803&ssl=1\" class=\"wp-image-14955\" src=\"https:\/\/i0.wp.com\/thomasgroslier.fr\/wp-content\/uploads\/2024\/10\/2010-05-au-jardin-WEB.jpg?resize=253%2C317&ssl=1\" alt=\"Au jardin - Groslier Thomas, peinture\" width=\"253\" height=\"317\" srcset=\"https:\/\/i0.wp.com\/thomasgroslier.fr\/wp-content\/uploads\/2024\/10\/2010-05-au-jardin-WEB.jpg?w=1129&ssl=1 1129w, https:\/\/i0.wp.com\/thomasgroslier.fr\/wp-content\/uploads\/2024\/10\/2010-05-au-jardin-WEB.jpg?resize=239%2C300&ssl=1 239w, https:\/\/i0.wp.com\/thomasgroslier.fr\/wp-content\/uploads\/2024\/10\/2010-05-au-jardin-WEB.jpg?resize=816%2C1024&ssl=1 816w, https:\/\/i0.wp.com\/thomasgroslier.fr\/wp-content\/uploads\/2024\/10\/2010-05-au-jardin-WEB.jpg?resize=768%2C964&ssl=1 768w, https:\/\/i0.wp.com\/thomasgroslier.fr\/wp-content\/uploads\/2024\/10\/2010-05-au-jardin-WEB.jpg?resize=780%2C979&ssl=1 780w, https:\/\/i0.wp.com\/thomasgroslier.fr\/wp-content\/uploads\/2024\/10\/2010-05-au-jardin-WEB.jpg?resize=400%2C502&ssl=1 400w, https:\/\/i0.wp.com\/thomasgroslier.fr\/wp-content\/uploads\/2024\/10\/2010-05-au-jardin-WEB.jpg?resize=600%2C753&ssl=1 600w\" sizes=\"auto, (max-width: 253px) 100vw, 253px\" \/><\/a><figcaption id=\"caption-attachment-14955\" class=\"wp-caption-text\">\u00ab\u00a0Au jardin\u00a0\u00bb 2010 Temp\u00e9ra \u00e0 l\u2019\u0153uf sur toile 27 x 22 cm<\/figcaption><\/figure>\n<p><span style=\"font-size: 20px;\">2010<\/span><\/p>\n<p><span style=\"font-family: GFS Didot; font-size: 20px;\">Temp\u00e9ra \u00e0 l\u2019\u0153uf sur toile<\/span><span style=\"font-family: GFS Didot; font-size: 20px;\"><br \/>\n<\/span><\/p>\n<p><span style=\"font-family: GFS Didot; font-size: 20px;\">27 x 22 x 1,5 cm<br \/>\n<\/span><\/p>\n<p><span style=\"font-family: GFS Didot; font-size: 20px;\">Sign\u00e9e au dos<br \/>\n<\/span><\/p>\n<p><span style=\"font-family: GFS Didot; font-size: 20px;\">\u00a0Paiement s\u00e9curis\u00e9<br \/>\n<\/span><\/p>\n<p><span style=\"font-family: GFS Didot; font-size: 20px;\">Delivery time: 4 to 10 days<\/span><\/p>","protected":false},"excerpt":{"rendered":"<p><span style=\"font-size: 20px;\">Temp\u00e9ra \u00e0 l&rsquo;\u0153uf sur toile<\/span><\/p>\n<p><span style=\"font-size: 20px;\">27 x 22 x 1,5 cm<\/span><\/p>\n<p><span style=\"font-size: 20px;\">Sign\u00e9e au dos<\/span><\/p>\n<p><span style=\"font-size: 20px;\">\u00a0Paiement s\u00e9curis\u00e9<\/span><\/p>\n<p><span style=\"font-size: 20px;\">Delivery time: 4 to 10 days<\/span><\/p>\n<p><span style=\"font-size: 20px;\">\u00a0<\/span><\/p>\n<p><span style=\"font-family: GFS Didot; font-size: 20px;\">\u00a0<\/span><\/p>","protected":false},"featured_media":14955,"template":"","meta":{"_themeisle_gutenberg_block_has_review":false,"jetpack_publicize_message":"","jetpack_publicize_feature_enabled":true,"jetpack_social_post_already_shared":true,"jetpack_social_options":{"image_generator_settings":{"template":"highway","default_image_id":0,"font":"","enabled":false},"version":2}},"product_brand":[],"product_cat":[102,50,89],"product_tag":[],"class_list":{"0":"post-14958","1":"product","2":"type-product","3":"status-publish","4":"has-post-thumbnail","6":"product_cat-paysage","7":"product_cat-peinture","8":"product_cat-toute-categories","9":"product_shipping_class-envoi-suivi-la-poste","10":"","12":"first","13":"outofstock","14":"shipping-taxable","15":"purchasable","16":"product-type-simple"},"yoast_head":"<!-- This site is optimized with the Yoast SEO plugin v27.6 - https:\/\/yoast.com\/product\/yoast-seo-wordpress\/ -->\n<title>Au jardin (2) - Thomas Groslier - Artiste peintre<\/title>\n<meta name=\"description\" content=\"Thomas Groslier - Artiste peintre - Au jardin (2) Temp\u00e9ra \u00e0 l&#039;\u0153uf - Thomas Groslier.\" \/>\n<meta name=\"robots\" content=\"index, follow, max-snippet:-1, max-image-preview:large, max-video-preview:-1\" \/>\n<link rel=\"canonical\" href=\"https:\/\/thomasgroslier.fr\/en\/product\/au-jardin-2\/\" \/>\n<meta property=\"og:locale\" content=\"en_GB\" \/>\n<meta property=\"og:type\" content=\"article\" \/>\n<meta property=\"og:title\" content=\"Au jardin (2) - Thomas Groslier - Artiste peintre\" \/>\n<meta property=\"og:description\" content=\"Thomas Groslier - Artiste peintre - Au jardin (2) Temp\u00e9ra \u00e0 l&#039;\u0153uf - Thomas Groslier.\" \/>\n<meta property=\"og:url\" content=\"https:\/\/thomasgroslier.fr\/en\/product\/au-jardin-2\/\" \/>\n<meta property=\"og:site_name\" content=\"Thomas Groslier - Artiste peintre\" \/>\n<meta property=\"article:modified_time\" content=\"2026-01-07T06:27:47+00:00\" \/>\n<meta property=\"og:image\" content=\"https:\/\/thomasgroslier.fr\/wp-content\/uploads\/2024\/10\/2010-05-au-jardin-WEB.jpg\" \/>\n\t<meta property=\"og:image:width\" content=\"1129\" \/>\n\t<meta property=\"og:image:height\" content=\"1417\" \/>\n\t<meta property=\"og:image:type\" content=\"image\/jpeg\" \/>\n<meta name=\"twitter:card\" content=\"summary_large_image\" \/>\n<meta name=\"twitter:label1\" content=\"Estimated reading time\" \/>\n\t<meta name=\"twitter:data1\" content=\"1 minute\" \/>\n<script type=\"application\/ld+json\" class=\"yoast-schema-graph\">{\"@context\":\"https:\\\/\\\/schema.org\",\"@graph\":[{\"@type\":\"WebPage\",\"@id\":\"https:\\\/\\\/thomasgroslier.fr\\\/produit\\\/au-jardin-2\\\/\",\"url\":\"https:\\\/\\\/thomasgroslier.fr\\\/produit\\\/au-jardin-2\\\/\",\"name\":\"Au jardin (2) - Thomas Groslier - Artiste peintre\",\"isPartOf\":{\"@id\":\"https:\\\/\\\/thomasgroslier.fr\\\/#website\"},\"primaryImageOfPage\":{\"@id\":\"https:\\\/\\\/thomasgroslier.fr\\\/produit\\\/au-jardin-2\\\/#primaryimage\"},\"image\":{\"@id\":\"https:\\\/\\\/thomasgroslier.fr\\\/produit\\\/au-jardin-2\\\/#primaryimage\"},\"thumbnailUrl\":\"https:\\\/\\\/i0.wp.com\\\/thomasgroslier.fr\\\/wp-content\\\/uploads\\\/2024\\\/10\\\/2010-05-au-jardin-WEB.jpg?fit=1129%2C1417&ssl=1\",\"datePublished\":\"2010-10-26T08:52:45+00:00\",\"dateModified\":\"2026-01-07T06:27:47+00:00\",\"description\":\"Thomas Groslier - Artiste peintre - Au jardin (2) Temp\u00e9ra \u00e0 l'\u0153uf - Thomas Groslier.\",\"breadcrumb\":{\"@id\":\"https:\\\/\\\/thomasgroslier.fr\\\/produit\\\/au-jardin-2\\\/#breadcrumb\"},\"inLanguage\":\"en-GB\",\"potentialAction\":[{\"@type\":\"ReadAction\",\"target\":[\"https:\\\/\\\/thomasgroslier.fr\\\/produit\\\/au-jardin-2\\\/\"]}]},{\"@type\":\"ImageObject\",\"inLanguage\":\"en-GB\",\"@id\":\"https:\\\/\\\/thomasgroslier.fr\\\/produit\\\/au-jardin-2\\\/#primaryimage\",\"url\":\"https:\\\/\\\/i0.wp.com\\\/thomasgroslier.fr\\\/wp-content\\\/uploads\\\/2024\\\/10\\\/2010-05-au-jardin-WEB.jpg?fit=1129%2C1417&ssl=1\",\"contentUrl\":\"https:\\\/\\\/i0.wp.com\\\/thomasgroslier.fr\\\/wp-content\\\/uploads\\\/2024\\\/10\\\/2010-05-au-jardin-WEB.jpg?fit=1129%2C1417&ssl=1\",\"width\":1129,\"height\":1417,\"caption\":\"\\\"Au jardin\\\" 2010 Temp\u00e9ra \u00e0 l'\u0153uf sur toile 27 x 22 cm\"},{\"@type\":\"BreadcrumbList\",\"@id\":\"https:\\\/\\\/thomasgroslier.fr\\\/produit\\\/au-jardin-2\\\/#breadcrumb\",\"itemListElement\":[{\"@type\":\"ListItem\",\"position\":1,\"name\":\"Accueil\",\"item\":\"https:\\\/\\\/thomasgroslier.fr\\\/\"},{\"@type\":\"ListItem\",\"position\":2,\"name\":\"La boutique\",\"item\":\"https:\\\/\\\/thomasgroslier.fr\\\/la-boutique\\\/\"},{\"@type\":\"ListItem\",\"position\":3,\"name\":\"Au jardin (2)\"}]},{\"@type\":\"WebSite\",\"@id\":\"https:\\\/\\\/thomasgroslier.fr\\\/#website\",\"url\":\"https:\\\/\\\/thomasgroslier.fr\\\/\",\"name\":\"Thomas Groslier - Artiste peintre\",\"description\":\"\",\"publisher\":{\"@id\":\"https:\\\/\\\/thomasgroslier.fr\\\/#organization\"},\"alternateName\":\"Thomas Groslier\",\"potentialAction\":[{\"@type\":\"SearchAction\",\"target\":{\"@type\":\"EntryPoint\",\"urlTemplate\":\"https:\\\/\\\/thomasgroslier.fr\\\/?s={search_term_string}\"},\"query-input\":{\"@type\":\"PropertyValueSpecification\",\"valueRequired\":true,\"valueName\":\"search_term_string\"}}],\"inLanguage\":\"en-GB\"},{\"@type\":\"Organization\",\"@id\":\"https:\\\/\\\/thomasgroslier.fr\\\/#organization\",\"name\":\"Thomas Groslier - Artiste peintre\",\"url\":\"https:\\\/\\\/thomasgroslier.fr\\\/\",\"logo\":{\"@type\":\"ImageObject\",\"inLanguage\":\"en-GB\",\"@id\":\"https:\\\/\\\/thomasgroslier.fr\\\/#\\\/schema\\\/logo\\\/image\\\/\",\"url\":\"https:\\\/\\\/i0.wp.com\\\/thomasgroslier.fr\\\/wp-content\\\/uploads\\\/2018\\\/06\\\/cropped-cropped-cropped-autoportrait-le-soir1.jpg?fit=512%2C512&ssl=1\",\"contentUrl\":\"https:\\\/\\\/i0.wp.com\\\/thomasgroslier.fr\\\/wp-content\\\/uploads\\\/2018\\\/06\\\/cropped-cropped-cropped-autoportrait-le-soir1.jpg?fit=512%2C512&ssl=1\",\"width\":512,\"height\":512,\"caption\":\"Thomas Groslier - Artiste peintre\"},\"image\":{\"@id\":\"https:\\\/\\\/thomasgroslier.fr\\\/#\\\/schema\\\/logo\\\/image\\\/\"}}]}<\/script>\n<!-- \/ Yoast SEO plugin. -->","yoast_head_json":{"title":"Au jardin (2) - Thomas Groslier - Artiste peintre","description":"Thomas Groslier - Artiste peintre - Au jardin (2) Temp\u00e9ra \u00e0 l'\u0153uf - Thomas Groslier.","robots":{"index":"index","follow":"follow","max-snippet":"max-snippet:-1","max-image-preview":"max-image-preview:large","max-video-preview":"max-video-preview:-1"},"canonical":"https:\/\/thomasgroslier.fr\/en\/product\/au-jardin-2\/","og_locale":"en_GB","og_type":"article","og_title":"Au jardin (2) - Thomas Groslier - Artiste peintre","og_description":"Thomas Groslier - Artiste peintre - Au jardin (2) Temp\u00e9ra \u00e0 l'\u0153uf - Thomas Groslier.","og_url":"https:\/\/thomasgroslier.fr\/en\/product\/au-jardin-2\/","og_site_name":"Thomas Groslier - Artiste peintre","article_modified_time":"2026-01-07T06:27:47+00:00","og_image":[{"width":1129,"height":1417,"url":"https:\/\/thomasgroslier.fr\/wp-content\/uploads\/2024\/10\/2010-05-au-jardin-WEB.jpg","type":"image\/jpeg"}],"twitter_card":"summary_large_image","twitter_misc":{"Estimated reading time":"1 minute"},"schema":{"@context":"https:\/\/schema.org","@graph":[{"@type":"WebPage","@id":"https:\/\/thomasgroslier.fr\/produit\/au-jardin-2\/","url":"https:\/\/thomasgroslier.fr\/produit\/au-jardin-2\/","name":"Au jardin (2) - Thomas Groslier - Artiste peintre","isPartOf":{"@id":"https:\/\/thomasgroslier.fr\/#website"},"primaryImageOfPage":{"@id":"https:\/\/thomasgroslier.fr\/produit\/au-jardin-2\/#primaryimage"},"image":{"@id":"https:\/\/thomasgroslier.fr\/produit\/au-jardin-2\/#primaryimage"},"thumbnailUrl":"https:\/\/i0.wp.com\/thomasgroslier.fr\/wp-content\/uploads\/2024\/10\/2010-05-au-jardin-WEB.jpg?fit=1129%2C1417&ssl=1","datePublished":"2010-10-26T08:52:45+00:00","dateModified":"2026-01-07T06:27:47+00:00","description":"Thomas Groslier - Artiste peintre - Au jardin (2) Temp\u00e9ra \u00e0 l'\u0153uf - Thomas Groslier.","breadcrumb":{"@id":"https:\/\/thomasgroslier.fr\/produit\/au-jardin-2\/#breadcrumb"},"inLanguage":"en-GB","potentialAction":[{"@type":"ReadAction","target":["https:\/\/thomasgroslier.fr\/produit\/au-jardin-2\/"]}]},{"@type":"ImageObject","inLanguage":"en-GB","@id":"https:\/\/thomasgroslier.fr\/produit\/au-jardin-2\/#primaryimage","url":"https:\/\/i0.wp.com\/thomasgroslier.fr\/wp-content\/uploads\/2024\/10\/2010-05-au-jardin-WEB.jpg?fit=1129%2C1417&ssl=1","contentUrl":"https:\/\/i0.wp.com\/thomasgroslier.fr\/wp-content\/uploads\/2024\/10\/2010-05-au-jardin-WEB.jpg?fit=1129%2C1417&ssl=1","width":1129,"height":1417,"caption":"\"Au jardin\" 2010 Temp\u00e9ra \u00e0 l'\u0153uf sur toile 27 x 22 cm"},{"@type":"BreadcrumbList","@id":"https:\/\/thomasgroslier.fr\/produit\/au-jardin-2\/#breadcrumb","itemListElement":[{"@type":"ListItem","position":1,"name":"Accueil","item":"https:\/\/thomasgroslier.fr\/"},{"@type":"ListItem","position":2,"name":"La boutique","item":"https:\/\/thomasgroslier.fr\/la-boutique\/"},{"@type":"ListItem","position":3,"name":"Au jardin (2)"}]},{"@type":"WebSite","@id":"https:\/\/thomasgroslier.fr\/#website","url":"https:\/\/thomasgroslier.fr\/","name":"Thomas Groslier - Artiste peintre","description":"","publisher":{"@id":"https:\/\/thomasgroslier.fr\/#organization"},"alternateName":"Thomas Groslier","potentialAction":[{"@type":"SearchAction","target":{"@type":"EntryPoint","urlTemplate":"https:\/\/thomasgroslier.fr\/?s={search_term_string}"},"query-input":{"@type":"PropertyValueSpecification","valueRequired":true,"valueName":"search_term_string"}}],"inLanguage":"en-GB"},{"@type":"Organization","@id":"https:\/\/thomasgroslier.fr\/#organization","name":"Thomas Groslier - Artiste peintre","url":"https:\/\/thomasgroslier.fr\/","logo":{"@type":"ImageObject","inLanguage":"en-GB","@id":"https:\/\/thomasgroslier.fr\/#\/schema\/logo\/image\/","url":"https:\/\/i0.wp.com\/thomasgroslier.fr\/wp-content\/uploads\/2018\/06\/cropped-cropped-cropped-autoportrait-le-soir1.jpg?fit=512%2C512&ssl=1","contentUrl":"https:\/\/i0.wp.com\/thomasgroslier.fr\/wp-content\/uploads\/2018\/06\/cropped-cropped-cropped-autoportrait-le-soir1.jpg?fit=512%2C512&ssl=1","width":512,"height":512,"caption":"Thomas Groslier - Artiste peintre"},"image":{"@id":"https:\/\/thomasgroslier.fr\/#\/schema\/logo\/image\/"}}]}},"jetpack_publicize_connections":[],"jetpack_sharing_enabled":true,"jetpack-related-posts":[{"id":10360,"url":"https:\/\/thomasgroslier.fr\/en\/product\/jardin-de-nuit\/","url_meta":{"origin":14958,"position":0},"title":"Night garden","author":"T\u00e9g\u00e9","date":"2 April 2014","format":false,"excerpt":"2012 Huile sur toile de lin tendue sur ch\u00e2ssis 60 cm x 73 cm X 2 cm D\u00e9lais de livraison : 4 \u00e0 10 jours \u00a0 \u00a0","rel":"","context":"Similar post","block_context":{"text":"Similar post","link":""},"img":{"alt_text":"Jardin de nuit","src":"https:\/\/i0.wp.com\/thomasgroslier.fr\/wp-content\/uploads\/2018\/07\/11-2012automnejardinnuitlum.jpg?fit=709%2C579&ssl=1&resize=350%2C200","width":350,"height":200,"srcset":"https:\/\/i0.wp.com\/thomasgroslier.fr\/wp-content\/uploads\/2018\/07\/11-2012automnejardinnuitlum.jpg?fit=709%2C579&ssl=1&resize=350%2C200 1x, https:\/\/i0.wp.com\/thomasgroslier.fr\/wp-content\/uploads\/2018\/07\/11-2012automnejardinnuitlum.jpg?fit=709%2C579&ssl=1&resize=525%2C300 1.5x, https:\/\/i0.wp.com\/thomasgroslier.fr\/wp-content\/uploads\/2018\/07\/11-2012automnejardinnuitlum.jpg?fit=709%2C579&ssl=1&resize=700%2C400 2x"},"classes":[]},{"id":15941,"url":"https:\/\/thomasgroslier.fr\/en\/product\/le-jardin\/","url_meta":{"origin":14958,"position":1},"title":"The garden","author":"T\u00e9g\u00e9","date":"17 November 2020","format":false,"excerpt":"2012 Huile sur toile tendue sur ch\u00e2ssis 73 x 92 cm x 2 cm Encadrement bois noir (82 cm x 101 cm) D\u00e9lais de livraison : 4 \u00e0 10 jours Envoi en Colissimo recommand\u00e9 avec suivi et assurance ad valorem Il y a dans ce jardin quelque chose d\u2019ent\u00eat\u00e9, de\u2026","rel":"","context":"Similar post","block_context":{"text":"Similar post","link":""},"img":{"alt_text":"Peinture \u00e0 l\u2019huile repr\u00e9sentant un jardin clos o\u00f9 un fragment de statue \u2013 un pied monumental \u2013 repose sur un socle, entour\u00e9 de buissons taill\u00e9s, d\u2019un poirier paliss\u00e9 et d\u2019un paysage calme sous un ciel bleu","src":"https:\/\/i0.wp.com\/thomasgroslier.fr\/wp-content\/uploads\/2018\/07\/2012-07-pied-demichel-ange.jpg?fit=887%2C688&ssl=1&resize=350%2C200","width":350,"height":200,"srcset":"https:\/\/i0.wp.com\/thomasgroslier.fr\/wp-content\/uploads\/2018\/07\/2012-07-pied-demichel-ange.jpg?fit=887%2C688&ssl=1&resize=350%2C200 1x, https:\/\/i0.wp.com\/thomasgroslier.fr\/wp-content\/uploads\/2018\/07\/2012-07-pied-demichel-ange.jpg?fit=887%2C688&ssl=1&resize=525%2C300 1.5x, https:\/\/i0.wp.com\/thomasgroslier.fr\/wp-content\/uploads\/2018\/07\/2012-07-pied-demichel-ange.jpg?fit=887%2C688&ssl=1&resize=700%2C400 2x"},"classes":[]},{"id":14777,"url":"https:\/\/thomasgroslier.fr\/en\/product\/quatre-baigneuses-2\/","url_meta":{"origin":14958,"position":2},"title":"\u00ab\u00a0Quatre baigneuses\u00a0\u00bb","author":"T\u00e9g\u00e9","date":"29 September 2021","format":false,"excerpt":"2021 Encadrement : m\u00e9tal argent mat bross\u00e9 Peinture \u00e0 l'huile sur bois de peuplier Dimensions : 40 cm x 40 cm X 1,5 cm D\u00e9lais de livraison : 4 \u00e0 10 jours \u00a0","rel":"","context":"Similar post","block_context":{"text":"Similar post","link":""},"img":{"alt_text":"femmes prenant un bain de mer","src":"https:\/\/i0.wp.com\/thomasgroslier.fr\/wp-content\/uploads\/2024\/09\/quatre-baingeuse-encadre-web.jpg?fit=850%2C838&ssl=1&resize=350%2C200","width":350,"height":200,"srcset":"https:\/\/i0.wp.com\/thomasgroslier.fr\/wp-content\/uploads\/2024\/09\/quatre-baingeuse-encadre-web.jpg?fit=850%2C838&ssl=1&resize=350%2C200 1x, https:\/\/i0.wp.com\/thomasgroslier.fr\/wp-content\/uploads\/2024\/09\/quatre-baingeuse-encadre-web.jpg?fit=850%2C838&ssl=1&resize=525%2C300 1.5x, https:\/\/i0.wp.com\/thomasgroslier.fr\/wp-content\/uploads\/2024\/09\/quatre-baingeuse-encadre-web.jpg?fit=850%2C838&ssl=1&resize=700%2C400 2x"},"classes":[]},{"id":14963,"url":"https:\/\/thomasgroslier.fr\/en\/product\/vases-nocturnes-2-2\/","url_meta":{"origin":14958,"position":3},"title":"Night Vases 2","author":"T\u00e9g\u00e9","date":"30 October 1993","format":false,"excerpt":"1993 \u00c9preuve d'artiste Deuxi\u00e8me \u00e9tat 2 exemplaires disponibles Technique : gravure \u00e0 l'eau forte et aquatinte Sur papier V\u00e9lin d'Arches 250 g\/m2 Dimensions du papier = 21,7 x 21,5 cm Dimension de l'image = 19,5 x 20,5 cm Sign\u00e9e, dat\u00e9e, titr\u00e9e D\u00e9lais de livraison : 4 \u00e0 10 jours \u00a0\u2026","rel":"","context":"Similar post","block_context":{"text":"Similar post","link":""},"img":{"alt_text":"Gravure \u00e0 l'eau-forte - Groslier","src":"https:\/\/i0.wp.com\/thomasgroslier.fr\/wp-content\/uploads\/2024\/10\/1993-08.Vases-nocturnes-2-web-1.jpg?fit=992%2C928&ssl=1&resize=350%2C200","width":350,"height":200,"srcset":"https:\/\/i0.wp.com\/thomasgroslier.fr\/wp-content\/uploads\/2024\/10\/1993-08.Vases-nocturnes-2-web-1.jpg?fit=992%2C928&ssl=1&resize=350%2C200 1x, https:\/\/i0.wp.com\/thomasgroslier.fr\/wp-content\/uploads\/2024\/10\/1993-08.Vases-nocturnes-2-web-1.jpg?fit=992%2C928&ssl=1&resize=525%2C300 1.5x, https:\/\/i0.wp.com\/thomasgroslier.fr\/wp-content\/uploads\/2024\/10\/1993-08.Vases-nocturnes-2-web-1.jpg?fit=992%2C928&ssl=1&resize=700%2C400 2x"},"classes":[]},{"id":14828,"url":"https:\/\/thomasgroslier.fr\/en\/product\/baigneuses-4\/","url_meta":{"origin":14958,"position":4},"title":"\u201cBathers\u201d","author":"T\u00e9g\u00e9","date":"1 October 2024","format":false,"excerpt":"2024 Gravure \u00e0 l'eau forte \u00a0Papier V\u00e9lin d'Arches 250 g\/m2 \u00c9preuve d'artiste, 7 exemplaires disponibles, num\u00e9rot\u00e9s de 1 \u00e0 7 Dimensions du papier = 30 x 40 cm Dimension de l'image = 20 x 30 cm \u0152uvre sign\u00e9e, dat\u00e9e, titr\u00e9e D\u00e9lais de livraison : 4 \u00e0 10 jours","rel":"","context":"Similar post","block_context":{"text":"Similar post","link":""},"img":{"alt_text":"Femme prenant un bain de soleil - Groslier, peinture","src":"https:\/\/i0.wp.com\/thomasgroslier.fr\/wp-content\/uploads\/2024\/10\/2024-08.baigneuses-2-web-1.jpg?fit=1134%2C848&ssl=1&resize=350%2C200","width":350,"height":200,"srcset":"https:\/\/i0.wp.com\/thomasgroslier.fr\/wp-content\/uploads\/2024\/10\/2024-08.baigneuses-2-web-1.jpg?fit=1134%2C848&ssl=1&resize=350%2C200 1x, https:\/\/i0.wp.com\/thomasgroslier.fr\/wp-content\/uploads\/2024\/10\/2024-08.baigneuses-2-web-1.jpg?fit=1134%2C848&ssl=1&resize=525%2C300 1.5x, https:\/\/i0.wp.com\/thomasgroslier.fr\/wp-content\/uploads\/2024\/10\/2024-08.baigneuses-2-web-1.jpg?fit=1134%2C848&ssl=1&resize=700%2C400 2x, https:\/\/i0.wp.com\/thomasgroslier.fr\/wp-content\/uploads\/2024\/10\/2024-08.baigneuses-2-web-1.jpg?fit=1134%2C848&ssl=1&resize=1050%2C600 3x"},"classes":[]},{"id":16118,"url":"https:\/\/thomasgroslier.fr\/en\/product\/les-fagots\/","url_meta":{"origin":14958,"position":5},"title":"\u201cThe Bundles\u201d","author":"T\u00e9g\u00e9","date":"25 January 2020","format":false,"excerpt":"2012 Technique : Crayon, encre de Chine et aquarelle sur papier 300 gr Dimentions : 65 cm x 50 cm x 0,20 cm Sign\u00e9 en bas \u00e0 droite et au dos. Certificat d'authenticit\u00e9 Livraison\u00a0 : 4 \u00e0 10 jours. Colissimo suivi avec assurance : France = 16.00\u20ac Europe = 24\u2026","rel":"","context":"Similar post","block_context":{"text":"Similar post","link":""},"img":{"alt_text":"Thomas Groslier, \"Les fagots\" 2012 Encre de Chine et aquarelle sur papier 65 x 50 cm","src":"https:\/\/i0.wp.com\/thomasgroslier.fr\/wp-content\/uploads\/2019\/03\/10-2012.LesFagots.jpg?fit=645%2C850&ssl=1&resize=350%2C200","width":350,"height":200,"srcset":"https:\/\/i0.wp.com\/thomasgroslier.fr\/wp-content\/uploads\/2019\/03\/10-2012.LesFagots.jpg?fit=645%2C850&ssl=1&resize=350%2C200 1x, https:\/\/i0.wp.com\/thomasgroslier.fr\/wp-content\/uploads\/2019\/03\/10-2012.LesFagots.jpg?fit=645%2C850&ssl=1&resize=525%2C300 1.5x"},"classes":[]}],"jetpack_likes_enabled":true,"_links":{"self":[{"href":"https:\/\/thomasgroslier.fr\/en\/wp-json\/wp\/v2\/product\/14958","targetHints":{"allow":["GET"]}}],"collection":[{"href":"https:\/\/thomasgroslier.fr\/en\/wp-json\/wp\/v2\/product"}],"about":[{"href":"https:\/\/thomasgroslier.fr\/en\/wp-json\/wp\/v2\/types\/product"}],"wp:featuredmedia":[{"embeddable":true,"href":"https:\/\/thomasgroslier.fr\/en\/wp-json\/wp\/v2\/media\/14955"}],"wp:attachment":[{"href":"https:\/\/thomasgroslier.fr\/en\/wp-json\/wp\/v2\/media?parent=14958"}],"wp:term":[{"taxonomy":"product_brand","embeddable":true,"href":"https:\/\/thomasgroslier.fr\/en\/wp-json\/wp\/v2\/product_brand?post=14958"},{"taxonomy":"product_cat","embeddable":true,"href":"https:\/\/thomasgroslier.fr\/en\/wp-json\/wp\/v2\/product_cat?post=14958"},{"taxonomy":"product_tag","embeddable":true,"href":"https:\/\/thomasgroslier.fr\/en\/wp-json\/wp\/v2\/product_tag?post=14958"}],"curies":[{"name":"wp","href":"https:\/\/api.w.org\/{rel}","templated":true}]}}