{"id":14995,"date":"2024-11-06T10:50:11","date_gmt":"2024-11-06T09:50:11","guid":{"rendered":"https:\/\/thomasgroslier.fr\/?post_type=product&#038;p=14995"},"modified":"2026-01-07T07:26:15","modified_gmt":"2026-01-07T06:26:15","slug":"le-chateau","status":"publish","type":"product","link":"https:\/\/thomasgroslier.fr\/en\/product\/le-chateau\/","title":{"rendered":"The castle"},"content":{"rendered":"<figure id=\"attachment_14992\" aria-describedby=\"caption-attachment-14992\" style=\"width: 412px\" class=\"wp-caption alignnone\"><a href=\"https:\/\/thomasgroslier.fr\/en\/?attachment_id=14992\"><img data-recalc-dims=\"1\" loading=\"lazy\" decoding=\"async\" data-attachment-id=\"14992\" data-permalink=\"https:\/\/thomasgroslier.fr\/en\/?attachment_id=14992\" data-orig-file=\"https:\/\/i0.wp.com\/thomasgroslier.fr\/wp-content\/uploads\/2024\/11\/2022-10.Le-chateau-WEB.jpg?fit=709%2C581&ssl=1\" data-orig-size=\"709,581\" data-comments-opened=\"0\" data-image-meta=\"{&quot;aperture&quot;:&quot;0&quot;,&quot;credit&quot;:&quot;&quot;,&quot;camera&quot;:&quot;&quot;,&quot;caption&quot;:&quot;&quot;,&quot;created_timestamp&quot;:&quot;0&quot;,&quot;copyright&quot;:&quot;&quot;,&quot;focal_length&quot;:&quot;0&quot;,&quot;iso&quot;:&quot;0&quot;,&quot;shutter_speed&quot;:&quot;0&quot;,&quot;title&quot;:&quot;&quot;,&quot;orientation&quot;:&quot;0&quot;}\" data-image-title=\"Le-chateau\" data-image-description=\"<p>Le ch\u00e2teau Groslier peinture<\/p>\" data-image-caption=\"<p>\u00ab\u00a0Le ch\u00e2teau\u00a0\u00bb 2022 Huiles sur toile 38 x 46 cm<\/p>\" data-large-file=\"https:\/\/i0.wp.com\/thomasgroslier.fr\/wp-content\/uploads\/2024\/11\/2022-10.Le-chateau-WEB.jpg?fit=640%2C524&ssl=1\" class=\"wp-image-14992\" src=\"https:\/\/i0.wp.com\/thomasgroslier.fr\/wp-content\/uploads\/2024\/11\/2022-10.Le-chateau-WEB.jpg?resize=412%2C338&ssl=1\" alt=\"Le ch\u00e2teau Groslier peinture\" width=\"412\" height=\"338\" srcset=\"https:\/\/i0.wp.com\/thomasgroslier.fr\/wp-content\/uploads\/2024\/11\/2022-10.Le-chateau-WEB.jpg?w=709&ssl=1 709w, https:\/\/i0.wp.com\/thomasgroslier.fr\/wp-content\/uploads\/2024\/11\/2022-10.Le-chateau-WEB.jpg?resize=300%2C246&ssl=1 300w, https:\/\/i0.wp.com\/thomasgroslier.fr\/wp-content\/uploads\/2024\/11\/2022-10.Le-chateau-WEB.jpg?resize=400%2C328&ssl=1 400w, https:\/\/i0.wp.com\/thomasgroslier.fr\/wp-content\/uploads\/2024\/11\/2022-10.Le-chateau-WEB.jpg?resize=600%2C492&ssl=1 600w\" sizes=\"auto, (max-width: 412px) 100vw, 412px\" \/><\/a><figcaption id=\"caption-attachment-14992\" class=\"wp-caption-text\">\u00ab\u00a0Le ch\u00e2teau\u00a0\u00bb 2022 Huiles sur toile 38 x 46 cm<\/figcaption><\/figure>\n<p><span style=\"font-size: 20px;\">2022<\/span><\/p>\n<p><span style=\"font-size: 20px;\">Huile sur toile<\/span><\/p>\n<p><span style=\"font-size: 20px;\">38 x 46 cm<\/span><\/p>\n<p>\u00a0<\/p>","protected":false},"excerpt":{"rendered":"<p><span style=\"font-size: 20px;\">2022<\/span><\/p>\n<p><span style=\"font-size: 20px;\">Huile sur toile<\/span><\/p>\n<p><span style=\"font-size: 20px;\">38 x 46 cm<\/span><\/p>\n<p>&nbsp;<\/p>\n<p>&nbsp;<\/p>","protected":false},"featured_media":14992,"template":"","meta":{"_themeisle_gutenberg_block_has_review":false,"jetpack_publicize_message":"","jetpack_publicize_feature_enabled":true,"jetpack_social_post_already_shared":true,"jetpack_social_options":{"image_generator_settings":{"template":"highway","default_image_id":0,"font":"","enabled":false},"version":2}},"product_brand":[],"product_cat":[50],"product_tag":[],"class_list":{"0":"post-14995","1":"product","2":"type-product","3":"status-publish","4":"has-post-thumbnail","6":"product_cat-peinture","7":"product_shipping_class-envoi-suivi-la-poste","8":"","10":"first","11":"outofstock","12":"shipping-taxable","13":"purchasable","14":"product-type-simple"},"yoast_head":"<!-- This site is optimized with the Yoast SEO plugin v27.6 - https:\/\/yoast.com\/product\/yoast-seo-wordpress\/ -->\n<title>&quot;Le ch\u00e2teau&quot; - Thomas Groslier - Artiste peintre<\/title>\n<meta name=\"description\" content=\"Thomas Groslier - Artiste peintre &quot;Le ch\u00e2teau&quot; - 2022 Huile sur toile 38 x 46 cm D\u00e9lais de livraison : 4 \u00e0 10 jours\" \/>\n<meta name=\"robots\" content=\"index, follow, max-snippet:-1, max-image-preview:large, max-video-preview:-1\" \/>\n<link rel=\"canonical\" href=\"https:\/\/thomasgroslier.fr\/en\/product\/le-chateau\/\" \/>\n<meta property=\"og:locale\" content=\"en_GB\" \/>\n<meta property=\"og:type\" content=\"article\" \/>\n<meta property=\"og:title\" content=\"&quot;Le ch\u00e2teau&quot; - Thomas Groslier - Artiste peintre\" \/>\n<meta property=\"og:description\" content=\"Thomas Groslier - Artiste peintre &quot;Le ch\u00e2teau&quot; - 2022 Huile sur toile 38 x 46 cm D\u00e9lais de livraison : 4 \u00e0 10 jours\" \/>\n<meta property=\"og:url\" content=\"https:\/\/thomasgroslier.fr\/en\/product\/le-chateau\/\" \/>\n<meta property=\"og:site_name\" content=\"Thomas Groslier - Artiste peintre\" \/>\n<meta property=\"article:modified_time\" content=\"2026-01-07T06:26:15+00:00\" \/>\n<meta property=\"og:image\" content=\"https:\/\/thomasgroslier.fr\/wp-content\/uploads\/2024\/11\/2022-10.Le-chateau-WEB.jpg\" \/>\n\t<meta property=\"og:image:width\" content=\"709\" \/>\n\t<meta property=\"og:image:height\" content=\"581\" \/>\n\t<meta property=\"og:image:type\" content=\"image\/jpeg\" \/>\n<meta name=\"twitter:card\" content=\"summary_large_image\" \/>\n<meta name=\"twitter:label1\" content=\"Estimated reading time\" \/>\n\t<meta name=\"twitter:data1\" content=\"1 minute\" \/>\n<script type=\"application\/ld+json\" class=\"yoast-schema-graph\">{\"@context\":\"https:\\\/\\\/schema.org\",\"@graph\":[{\"@type\":\"WebPage\",\"@id\":\"https:\\\/\\\/thomasgroslier.fr\\\/produit\\\/le-chateau\\\/\",\"url\":\"https:\\\/\\\/thomasgroslier.fr\\\/produit\\\/le-chateau\\\/\",\"name\":\"\\\"Le ch\u00e2teau\\\" - Thomas Groslier - Artiste peintre\",\"isPartOf\":{\"@id\":\"https:\\\/\\\/thomasgroslier.fr\\\/#website\"},\"primaryImageOfPage\":{\"@id\":\"https:\\\/\\\/thomasgroslier.fr\\\/produit\\\/le-chateau\\\/#primaryimage\"},\"image\":{\"@id\":\"https:\\\/\\\/thomasgroslier.fr\\\/produit\\\/le-chateau\\\/#primaryimage\"},\"thumbnailUrl\":\"https:\\\/\\\/i0.wp.com\\\/thomasgroslier.fr\\\/wp-content\\\/uploads\\\/2024\\\/11\\\/2022-10.Le-chateau-WEB.jpg?fit=709%2C581&ssl=1\",\"datePublished\":\"2024-11-06T09:50:11+00:00\",\"dateModified\":\"2026-01-07T06:26:15+00:00\",\"description\":\"Thomas Groslier - Artiste peintre \\\"Le ch\u00e2teau\\\" - 2022 Huile sur toile 38 x 46 cm D\u00e9lais de livraison : 4 \u00e0 10 jours\",\"breadcrumb\":{\"@id\":\"https:\\\/\\\/thomasgroslier.fr\\\/produit\\\/le-chateau\\\/#breadcrumb\"},\"inLanguage\":\"en-GB\",\"potentialAction\":[{\"@type\":\"ReadAction\",\"target\":[\"https:\\\/\\\/thomasgroslier.fr\\\/produit\\\/le-chateau\\\/\"]}]},{\"@type\":\"ImageObject\",\"inLanguage\":\"en-GB\",\"@id\":\"https:\\\/\\\/thomasgroslier.fr\\\/produit\\\/le-chateau\\\/#primaryimage\",\"url\":\"https:\\\/\\\/i0.wp.com\\\/thomasgroslier.fr\\\/wp-content\\\/uploads\\\/2024\\\/11\\\/2022-10.Le-chateau-WEB.jpg?fit=709%2C581&ssl=1\",\"contentUrl\":\"https:\\\/\\\/i0.wp.com\\\/thomasgroslier.fr\\\/wp-content\\\/uploads\\\/2024\\\/11\\\/2022-10.Le-chateau-WEB.jpg?fit=709%2C581&ssl=1\",\"width\":709,\"height\":581,\"caption\":\"\\\"Le ch\u00e2teau\\\" 2022 Huiles sur toile 38 x 46 cm\"},{\"@type\":\"BreadcrumbList\",\"@id\":\"https:\\\/\\\/thomasgroslier.fr\\\/produit\\\/le-chateau\\\/#breadcrumb\",\"itemListElement\":[{\"@type\":\"ListItem\",\"position\":1,\"name\":\"Accueil\",\"item\":\"https:\\\/\\\/thomasgroslier.fr\\\/\"},{\"@type\":\"ListItem\",\"position\":2,\"name\":\"La boutique\",\"item\":\"https:\\\/\\\/thomasgroslier.fr\\\/la-boutique\\\/\"},{\"@type\":\"ListItem\",\"position\":3,\"name\":\"\u00ab\u00a0Le ch\u00e2teau\u00a0\u00bb\"}]},{\"@type\":\"WebSite\",\"@id\":\"https:\\\/\\\/thomasgroslier.fr\\\/#website\",\"url\":\"https:\\\/\\\/thomasgroslier.fr\\\/\",\"name\":\"Thomas Groslier - Artiste peintre\",\"description\":\"\",\"publisher\":{\"@id\":\"https:\\\/\\\/thomasgroslier.fr\\\/#organization\"},\"alternateName\":\"Thomas Groslier\",\"potentialAction\":[{\"@type\":\"SearchAction\",\"target\":{\"@type\":\"EntryPoint\",\"urlTemplate\":\"https:\\\/\\\/thomasgroslier.fr\\\/?s={search_term_string}\"},\"query-input\":{\"@type\":\"PropertyValueSpecification\",\"valueRequired\":true,\"valueName\":\"search_term_string\"}}],\"inLanguage\":\"en-GB\"},{\"@type\":\"Organization\",\"@id\":\"https:\\\/\\\/thomasgroslier.fr\\\/#organization\",\"name\":\"Thomas Groslier - Artiste peintre\",\"url\":\"https:\\\/\\\/thomasgroslier.fr\\\/\",\"logo\":{\"@type\":\"ImageObject\",\"inLanguage\":\"en-GB\",\"@id\":\"https:\\\/\\\/thomasgroslier.fr\\\/#\\\/schema\\\/logo\\\/image\\\/\",\"url\":\"https:\\\/\\\/i0.wp.com\\\/thomasgroslier.fr\\\/wp-content\\\/uploads\\\/2018\\\/06\\\/cropped-cropped-cropped-autoportrait-le-soir1.jpg?fit=512%2C512&ssl=1\",\"contentUrl\":\"https:\\\/\\\/i0.wp.com\\\/thomasgroslier.fr\\\/wp-content\\\/uploads\\\/2018\\\/06\\\/cropped-cropped-cropped-autoportrait-le-soir1.jpg?fit=512%2C512&ssl=1\",\"width\":512,\"height\":512,\"caption\":\"Thomas Groslier - Artiste peintre\"},\"image\":{\"@id\":\"https:\\\/\\\/thomasgroslier.fr\\\/#\\\/schema\\\/logo\\\/image\\\/\"}}]}<\/script>\n<!-- \/ Yoast SEO plugin. -->","yoast_head_json":{"title":"\"Le ch\u00e2teau\" - Thomas Groslier - Artiste peintre","description":"Thomas Groslier - Artiste peintre \"Le ch\u00e2teau\" - 2022 Huile sur toile 38 x 46 cm D\u00e9lais de livraison : 4 \u00e0 10 jours","robots":{"index":"index","follow":"follow","max-snippet":"max-snippet:-1","max-image-preview":"max-image-preview:large","max-video-preview":"max-video-preview:-1"},"canonical":"https:\/\/thomasgroslier.fr\/en\/product\/le-chateau\/","og_locale":"en_GB","og_type":"article","og_title":"\"Le ch\u00e2teau\" - Thomas Groslier - Artiste peintre","og_description":"Thomas Groslier - Artiste peintre \"Le ch\u00e2teau\" - 2022 Huile sur toile 38 x 46 cm D\u00e9lais de livraison : 4 \u00e0 10 jours","og_url":"https:\/\/thomasgroslier.fr\/en\/product\/le-chateau\/","og_site_name":"Thomas Groslier - Artiste peintre","article_modified_time":"2026-01-07T06:26:15+00:00","og_image":[{"width":709,"height":581,"url":"https:\/\/thomasgroslier.fr\/wp-content\/uploads\/2024\/11\/2022-10.Le-chateau-WEB.jpg","type":"image\/jpeg"}],"twitter_card":"summary_large_image","twitter_misc":{"Estimated reading time":"1 minute"},"schema":{"@context":"https:\/\/schema.org","@graph":[{"@type":"WebPage","@id":"https:\/\/thomasgroslier.fr\/produit\/le-chateau\/","url":"https:\/\/thomasgroslier.fr\/produit\/le-chateau\/","name":"\"Le ch\u00e2teau\" - Thomas Groslier - Artiste peintre","isPartOf":{"@id":"https:\/\/thomasgroslier.fr\/#website"},"primaryImageOfPage":{"@id":"https:\/\/thomasgroslier.fr\/produit\/le-chateau\/#primaryimage"},"image":{"@id":"https:\/\/thomasgroslier.fr\/produit\/le-chateau\/#primaryimage"},"thumbnailUrl":"https:\/\/i0.wp.com\/thomasgroslier.fr\/wp-content\/uploads\/2024\/11\/2022-10.Le-chateau-WEB.jpg?fit=709%2C581&ssl=1","datePublished":"2024-11-06T09:50:11+00:00","dateModified":"2026-01-07T06:26:15+00:00","description":"Thomas Groslier - Artiste peintre \"Le ch\u00e2teau\" - 2022 Huile sur toile 38 x 46 cm D\u00e9lais de livraison : 4 \u00e0 10 jours","breadcrumb":{"@id":"https:\/\/thomasgroslier.fr\/produit\/le-chateau\/#breadcrumb"},"inLanguage":"en-GB","potentialAction":[{"@type":"ReadAction","target":["https:\/\/thomasgroslier.fr\/produit\/le-chateau\/"]}]},{"@type":"ImageObject","inLanguage":"en-GB","@id":"https:\/\/thomasgroslier.fr\/produit\/le-chateau\/#primaryimage","url":"https:\/\/i0.wp.com\/thomasgroslier.fr\/wp-content\/uploads\/2024\/11\/2022-10.Le-chateau-WEB.jpg?fit=709%2C581&ssl=1","contentUrl":"https:\/\/i0.wp.com\/thomasgroslier.fr\/wp-content\/uploads\/2024\/11\/2022-10.Le-chateau-WEB.jpg?fit=709%2C581&ssl=1","width":709,"height":581,"caption":"\"Le ch\u00e2teau\" 2022 Huiles sur toile 38 x 46 cm"},{"@type":"BreadcrumbList","@id":"https:\/\/thomasgroslier.fr\/produit\/le-chateau\/#breadcrumb","itemListElement":[{"@type":"ListItem","position":1,"name":"Accueil","item":"https:\/\/thomasgroslier.fr\/"},{"@type":"ListItem","position":2,"name":"La boutique","item":"https:\/\/thomasgroslier.fr\/la-boutique\/"},{"@type":"ListItem","position":3,"name":"\u00ab\u00a0Le ch\u00e2teau\u00a0\u00bb"}]},{"@type":"WebSite","@id":"https:\/\/thomasgroslier.fr\/#website","url":"https:\/\/thomasgroslier.fr\/","name":"Thomas Groslier - Artiste peintre","description":"","publisher":{"@id":"https:\/\/thomasgroslier.fr\/#organization"},"alternateName":"Thomas Groslier","potentialAction":[{"@type":"SearchAction","target":{"@type":"EntryPoint","urlTemplate":"https:\/\/thomasgroslier.fr\/?s={search_term_string}"},"query-input":{"@type":"PropertyValueSpecification","valueRequired":true,"valueName":"search_term_string"}}],"inLanguage":"en-GB"},{"@type":"Organization","@id":"https:\/\/thomasgroslier.fr\/#organization","name":"Thomas Groslier - Artiste peintre","url":"https:\/\/thomasgroslier.fr\/","logo":{"@type":"ImageObject","inLanguage":"en-GB","@id":"https:\/\/thomasgroslier.fr\/#\/schema\/logo\/image\/","url":"https:\/\/i0.wp.com\/thomasgroslier.fr\/wp-content\/uploads\/2018\/06\/cropped-cropped-cropped-autoportrait-le-soir1.jpg?fit=512%2C512&ssl=1","contentUrl":"https:\/\/i0.wp.com\/thomasgroslier.fr\/wp-content\/uploads\/2018\/06\/cropped-cropped-cropped-autoportrait-le-soir1.jpg?fit=512%2C512&ssl=1","width":512,"height":512,"caption":"Thomas Groslier - Artiste peintre"},"image":{"@id":"https:\/\/thomasgroslier.fr\/#\/schema\/logo\/image\/"}}]}},"jetpack_publicize_connections":[],"jetpack_sharing_enabled":true,"jetpack-related-posts":[{"id":15754,"url":"https:\/\/thomasgroslier.fr\/en\/product\/le-rouge-a-levres\/","url_meta":{"origin":14995,"position":0},"title":"\"Lipstick\"","author":"T\u00e9g\u00e9","date":"26 September 2025","format":false,"excerpt":"\"Le rouge \u00e0 l\u00e8vres\" 2025 Huile sur toile 55 x 46 cm Options : disponible encadr\u00e9e (cadre bois argent\u00e9 et biseaut\u00e9 66 x 53 cm) : + 100 \u20ac, ou non encadr\u00e9e Envoi en Colissimo recommand\u00e9 avec suivi et assurance ad valorem","rel":"","context":"Similar post","block_context":{"text":"Similar post","link":""},"img":{"alt_text":"Peinture d'une femme en robe blanche contemplant un miroir, sur fond de mur gris et fen\u00eatre bleue avec nuages, par Thomas Groslier","src":"https:\/\/i0.wp.com\/thomasgroslier.fr\/wp-content\/uploads\/2025\/09\/2025-06.le-rouge-a-levres-cadre-web.jpg?fit=722%2C850&ssl=1&resize=350%2C200","width":350,"height":200,"srcset":"https:\/\/i0.wp.com\/thomasgroslier.fr\/wp-content\/uploads\/2025\/09\/2025-06.le-rouge-a-levres-cadre-web.jpg?fit=722%2C850&ssl=1&resize=350%2C200 1x, https:\/\/i0.wp.com\/thomasgroslier.fr\/wp-content\/uploads\/2025\/09\/2025-06.le-rouge-a-levres-cadre-web.jpg?fit=722%2C850&ssl=1&resize=525%2C300 1.5x, https:\/\/i0.wp.com\/thomasgroslier.fr\/wp-content\/uploads\/2025\/09\/2025-06.le-rouge-a-levres-cadre-web.jpg?fit=722%2C850&ssl=1&resize=700%2C400 2x"},"classes":[]},{"id":15950,"url":"https:\/\/thomasgroslier.fr\/en\/product\/modele-peintre-et-souris\/","url_meta":{"origin":14995,"position":1},"title":"\"Model, painter, and mouse\"","author":"T\u00e9g\u00e9","date":"29 November 2020","format":false,"excerpt":"2011 Huile sur toile tendue sur ch\u00e2ssis 41 cm x 33 cm x 2 cm","rel":"","context":"Similar post","block_context":{"text":"Similar post","link":""},"img":{"alt_text":"le peintre et son mod\u00e8le","src":"https:\/\/i0.wp.com\/thomasgroslier.fr\/wp-content\/uploads\/2022\/09\/08-2011.NuPeintreEtSouris.jpg?fit=688%2C850&ssl=1&resize=350%2C200","width":350,"height":200,"srcset":"https:\/\/i0.wp.com\/thomasgroslier.fr\/wp-content\/uploads\/2022\/09\/08-2011.NuPeintreEtSouris.jpg?fit=688%2C850&ssl=1&resize=350%2C200 1x, https:\/\/i0.wp.com\/thomasgroslier.fr\/wp-content\/uploads\/2022\/09\/08-2011.NuPeintreEtSouris.jpg?fit=688%2C850&ssl=1&resize=525%2C300 1.5x"},"classes":[]},{"id":15945,"url":"https:\/\/thomasgroslier.fr\/en\/product\/le-crabe\/","url_meta":{"origin":14995,"position":2},"title":"\"The crab\"","author":"T\u00e9g\u00e9","date":"26 November 2019","format":false,"excerpt":"2014 Huile sur toile tendue sur ch\u00e2ssis 60 x 74 cm x 2 cm \u00a0 \u00a0","rel":"","context":"Similar post","block_context":{"text":"Similar post","link":""},"img":{"alt_text":"femme prenant un bain de soleil","src":"https:\/\/i0.wp.com\/thomasgroslier.fr\/wp-content\/uploads\/2018\/06\/2014-02-lecrabe.jpg?fit=992%2C814&ssl=1&resize=350%2C200","width":350,"height":200,"srcset":"https:\/\/i0.wp.com\/thomasgroslier.fr\/wp-content\/uploads\/2018\/06\/2014-02-lecrabe.jpg?fit=992%2C814&ssl=1&resize=350%2C200 1x, https:\/\/i0.wp.com\/thomasgroslier.fr\/wp-content\/uploads\/2018\/06\/2014-02-lecrabe.jpg?fit=992%2C814&ssl=1&resize=525%2C300 1.5x, https:\/\/i0.wp.com\/thomasgroslier.fr\/wp-content\/uploads\/2018\/06\/2014-02-lecrabe.jpg?fit=992%2C814&ssl=1&resize=700%2C400 2x"},"classes":[]},{"id":15946,"url":"https:\/\/thomasgroslier.fr\/en\/product\/clair-de-lune\/","url_meta":{"origin":14995,"position":3},"title":"\"Moonlight\"","author":"T\u00e9g\u00e9","date":"26 November 2019","format":false,"excerpt":"2014 Huile sur toile tendue sur ch\u00e2ssis 30 x 40 cm x 2 cm \u00a0 \u00a0","rel":"","context":"Similar post","block_context":{"text":"Similar post","link":""},"img":{"alt_text":"Femme dans un paysage Peinture contemporaine","src":"https:\/\/i0.wp.com\/thomasgroslier.fr\/wp-content\/uploads\/2025\/11\/2014-02.ainsi-la-lune-.jpg?fit=850%2C640&ssl=1&resize=350%2C200","width":350,"height":200,"srcset":"https:\/\/i0.wp.com\/thomasgroslier.fr\/wp-content\/uploads\/2025\/11\/2014-02.ainsi-la-lune-.jpg?fit=850%2C640&ssl=1&resize=350%2C200 1x, https:\/\/i0.wp.com\/thomasgroslier.fr\/wp-content\/uploads\/2025\/11\/2014-02.ainsi-la-lune-.jpg?fit=850%2C640&ssl=1&resize=525%2C300 1.5x, https:\/\/i0.wp.com\/thomasgroslier.fr\/wp-content\/uploads\/2025\/11\/2014-02.ainsi-la-lune-.jpg?fit=850%2C640&ssl=1&resize=700%2C400 2x"},"classes":[]},{"id":10360,"url":"https:\/\/thomasgroslier.fr\/en\/product\/jardin-de-nuit\/","url_meta":{"origin":14995,"position":4},"title":"Night garden","author":"T\u00e9g\u00e9","date":"2 April 2014","format":false,"excerpt":"2012 Huile sur toile de lin tendue sur ch\u00e2ssis 60 cm x 73 cm X 2 cm D\u00e9lais de livraison : 4 \u00e0 10 jours \u00a0 \u00a0","rel":"","context":"Similar post","block_context":{"text":"Similar post","link":""},"img":{"alt_text":"Jardin de nuit","src":"https:\/\/i0.wp.com\/thomasgroslier.fr\/wp-content\/uploads\/2018\/07\/11-2012automnejardinnuitlum.jpg?fit=709%2C579&ssl=1&resize=350%2C200","width":350,"height":200,"srcset":"https:\/\/i0.wp.com\/thomasgroslier.fr\/wp-content\/uploads\/2018\/07\/11-2012automnejardinnuitlum.jpg?fit=709%2C579&ssl=1&resize=350%2C200 1x, https:\/\/i0.wp.com\/thomasgroslier.fr\/wp-content\/uploads\/2018\/07\/11-2012automnejardinnuitlum.jpg?fit=709%2C579&ssl=1&resize=525%2C300 1.5x, https:\/\/i0.wp.com\/thomasgroslier.fr\/wp-content\/uploads\/2018\/07\/11-2012automnejardinnuitlum.jpg?fit=709%2C579&ssl=1&resize=700%2C400 2x"},"classes":[]},{"id":15941,"url":"https:\/\/thomasgroslier.fr\/en\/product\/le-jardin\/","url_meta":{"origin":14995,"position":5},"title":"The garden","author":"T\u00e9g\u00e9","date":"17 November 2020","format":false,"excerpt":"2012 Huile sur toile tendue sur ch\u00e2ssis 73 x 92 cm x 2 cm Encadrement bois noir (82 cm x 101 cm) D\u00e9lais de livraison : 4 \u00e0 10 jours Envoi en Colissimo recommand\u00e9 avec suivi et assurance ad valorem Il y a dans ce jardin quelque chose d\u2019ent\u00eat\u00e9, de\u2026","rel":"","context":"Similar post","block_context":{"text":"Similar post","link":""},"img":{"alt_text":"Peinture \u00e0 l\u2019huile repr\u00e9sentant un jardin clos o\u00f9 un fragment de statue \u2013 un pied monumental \u2013 repose sur un socle, entour\u00e9 de buissons taill\u00e9s, d\u2019un poirier paliss\u00e9 et d\u2019un paysage calme sous un ciel bleu","src":"https:\/\/i0.wp.com\/thomasgroslier.fr\/wp-content\/uploads\/2018\/07\/2012-07-pied-demichel-ange.jpg?fit=887%2C688&ssl=1&resize=350%2C200","width":350,"height":200,"srcset":"https:\/\/i0.wp.com\/thomasgroslier.fr\/wp-content\/uploads\/2018\/07\/2012-07-pied-demichel-ange.jpg?fit=887%2C688&ssl=1&resize=350%2C200 1x, https:\/\/i0.wp.com\/thomasgroslier.fr\/wp-content\/uploads\/2018\/07\/2012-07-pied-demichel-ange.jpg?fit=887%2C688&ssl=1&resize=525%2C300 1.5x, https:\/\/i0.wp.com\/thomasgroslier.fr\/wp-content\/uploads\/2018\/07\/2012-07-pied-demichel-ange.jpg?fit=887%2C688&ssl=1&resize=700%2C400 2x"},"classes":[]}],"jetpack_likes_enabled":true,"_links":{"self":[{"href":"https:\/\/thomasgroslier.fr\/en\/wp-json\/wp\/v2\/product\/14995","targetHints":{"allow":["GET"]}}],"collection":[{"href":"https:\/\/thomasgroslier.fr\/en\/wp-json\/wp\/v2\/product"}],"about":[{"href":"https:\/\/thomasgroslier.fr\/en\/wp-json\/wp\/v2\/types\/product"}],"wp:featuredmedia":[{"embeddable":true,"href":"https:\/\/thomasgroslier.fr\/en\/wp-json\/wp\/v2\/media\/14992"}],"wp:attachment":[{"href":"https:\/\/thomasgroslier.fr\/en\/wp-json\/wp\/v2\/media?parent=14995"}],"wp:term":[{"taxonomy":"product_brand","embeddable":true,"href":"https:\/\/thomasgroslier.fr\/en\/wp-json\/wp\/v2\/product_brand?post=14995"},{"taxonomy":"product_cat","embeddable":true,"href":"https:\/\/thomasgroslier.fr\/en\/wp-json\/wp\/v2\/product_cat?post=14995"},{"taxonomy":"product_tag","embeddable":true,"href":"https:\/\/thomasgroslier.fr\/en\/wp-json\/wp\/v2\/product_tag?post=14995"}],"curies":[{"name":"wp","href":"https:\/\/api.w.org\/{rel}","templated":true}]}}