{"id":15871,"date":"2022-10-05T09:00:42","date_gmt":"2022-10-05T07:00:42","guid":{"rendered":"https:\/\/thomasgroslier.fr\/?post_type=product&#038;p=15871"},"modified":"2026-02-13T13:59:25","modified_gmt":"2026-02-13T12:59:25","slug":"paysage-avec-baigneuses","status":"publish","type":"product","link":"https:\/\/thomasgroslier.fr\/en\/product\/paysage-avec-baigneuses\/","title":{"rendered":"\"Landscape with bathers\""},"content":{"rendered":"<figure id=\"attachment_12485\" aria-describedby=\"caption-attachment-12485\" style=\"width: 293px\" class=\"wp-caption alignnone\"><a href=\"https:\/\/thomasgroslier.fr\/en\/2022-10-baigneuses-web\/\"><img data-recalc-dims=\"1\" loading=\"lazy\" decoding=\"async\" data-attachment-id=\"12485\" data-permalink=\"https:\/\/thomasgroslier.fr\/en\/?attachment_id=12485\" data-orig-file=\"https:\/\/i0.wp.com\/thomasgroslier.fr\/wp-content\/uploads\/2023\/03\/2022-10.Baigneuses-Web.jpg?fit=850%2C851&ssl=1\" data-orig-size=\"850,851\" data-comments-opened=\"1\" data-image-meta=\"{&quot;aperture&quot;:&quot;0&quot;,&quot;credit&quot;:&quot;&quot;,&quot;camera&quot;:&quot;&quot;,&quot;caption&quot;:&quot;&quot;,&quot;created_timestamp&quot;:&quot;0&quot;,&quot;copyright&quot;:&quot;&quot;,&quot;focal_length&quot;:&quot;0&quot;,&quot;iso&quot;:&quot;0&quot;,&quot;shutter_speed&quot;:&quot;0&quot;,&quot;title&quot;:&quot;&quot;,&quot;orientation&quot;:&quot;0&quot;}\" data-image-title=\".Paysage-avec-baigneuses.jpg\" data-image-description=\"<p>peinture de femmes prenant un bain de mer<\/p>\" data-image-caption=\"<p>\u00ab\u00a0Paysage avec baigneuses\u00a0\u00bb 2022 Huile sur toile 50 x 50 cm<\/p>\" data-large-file=\"https:\/\/i0.wp.com\/thomasgroslier.fr\/wp-content\/uploads\/2023\/03\/2022-10.Baigneuses-Web.jpg?fit=640%2C641&ssl=1\" class=\"wp-image-12485\" src=\"https:\/\/i0.wp.com\/thomasgroslier.fr\/wp-content\/uploads\/2023\/03\/2022-10.Baigneuses-Web.jpg?resize=293%2C293&ssl=1\" alt=\"Peinture de femmes prenant un bain de mer\" width=\"293\" height=\"293\" srcset=\"https:\/\/i0.wp.com\/thomasgroslier.fr\/wp-content\/uploads\/2023\/03\/2022-10.Baigneuses-Web.jpg?w=850&ssl=1 850w, https:\/\/i0.wp.com\/thomasgroslier.fr\/wp-content\/uploads\/2023\/03\/2022-10.Baigneuses-Web.jpg?resize=300%2C300&ssl=1 300w, https:\/\/i0.wp.com\/thomasgroslier.fr\/wp-content\/uploads\/2023\/03\/2022-10.Baigneuses-Web.jpg?resize=150%2C150&ssl=1 150w, https:\/\/i0.wp.com\/thomasgroslier.fr\/wp-content\/uploads\/2023\/03\/2022-10.Baigneuses-Web.jpg?resize=768%2C769&ssl=1 768w, https:\/\/i0.wp.com\/thomasgroslier.fr\/wp-content\/uploads\/2023\/03\/2022-10.Baigneuses-Web.jpg?resize=780%2C781&ssl=1 780w, https:\/\/i0.wp.com\/thomasgroslier.fr\/wp-content\/uploads\/2023\/03\/2022-10.Baigneuses-Web.jpg?resize=400%2C400&ssl=1 400w\" sizes=\"auto, (max-width: 293px) 100vw, 293px\" \/><\/a><figcaption id=\"caption-attachment-12485\" class=\"wp-caption-text\">\u00ab\u00a0Paysage avec baigneuses\u00a0\u00bb 2022 Huile sur toile 50 x 50 cm<\/figcaption><\/figure>\n<p><span style=\"font-size: 20px;\"><strong data-start=\"200\" data-end=\"222\">Titre de l\u2019\u0153uvre :<\/strong> <em data-start=\"223\" data-end=\"247\">\"Landscape with bathers\"<\/em><\/span><br data-start=\"247\" data-end=\"250\" \/><span style=\"font-size: 20px;\"><strong data-start=\"250\" data-end=\"272\">Date de cr\u00e9ation :<\/strong> 2022<\/span><br data-start=\"282\" data-end=\"285\" \/><span style=\"font-size: 20px;\"><strong data-start=\"285\" data-end=\"300\">Technique :<\/strong> Huile sur toile<\/span><br data-start=\"329\" data-end=\"332\" \/><span style=\"font-size: 20px;\"><strong data-start=\"332\" data-end=\"348\">Dimensions :<\/strong> 50 x 50 cm<\/span><br data-start=\"378\" data-end=\"381\" \/><span style=\"font-size: 20px;\"><strong data-start=\"381\" data-end=\"394\">Support :<\/strong> Toile tendue sur ch\u00e2ssis<\/span><br data-start=\"412\" data-end=\"415\" \/><span style=\"font-size: 20px;\"><strong data-start=\"415\" data-end=\"434\">Sign\u00e9 et dat\u00e9<\/strong><\/span><br data-start=\"434\" data-end=\"437\" \/><span style=\"font-size: 20px;\"><strong data-start=\"437\" data-end=\"454\">Framing:<\/strong> non <\/span><br data-start=\"493\" data-end=\"496\" data-is-only-node=\"\" \/><span style=\"font-size: 20px;\"><strong data-start=\"496\" data-end=\"510\">Paiement :<\/strong> Paiement s\u00e9curis\u00e9<\/span><br data-start=\"528\" data-end=\"531\" \/><span style=\"font-size: 20px;\"><strong data-start=\"531\" data-end=\"556\">D\u00e9lais de livraison :<\/strong> 4 \u00e0 10 jours<br \/>\n<\/span><\/p>\n<p><span style=\"font-size: 20px;\">Sent via registered Colissimo with tracking and ad valorem insurance<\/span><\/p>","protected":false},"excerpt":{"rendered":"<p><span style=\"font-size: 20px;\"><strong data-start=\"200\" data-end=\"222\">Titre de l\u2019\u0153uvre :<\/strong> <em data-start=\"223\" data-end=\"247\">\"Landscape with bathers\"<\/em><\/span><br data-start=\"247\" data-end=\"250\" \/><span style=\"font-size: 20px;\"><strong data-start=\"250\" data-end=\"272\">Date de cr\u00e9ation :<\/strong> 2022<\/span><br data-start=\"282\" data-end=\"285\" \/><span style=\"font-size: 20px;\"><strong data-start=\"285\" data-end=\"300\">Technique :<\/strong> Huile sur toile<\/span><br data-start=\"329\" data-end=\"332\" \/><span style=\"font-size: 20px;\"><strong data-start=\"332\" data-end=\"348\">Dimensions :<\/strong> 50 x 50 cm<\/span><br data-start=\"378\" data-end=\"381\" \/><span style=\"font-size: 20px;\"><strong data-start=\"381\" data-end=\"394\">Support :<\/strong> Toile tendue sur ch\u00e2ssis<\/span><br data-start=\"412\" data-end=\"415\" \/><span style=\"font-size: 20px;\"><strong data-start=\"415\" data-end=\"434\">Sign\u00e9 et dat\u00e9<\/strong><\/span><br data-start=\"434\" data-end=\"437\" \/><span style=\"font-size: 20px;\"><strong data-start=\"437\" data-end=\"454\">Framing:<\/strong> non<\/span><br data-start=\"493\" data-end=\"496\" data-is-only-node=\"\" \/><span style=\"font-size: 20px;\"><strong data-start=\"496\" data-end=\"510\">Paiement :<\/strong> Paiement s\u00e9curis\u00e9<\/span><br data-start=\"528\" data-end=\"531\" \/><span style=\"font-size: 20px;\"><strong data-start=\"531\" data-end=\"556\">D\u00e9lais de livraison :<\/strong> 4 \u00e0 10 jours<br \/>\n<\/span><\/p>\n<p><span style=\"font-size: 20px;\">Sent via registered Colissimo with tracking and ad valorem insurance<\/span><\/p>","protected":false},"featured_media":12485,"template":"","meta":{"_themeisle_gutenberg_block_has_review":false,"jetpack_publicize_message":"","jetpack_publicize_feature_enabled":true,"jetpack_social_post_already_shared":true,"jetpack_social_options":{"image_generator_settings":{"template":"highway","default_image_id":0,"font":"","enabled":false},"version":2}},"product_brand":[],"product_cat":[100,50,89],"product_tag":[],"class_list":{"0":"post-15871","1":"product","2":"type-product","3":"status-publish","4":"has-post-thumbnail","6":"product_cat-baigneuse","7":"product_cat-peinture","8":"product_cat-toute-categories","9":"product_shipping_class-envoi-suivi-la-poste","10":"","12":"first","13":"instock","14":"shipping-taxable","15":"purchasable","16":"product-type-simple"},"yoast_head":"<!-- This site is optimized with the Yoast SEO plugin v27.6 - https:\/\/yoast.com\/product\/yoast-seo-wordpress\/ -->\n<title>&quot;Paysage avec baigneuses&quot; - Thomas Groslier - Artiste peintre<\/title>\n<meta name=\"description\" content=\"&quot;Paysage avec baigneuses&quot; 2022 Huile sur toile 50 x 50 cm\" \/>\n<meta name=\"robots\" content=\"index, follow, max-snippet:-1, max-image-preview:large, max-video-preview:-1\" \/>\n<link rel=\"canonical\" href=\"https:\/\/thomasgroslier.fr\/en\/product\/paysage-avec-baigneuses\/\" \/>\n<meta property=\"og:locale\" content=\"en_GB\" \/>\n<meta property=\"og:type\" content=\"article\" \/>\n<meta property=\"og:title\" content=\"&quot;Paysage avec baigneuses&quot; - Thomas Groslier - Artiste peintre\" \/>\n<meta property=\"og:description\" content=\"&quot;Paysage avec baigneuses&quot; 2022 Huile sur toile 50 x 50 cm\" \/>\n<meta property=\"og:url\" content=\"https:\/\/thomasgroslier.fr\/en\/product\/paysage-avec-baigneuses\/\" \/>\n<meta property=\"og:site_name\" content=\"Thomas Groslier - Artiste peintre\" \/>\n<meta property=\"article:modified_time\" content=\"2026-02-13T12:59:25+00:00\" \/>\n<meta property=\"og:image\" content=\"https:\/\/thomasgroslier.fr\/wp-content\/uploads\/2023\/03\/2022-10.Baigneuses-Web.jpg\" \/>\n\t<meta property=\"og:image:width\" content=\"850\" \/>\n\t<meta property=\"og:image:height\" content=\"851\" \/>\n\t<meta property=\"og:image:type\" content=\"image\/jpeg\" \/>\n<meta name=\"twitter:card\" content=\"summary_large_image\" \/>\n<meta name=\"twitter:label1\" content=\"Estimated reading time\" \/>\n\t<meta name=\"twitter:data1\" content=\"1 minute\" \/>\n<script type=\"application\/ld+json\" class=\"yoast-schema-graph\">{\"@context\":\"https:\\\/\\\/schema.org\",\"@graph\":[{\"@type\":\"WebPage\",\"@id\":\"https:\\\/\\\/thomasgroslier.fr\\\/produit\\\/paysage-avec-baigneuses\\\/\",\"url\":\"https:\\\/\\\/thomasgroslier.fr\\\/produit\\\/paysage-avec-baigneuses\\\/\",\"name\":\"\\\"Paysage avec baigneuses\\\" - Thomas Groslier - Artiste peintre\",\"isPartOf\":{\"@id\":\"https:\\\/\\\/thomasgroslier.fr\\\/#website\"},\"primaryImageOfPage\":{\"@id\":\"https:\\\/\\\/thomasgroslier.fr\\\/produit\\\/paysage-avec-baigneuses\\\/#primaryimage\"},\"image\":{\"@id\":\"https:\\\/\\\/thomasgroslier.fr\\\/produit\\\/paysage-avec-baigneuses\\\/#primaryimage\"},\"thumbnailUrl\":\"https:\\\/\\\/i0.wp.com\\\/thomasgroslier.fr\\\/wp-content\\\/uploads\\\/2023\\\/03\\\/2022-10.Baigneuses-Web.jpg?fit=850%2C851&ssl=1\",\"datePublished\":\"2022-10-05T07:00:42+00:00\",\"dateModified\":\"2026-02-13T12:59:25+00:00\",\"description\":\"\\\"Paysage avec baigneuses\\\" 2022 Huile sur toile 50 x 50 cm\",\"breadcrumb\":{\"@id\":\"https:\\\/\\\/thomasgroslier.fr\\\/produit\\\/paysage-avec-baigneuses\\\/#breadcrumb\"},\"inLanguage\":\"en-GB\",\"potentialAction\":[{\"@type\":\"ReadAction\",\"target\":[\"https:\\\/\\\/thomasgroslier.fr\\\/produit\\\/paysage-avec-baigneuses\\\/\"]}]},{\"@type\":\"ImageObject\",\"inLanguage\":\"en-GB\",\"@id\":\"https:\\\/\\\/thomasgroslier.fr\\\/produit\\\/paysage-avec-baigneuses\\\/#primaryimage\",\"url\":\"https:\\\/\\\/i0.wp.com\\\/thomasgroslier.fr\\\/wp-content\\\/uploads\\\/2023\\\/03\\\/2022-10.Baigneuses-Web.jpg?fit=850%2C851&ssl=1\",\"contentUrl\":\"https:\\\/\\\/i0.wp.com\\\/thomasgroslier.fr\\\/wp-content\\\/uploads\\\/2023\\\/03\\\/2022-10.Baigneuses-Web.jpg?fit=850%2C851&ssl=1\",\"width\":850,\"height\":851,\"caption\":\"\\\"Paysage avec baigneuses\\\" 2022 Huile sur toile 50 x 50 cm\"},{\"@type\":\"BreadcrumbList\",\"@id\":\"https:\\\/\\\/thomasgroslier.fr\\\/produit\\\/paysage-avec-baigneuses\\\/#breadcrumb\",\"itemListElement\":[{\"@type\":\"ListItem\",\"position\":1,\"name\":\"Accueil\",\"item\":\"https:\\\/\\\/thomasgroslier.fr\\\/\"},{\"@type\":\"ListItem\",\"position\":2,\"name\":\"La boutique\",\"item\":\"https:\\\/\\\/thomasgroslier.fr\\\/la-boutique\\\/\"},{\"@type\":\"ListItem\",\"position\":3,\"name\":\"\u00ab\u00a0Paysage avec baigneuses\u00a0\u00bb\"}]},{\"@type\":\"WebSite\",\"@id\":\"https:\\\/\\\/thomasgroslier.fr\\\/#website\",\"url\":\"https:\\\/\\\/thomasgroslier.fr\\\/\",\"name\":\"Thomas Groslier - Artiste peintre\",\"description\":\"\",\"publisher\":{\"@id\":\"https:\\\/\\\/thomasgroslier.fr\\\/#organization\"},\"alternateName\":\"Thomas Groslier\",\"potentialAction\":[{\"@type\":\"SearchAction\",\"target\":{\"@type\":\"EntryPoint\",\"urlTemplate\":\"https:\\\/\\\/thomasgroslier.fr\\\/?s={search_term_string}\"},\"query-input\":{\"@type\":\"PropertyValueSpecification\",\"valueRequired\":true,\"valueName\":\"search_term_string\"}}],\"inLanguage\":\"en-GB\"},{\"@type\":\"Organization\",\"@id\":\"https:\\\/\\\/thomasgroslier.fr\\\/#organization\",\"name\":\"Thomas Groslier - Artiste peintre\",\"url\":\"https:\\\/\\\/thomasgroslier.fr\\\/\",\"logo\":{\"@type\":\"ImageObject\",\"inLanguage\":\"en-GB\",\"@id\":\"https:\\\/\\\/thomasgroslier.fr\\\/#\\\/schema\\\/logo\\\/image\\\/\",\"url\":\"https:\\\/\\\/i0.wp.com\\\/thomasgroslier.fr\\\/wp-content\\\/uploads\\\/2018\\\/06\\\/cropped-cropped-cropped-autoportrait-le-soir1.jpg?fit=512%2C512&ssl=1\",\"contentUrl\":\"https:\\\/\\\/i0.wp.com\\\/thomasgroslier.fr\\\/wp-content\\\/uploads\\\/2018\\\/06\\\/cropped-cropped-cropped-autoportrait-le-soir1.jpg?fit=512%2C512&ssl=1\",\"width\":512,\"height\":512,\"caption\":\"Thomas Groslier - Artiste peintre\"},\"image\":{\"@id\":\"https:\\\/\\\/thomasgroslier.fr\\\/#\\\/schema\\\/logo\\\/image\\\/\"}}]}<\/script>\n<!-- \/ Yoast SEO plugin. -->","yoast_head_json":{"title":"\"Paysage avec baigneuses\" - Thomas Groslier - Artiste peintre","description":"\"Paysage avec baigneuses\" 2022 Huile sur toile 50 x 50 cm","robots":{"index":"index","follow":"follow","max-snippet":"max-snippet:-1","max-image-preview":"max-image-preview:large","max-video-preview":"max-video-preview:-1"},"canonical":"https:\/\/thomasgroslier.fr\/en\/product\/paysage-avec-baigneuses\/","og_locale":"en_GB","og_type":"article","og_title":"\"Paysage avec baigneuses\" - Thomas Groslier - Artiste peintre","og_description":"\"Paysage avec baigneuses\" 2022 Huile sur toile 50 x 50 cm","og_url":"https:\/\/thomasgroslier.fr\/en\/product\/paysage-avec-baigneuses\/","og_site_name":"Thomas Groslier - Artiste peintre","article_modified_time":"2026-02-13T12:59:25+00:00","og_image":[{"width":850,"height":851,"url":"https:\/\/thomasgroslier.fr\/wp-content\/uploads\/2023\/03\/2022-10.Baigneuses-Web.jpg","type":"image\/jpeg"}],"twitter_card":"summary_large_image","twitter_misc":{"Estimated reading time":"1 minute"},"schema":{"@context":"https:\/\/schema.org","@graph":[{"@type":"WebPage","@id":"https:\/\/thomasgroslier.fr\/produit\/paysage-avec-baigneuses\/","url":"https:\/\/thomasgroslier.fr\/produit\/paysage-avec-baigneuses\/","name":"\"Paysage avec baigneuses\" - Thomas Groslier - Artiste peintre","isPartOf":{"@id":"https:\/\/thomasgroslier.fr\/#website"},"primaryImageOfPage":{"@id":"https:\/\/thomasgroslier.fr\/produit\/paysage-avec-baigneuses\/#primaryimage"},"image":{"@id":"https:\/\/thomasgroslier.fr\/produit\/paysage-avec-baigneuses\/#primaryimage"},"thumbnailUrl":"https:\/\/i0.wp.com\/thomasgroslier.fr\/wp-content\/uploads\/2023\/03\/2022-10.Baigneuses-Web.jpg?fit=850%2C851&ssl=1","datePublished":"2022-10-05T07:00:42+00:00","dateModified":"2026-02-13T12:59:25+00:00","description":"\"Paysage avec baigneuses\" 2022 Huile sur toile 50 x 50 cm","breadcrumb":{"@id":"https:\/\/thomasgroslier.fr\/produit\/paysage-avec-baigneuses\/#breadcrumb"},"inLanguage":"en-GB","potentialAction":[{"@type":"ReadAction","target":["https:\/\/thomasgroslier.fr\/produit\/paysage-avec-baigneuses\/"]}]},{"@type":"ImageObject","inLanguage":"en-GB","@id":"https:\/\/thomasgroslier.fr\/produit\/paysage-avec-baigneuses\/#primaryimage","url":"https:\/\/i0.wp.com\/thomasgroslier.fr\/wp-content\/uploads\/2023\/03\/2022-10.Baigneuses-Web.jpg?fit=850%2C851&ssl=1","contentUrl":"https:\/\/i0.wp.com\/thomasgroslier.fr\/wp-content\/uploads\/2023\/03\/2022-10.Baigneuses-Web.jpg?fit=850%2C851&ssl=1","width":850,"height":851,"caption":"\"Paysage avec baigneuses\" 2022 Huile sur toile 50 x 50 cm"},{"@type":"BreadcrumbList","@id":"https:\/\/thomasgroslier.fr\/produit\/paysage-avec-baigneuses\/#breadcrumb","itemListElement":[{"@type":"ListItem","position":1,"name":"Accueil","item":"https:\/\/thomasgroslier.fr\/"},{"@type":"ListItem","position":2,"name":"La boutique","item":"https:\/\/thomasgroslier.fr\/la-boutique\/"},{"@type":"ListItem","position":3,"name":"\u00ab\u00a0Paysage avec baigneuses\u00a0\u00bb"}]},{"@type":"WebSite","@id":"https:\/\/thomasgroslier.fr\/#website","url":"https:\/\/thomasgroslier.fr\/","name":"Thomas Groslier - Artiste peintre","description":"","publisher":{"@id":"https:\/\/thomasgroslier.fr\/#organization"},"alternateName":"Thomas Groslier","potentialAction":[{"@type":"SearchAction","target":{"@type":"EntryPoint","urlTemplate":"https:\/\/thomasgroslier.fr\/?s={search_term_string}"},"query-input":{"@type":"PropertyValueSpecification","valueRequired":true,"valueName":"search_term_string"}}],"inLanguage":"en-GB"},{"@type":"Organization","@id":"https:\/\/thomasgroslier.fr\/#organization","name":"Thomas Groslier - Artiste peintre","url":"https:\/\/thomasgroslier.fr\/","logo":{"@type":"ImageObject","inLanguage":"en-GB","@id":"https:\/\/thomasgroslier.fr\/#\/schema\/logo\/image\/","url":"https:\/\/i0.wp.com\/thomasgroslier.fr\/wp-content\/uploads\/2018\/06\/cropped-cropped-cropped-autoportrait-le-soir1.jpg?fit=512%2C512&ssl=1","contentUrl":"https:\/\/i0.wp.com\/thomasgroslier.fr\/wp-content\/uploads\/2018\/06\/cropped-cropped-cropped-autoportrait-le-soir1.jpg?fit=512%2C512&ssl=1","width":512,"height":512,"caption":"Thomas Groslier - Artiste peintre"},"image":{"@id":"https:\/\/thomasgroslier.fr\/#\/schema\/logo\/image\/"}}]}},"jetpack_publicize_connections":[],"jetpack_sharing_enabled":true,"jetpack-related-posts":[{"id":15945,"url":"https:\/\/thomasgroslier.fr\/en\/product\/le-crabe\/","url_meta":{"origin":15871,"position":0},"title":"\"The crab\"","author":"T\u00e9g\u00e9","date":"26 November 2019","format":false,"excerpt":"2014 Huile sur toile tendue sur ch\u00e2ssis 60 x 74 cm x 2 cm \u00a0 \u00a0","rel":"","context":"Similar post","block_context":{"text":"Similar post","link":""},"img":{"alt_text":"femme prenant un bain de soleil","src":"https:\/\/i0.wp.com\/thomasgroslier.fr\/wp-content\/uploads\/2018\/06\/2014-02-lecrabe.jpg?fit=992%2C814&ssl=1&resize=350%2C200","width":350,"height":200,"srcset":"https:\/\/i0.wp.com\/thomasgroslier.fr\/wp-content\/uploads\/2018\/06\/2014-02-lecrabe.jpg?fit=992%2C814&ssl=1&resize=350%2C200 1x, https:\/\/i0.wp.com\/thomasgroslier.fr\/wp-content\/uploads\/2018\/06\/2014-02-lecrabe.jpg?fit=992%2C814&ssl=1&resize=525%2C300 1.5x, https:\/\/i0.wp.com\/thomasgroslier.fr\/wp-content\/uploads\/2018\/06\/2014-02-lecrabe.jpg?fit=992%2C814&ssl=1&resize=700%2C400 2x"},"classes":[]},{"id":14777,"url":"https:\/\/thomasgroslier.fr\/en\/product\/quatre-baigneuses-2\/","url_meta":{"origin":15871,"position":1},"title":"\u00ab\u00a0Quatre baigneuses\u00a0\u00bb","author":"T\u00e9g\u00e9","date":"29 September 2021","format":false,"excerpt":"2021 Encadrement : m\u00e9tal argent mat bross\u00e9 Peinture \u00e0 l'huile sur bois de peuplier Dimensions : 40 cm x 40 cm X 1,5 cm D\u00e9lais de livraison : 4 \u00e0 10 jours \u00a0","rel":"","context":"Similar post","block_context":{"text":"Similar post","link":""},"img":{"alt_text":"femmes prenant un bain de mer","src":"https:\/\/i0.wp.com\/thomasgroslier.fr\/wp-content\/uploads\/2024\/09\/quatre-baingeuse-encadre-web.jpg?fit=850%2C838&ssl=1&resize=350%2C200","width":350,"height":200,"srcset":"https:\/\/i0.wp.com\/thomasgroslier.fr\/wp-content\/uploads\/2024\/09\/quatre-baingeuse-encadre-web.jpg?fit=850%2C838&ssl=1&resize=350%2C200 1x, https:\/\/i0.wp.com\/thomasgroslier.fr\/wp-content\/uploads\/2024\/09\/quatre-baingeuse-encadre-web.jpg?fit=850%2C838&ssl=1&resize=525%2C300 1.5x, https:\/\/i0.wp.com\/thomasgroslier.fr\/wp-content\/uploads\/2024\/09\/quatre-baingeuse-encadre-web.jpg?fit=850%2C838&ssl=1&resize=700%2C400 2x"},"classes":[]},{"id":15946,"url":"https:\/\/thomasgroslier.fr\/en\/product\/clair-de-lune\/","url_meta":{"origin":15871,"position":2},"title":"\"Moonlight\"","author":"T\u00e9g\u00e9","date":"26 November 2019","format":false,"excerpt":"2014 Huile sur toile tendue sur ch\u00e2ssis 30 x 40 cm x 2 cm \u00a0 \u00a0","rel":"","context":"Similar post","block_context":{"text":"Similar post","link":""},"img":{"alt_text":"Femme dans un paysage Peinture contemporaine","src":"https:\/\/i0.wp.com\/thomasgroslier.fr\/wp-content\/uploads\/2025\/11\/2014-02.ainsi-la-lune-.jpg?fit=850%2C640&ssl=1&resize=350%2C200","width":350,"height":200,"srcset":"https:\/\/i0.wp.com\/thomasgroslier.fr\/wp-content\/uploads\/2025\/11\/2014-02.ainsi-la-lune-.jpg?fit=850%2C640&ssl=1&resize=350%2C200 1x, https:\/\/i0.wp.com\/thomasgroslier.fr\/wp-content\/uploads\/2025\/11\/2014-02.ainsi-la-lune-.jpg?fit=850%2C640&ssl=1&resize=525%2C300 1.5x, https:\/\/i0.wp.com\/thomasgroslier.fr\/wp-content\/uploads\/2025\/11\/2014-02.ainsi-la-lune-.jpg?fit=850%2C640&ssl=1&resize=700%2C400 2x"},"classes":[]},{"id":15941,"url":"https:\/\/thomasgroslier.fr\/en\/product\/le-jardin\/","url_meta":{"origin":15871,"position":3},"title":"The garden","author":"T\u00e9g\u00e9","date":"17 November 2020","format":false,"excerpt":"2012 Huile sur toile tendue sur ch\u00e2ssis 73 x 92 cm x 2 cm Encadrement bois noir (82 cm x 101 cm) D\u00e9lais de livraison : 4 \u00e0 10 jours Envoi en Colissimo recommand\u00e9 avec suivi et assurance ad valorem Il y a dans ce jardin quelque chose d\u2019ent\u00eat\u00e9, de\u2026","rel":"","context":"Similar post","block_context":{"text":"Similar post","link":""},"img":{"alt_text":"Peinture \u00e0 l\u2019huile repr\u00e9sentant un jardin clos o\u00f9 un fragment de statue \u2013 un pied monumental \u2013 repose sur un socle, entour\u00e9 de buissons taill\u00e9s, d\u2019un poirier paliss\u00e9 et d\u2019un paysage calme sous un ciel bleu","src":"https:\/\/i0.wp.com\/thomasgroslier.fr\/wp-content\/uploads\/2018\/07\/2012-07-pied-demichel-ange.jpg?fit=887%2C688&ssl=1&resize=350%2C200","width":350,"height":200,"srcset":"https:\/\/i0.wp.com\/thomasgroslier.fr\/wp-content\/uploads\/2018\/07\/2012-07-pied-demichel-ange.jpg?fit=887%2C688&ssl=1&resize=350%2C200 1x, https:\/\/i0.wp.com\/thomasgroslier.fr\/wp-content\/uploads\/2018\/07\/2012-07-pied-demichel-ange.jpg?fit=887%2C688&ssl=1&resize=525%2C300 1.5x, https:\/\/i0.wp.com\/thomasgroslier.fr\/wp-content\/uploads\/2018\/07\/2012-07-pied-demichel-ange.jpg?fit=887%2C688&ssl=1&resize=700%2C400 2x"},"classes":[]},{"id":14828,"url":"https:\/\/thomasgroslier.fr\/en\/product\/baigneuses-4\/","url_meta":{"origin":15871,"position":4},"title":"\u201cBathers\u201d","author":"T\u00e9g\u00e9","date":"1 October 2024","format":false,"excerpt":"2024 Gravure \u00e0 l'eau forte \u00a0Papier V\u00e9lin d'Arches 250 g\/m2 \u00c9preuve d'artiste, 7 exemplaires disponibles, num\u00e9rot\u00e9s de 1 \u00e0 7 Dimensions du papier = 30 x 40 cm Dimension de l'image = 20 x 30 cm \u0152uvre sign\u00e9e, dat\u00e9e, titr\u00e9e D\u00e9lais de livraison : 4 \u00e0 10 jours","rel":"","context":"Similar post","block_context":{"text":"Similar post","link":""},"img":{"alt_text":"Femme prenant un bain de soleil - Groslier, peinture","src":"https:\/\/i0.wp.com\/thomasgroslier.fr\/wp-content\/uploads\/2024\/10\/2024-08.baigneuses-2-web-1.jpg?fit=1134%2C848&ssl=1&resize=350%2C200","width":350,"height":200,"srcset":"https:\/\/i0.wp.com\/thomasgroslier.fr\/wp-content\/uploads\/2024\/10\/2024-08.baigneuses-2-web-1.jpg?fit=1134%2C848&ssl=1&resize=350%2C200 1x, https:\/\/i0.wp.com\/thomasgroslier.fr\/wp-content\/uploads\/2024\/10\/2024-08.baigneuses-2-web-1.jpg?fit=1134%2C848&ssl=1&resize=525%2C300 1.5x, https:\/\/i0.wp.com\/thomasgroslier.fr\/wp-content\/uploads\/2024\/10\/2024-08.baigneuses-2-web-1.jpg?fit=1134%2C848&ssl=1&resize=700%2C400 2x, https:\/\/i0.wp.com\/thomasgroslier.fr\/wp-content\/uploads\/2024\/10\/2024-08.baigneuses-2-web-1.jpg?fit=1134%2C848&ssl=1&resize=1050%2C600 3x"},"classes":[]},{"id":10360,"url":"https:\/\/thomasgroslier.fr\/en\/product\/jardin-de-nuit\/","url_meta":{"origin":15871,"position":5},"title":"Night garden","author":"T\u00e9g\u00e9","date":"2 April 2014","format":false,"excerpt":"2012 Huile sur toile de lin tendue sur ch\u00e2ssis 60 cm x 73 cm X 2 cm D\u00e9lais de livraison : 4 \u00e0 10 jours \u00a0 \u00a0","rel":"","context":"Similar post","block_context":{"text":"Similar post","link":""},"img":{"alt_text":"Jardin de nuit","src":"https:\/\/i0.wp.com\/thomasgroslier.fr\/wp-content\/uploads\/2018\/07\/11-2012automnejardinnuitlum.jpg?fit=709%2C579&ssl=1&resize=350%2C200","width":350,"height":200,"srcset":"https:\/\/i0.wp.com\/thomasgroslier.fr\/wp-content\/uploads\/2018\/07\/11-2012automnejardinnuitlum.jpg?fit=709%2C579&ssl=1&resize=350%2C200 1x, https:\/\/i0.wp.com\/thomasgroslier.fr\/wp-content\/uploads\/2018\/07\/11-2012automnejardinnuitlum.jpg?fit=709%2C579&ssl=1&resize=525%2C300 1.5x, https:\/\/i0.wp.com\/thomasgroslier.fr\/wp-content\/uploads\/2018\/07\/11-2012automnejardinnuitlum.jpg?fit=709%2C579&ssl=1&resize=700%2C400 2x"},"classes":[]}],"jetpack_likes_enabled":true,"_links":{"self":[{"href":"https:\/\/thomasgroslier.fr\/en\/wp-json\/wp\/v2\/product\/15871","targetHints":{"allow":["GET"]}}],"collection":[{"href":"https:\/\/thomasgroslier.fr\/en\/wp-json\/wp\/v2\/product"}],"about":[{"href":"https:\/\/thomasgroslier.fr\/en\/wp-json\/wp\/v2\/types\/product"}],"wp:featuredmedia":[{"embeddable":true,"href":"https:\/\/thomasgroslier.fr\/en\/wp-json\/wp\/v2\/media\/12485"}],"wp:attachment":[{"href":"https:\/\/thomasgroslier.fr\/en\/wp-json\/wp\/v2\/media?parent=15871"}],"wp:term":[{"taxonomy":"product_brand","embeddable":true,"href":"https:\/\/thomasgroslier.fr\/en\/wp-json\/wp\/v2\/product_brand?post=15871"},{"taxonomy":"product_cat","embeddable":true,"href":"https:\/\/thomasgroslier.fr\/en\/wp-json\/wp\/v2\/product_cat?post=15871"},{"taxonomy":"product_tag","embeddable":true,"href":"https:\/\/thomasgroslier.fr\/en\/wp-json\/wp\/v2\/product_tag?post=15871"}],"curies":[{"name":"wp","href":"https:\/\/api.w.org\/{rel}","templated":true}]}}