{"id":15935,"date":"2020-11-10T09:26:52","date_gmt":"2020-11-10T08:26:52","guid":{"rendered":"https:\/\/thomasgroslier.fr\/?post_type=product&#038;p=15935"},"modified":"2026-01-31T10:33:40","modified_gmt":"2026-01-31T09:33:40","slug":"ainsi-la-nuit-2","status":"publish","type":"product","link":"https:\/\/thomasgroslier.fr\/en\/product\/ainsi-la-nuit-2\/","title":{"rendered":"\"Thus the night\""},"content":{"rendered":"<figure id=\"attachment_15934\" aria-describedby=\"caption-attachment-15934\" style=\"width: 289px\" class=\"wp-caption alignnone\"><a href=\"https:\/\/thomasgroslier.fr\/en\/?attachment_id=15934\" rel=\"attachment wp-att-15934\"><img data-recalc-dims=\"1\" loading=\"lazy\" decoding=\"async\" data-attachment-id=\"15934\" data-permalink=\"https:\/\/thomasgroslier.fr\/en\/?attachment_id=15934\" data-orig-file=\"https:\/\/i0.wp.com\/thomasgroslier.fr\/wp-content\/uploads\/2025\/11\/2015-05.ainsi-la-nuit-web.jpg?fit=850%2C686&ssl=1\" data-orig-size=\"850,686\" data-comments-opened=\"0\" data-image-meta=\"{&quot;aperture&quot;:&quot;0&quot;,&quot;credit&quot;:&quot;&quot;,&quot;camera&quot;:&quot;&quot;,&quot;caption&quot;:&quot;&quot;,&quot;created_timestamp&quot;:&quot;0&quot;,&quot;copyright&quot;:&quot;&quot;,&quot;focal_length&quot;:&quot;0&quot;,&quot;iso&quot;:&quot;0&quot;,&quot;shutter_speed&quot;:&quot;0&quot;,&quot;title&quot;:&quot;&quot;,&quot;orientation&quot;:&quot;0&quot;}\" data-image-title=\"ainsi-la-nuit.jpg\" data-image-description=\"<p>Ainsi la nuit (2025) \u2014 huile sur toile, 65 \u00d7 80 cm.<br \/>Une femme en robe rouge se tient seule dans un bois, sous la pleine lune. La sc\u00e8ne, silencieuse et immobile, m\u00eale la douceur du clair de lune \u00e0 une l\u00e9g\u00e8re inqui\u00e9tude. Entre r\u00eave et r\u00e9alit\u00e9, la nuit devient un espace d\u2019attente et de myst\u00e8re.<\/p>\" data-image-caption=\"<p>\u00ab\u00a0Ainsi la nuit\u00a0\u00bb 2015 Huile sur toile 65 x 81 cm<\/p>\" data-large-file=\"https:\/\/i0.wp.com\/thomasgroslier.fr\/wp-content\/uploads\/2025\/11\/2015-05.ainsi-la-nuit-web.jpg?fit=640%2C517&ssl=1\" class=\"wp-image-15934\" src=\"https:\/\/i0.wp.com\/thomasgroslier.fr\/wp-content\/uploads\/2025\/11\/2015-05.ainsi-la-nuit-web.jpg?resize=289%2C233&ssl=1\" alt=\"Femme en robe rouge sous la lune, debout dans un bois nocturne, peinture \u00e0 l\u2019huile intitul\u00e9e Ainsi la nuit (2025).\" width=\"289\" height=\"233\" srcset=\"https:\/\/i0.wp.com\/thomasgroslier.fr\/wp-content\/uploads\/2025\/11\/2015-05.ainsi-la-nuit-web.jpg?w=850&ssl=1 850w, https:\/\/i0.wp.com\/thomasgroslier.fr\/wp-content\/uploads\/2025\/11\/2015-05.ainsi-la-nuit-web.jpg?resize=300%2C242&ssl=1 300w, https:\/\/i0.wp.com\/thomasgroslier.fr\/wp-content\/uploads\/2025\/11\/2015-05.ainsi-la-nuit-web.jpg?resize=768%2C620&ssl=1 768w, https:\/\/i0.wp.com\/thomasgroslier.fr\/wp-content\/uploads\/2025\/11\/2015-05.ainsi-la-nuit-web.jpg?resize=780%2C630&ssl=1 780w, https:\/\/i0.wp.com\/thomasgroslier.fr\/wp-content\/uploads\/2025\/11\/2015-05.ainsi-la-nuit-web.jpg?resize=400%2C323&ssl=1 400w, https:\/\/i0.wp.com\/thomasgroslier.fr\/wp-content\/uploads\/2025\/11\/2015-05.ainsi-la-nuit-web.jpg?resize=600%2C484&ssl=1 600w\" sizes=\"auto, (max-width: 289px) 100vw, 289px\" \/><\/a><figcaption id=\"caption-attachment-15934\" class=\"wp-caption-text\">\u00ab\u00a0Ainsi la nuit\u00a0\u00bb 2015 Huile sur toile 65 x 81 cm<\/figcaption><\/figure>\n<p><span style=\"font-size: 20px;\">2015<\/span><\/p>\n<p><span style=\"font-size: 20px;\">Huile sur toile tendue sur ch\u00e2ssis<\/span><\/p>\n<p><span style=\"font-size: 20px;\">65 x 81 cm x 2 cm<\/span><\/p>\n<p><span style=\"font-size: 20px;\">Delivery time: 4 to 10 days<\/span><\/p>\n<p><span style=\"font-size: 20px;\">Sent via registered Colissimo with tracking and ad valorem insurance<\/span><\/p>","protected":false},"excerpt":{"rendered":"<p><span style=\"font-size: 20px;\">2015<\/span><\/p>\n<p><span style=\"font-size: 20px;\">Huile sur toile tendue sur ch\u00e2ssis<\/span><\/p>\n<p><span style=\"font-size: 20px;\">65 x 81 cm x 2 cm<\/span><\/p>\n<p><span style=\"font-size: 20px;\">Delivery time: 4 to 10 days<\/span><\/p>\n<p><span style=\"font-size: 20px;\">Sent via registered Colissimo with tracking and ad valorem insurance<\/span><\/p>\n<p><span style=\"font-size: 20px;\">Sous la lune, une femme en robe rouge se tient seule dans un bois. L\u2019ombre et la lumi\u00e8re s\u2019y partagent le silence.<\/span><\/p>","protected":false},"featured_media":15934,"template":"","meta":{"_themeisle_gutenberg_block_has_review":false,"jetpack_publicize_message":"","jetpack_publicize_feature_enabled":true,"jetpack_social_post_already_shared":true,"jetpack_social_options":{"image_generator_settings":{"template":"highway","default_image_id":0,"font":"","enabled":false},"version":2}},"product_brand":[],"product_cat":[102,50,104,89],"product_tag":[122,127,130],"class_list":{"0":"post-15935","1":"product","2":"type-product","3":"status-publish","4":"has-post-thumbnail","6":"product_cat-paysage","7":"product_cat-peinture","8":"product_cat-scene-de-genre","9":"product_cat-toute-categories","10":"product_tag-art-figuratif","11":"product_tag-peinture-francaise-contemporaine","12":"product_tag-scene-de-genre","13":"product_shipping_class-envoi-suivi-la-poste","14":"","16":"first","17":"outofstock","18":"shipping-taxable","19":"purchasable","20":"product-type-simple"},"yoast_head":"<!-- This site is optimized with the Yoast SEO plugin v27.6 - https:\/\/yoast.com\/product\/yoast-seo-wordpress\/ -->\n<title>&quot;Ainsi la nuit&quot; - Thomas Groslier - Artiste peintre<\/title>\n<meta name=\"description\" content=\"Ainsi la nuit (2025), huile sur toile de 65\u00d780 cm. Peinture contemporaine : une femme en robe rouge, seule sous la lune, entre silence et myst\u00e8re.\" \/>\n<meta name=\"robots\" content=\"index, follow, max-snippet:-1, max-image-preview:large, max-video-preview:-1\" \/>\n<link rel=\"canonical\" href=\"https:\/\/thomasgroslier.fr\/en\/product\/ainsi-la-nuit-2\/\" \/>\n<meta property=\"og:locale\" content=\"en_GB\" \/>\n<meta property=\"og:type\" content=\"article\" \/>\n<meta property=\"og:title\" content=\"Ainsi la lune\" \/>\n<meta property=\"og:description\" content=\"2015Huile sur toile tendue sur ch\u00e2ssis65 x 81 cm x 2 cm D\u00e9lais de livraison : 4 \u00e0 10 joursEnvoi en Colissimo recommand\u00e9 avec suivi et assurance ad valorem. Sous la lune, une femme en robe rouge se tient seule dans un bois. L\u2019ombre et la lumi\u00e8re s\u2019y partagent le silence.\" \/>\n<meta property=\"og:url\" content=\"https:\/\/thomasgroslier.fr\/en\/product\/ainsi-la-nuit-2\/\" \/>\n<meta property=\"og:site_name\" content=\"Thomas Groslier - Artiste peintre\" \/>\n<meta property=\"article:modified_time\" content=\"2026-01-31T09:33:40+00:00\" \/>\n<meta property=\"og:image\" content=\"https:\/\/thomasgroslier.fr\/wp-content\/uploads\/2025\/11\/2015-05.ainsi-la-nuit-web.jpg\" \/>\n\t<meta property=\"og:image:width\" content=\"850\" \/>\n\t<meta property=\"og:image:height\" content=\"686\" \/>\n\t<meta property=\"og:image:type\" content=\"image\/jpeg\" \/>\n<meta name=\"twitter:card\" content=\"summary_large_image\" \/>\n<meta name=\"twitter:label1\" content=\"Estimated reading time\" \/>\n\t<meta name=\"twitter:data1\" content=\"1 minute\" \/>\n<script type=\"application\/ld+json\" class=\"yoast-schema-graph\">{\"@context\":\"https:\\\/\\\/schema.org\",\"@graph\":[{\"@type\":\"WebPage\",\"@id\":\"https:\\\/\\\/thomasgroslier.fr\\\/produit\\\/ainsi-la-nuit-2\\\/\",\"url\":\"https:\\\/\\\/thomasgroslier.fr\\\/produit\\\/ainsi-la-nuit-2\\\/\",\"name\":\"\\\"Ainsi la nuit\\\" - Thomas Groslier - Artiste peintre\",\"isPartOf\":{\"@id\":\"https:\\\/\\\/thomasgroslier.fr\\\/#website\"},\"primaryImageOfPage\":{\"@id\":\"https:\\\/\\\/thomasgroslier.fr\\\/produit\\\/ainsi-la-nuit-2\\\/#primaryimage\"},\"image\":{\"@id\":\"https:\\\/\\\/thomasgroslier.fr\\\/produit\\\/ainsi-la-nuit-2\\\/#primaryimage\"},\"thumbnailUrl\":\"https:\\\/\\\/i0.wp.com\\\/thomasgroslier.fr\\\/wp-content\\\/uploads\\\/2025\\\/11\\\/2015-05.ainsi-la-nuit-web.jpg?fit=850%2C686&ssl=1\",\"datePublished\":\"2020-11-10T08:26:52+00:00\",\"dateModified\":\"2026-01-31T09:33:40+00:00\",\"description\":\"Ainsi la nuit (2025), huile sur toile de 65\u00d780 cm. Peinture contemporaine : une femme en robe rouge, seule sous la lune, entre silence et myst\u00e8re.\",\"breadcrumb\":{\"@id\":\"https:\\\/\\\/thomasgroslier.fr\\\/produit\\\/ainsi-la-nuit-2\\\/#breadcrumb\"},\"inLanguage\":\"en-GB\",\"potentialAction\":[{\"@type\":\"ReadAction\",\"target\":[\"https:\\\/\\\/thomasgroslier.fr\\\/produit\\\/ainsi-la-nuit-2\\\/\"]}]},{\"@type\":\"ImageObject\",\"inLanguage\":\"en-GB\",\"@id\":\"https:\\\/\\\/thomasgroslier.fr\\\/produit\\\/ainsi-la-nuit-2\\\/#primaryimage\",\"url\":\"https:\\\/\\\/i0.wp.com\\\/thomasgroslier.fr\\\/wp-content\\\/uploads\\\/2025\\\/11\\\/2015-05.ainsi-la-nuit-web.jpg?fit=850%2C686&ssl=1\",\"contentUrl\":\"https:\\\/\\\/i0.wp.com\\\/thomasgroslier.fr\\\/wp-content\\\/uploads\\\/2025\\\/11\\\/2015-05.ainsi-la-nuit-web.jpg?fit=850%2C686&ssl=1\",\"width\":850,\"height\":686,\"caption\":\"\\\"Ainsi la nuit\\\" 2015 Huile sur toile 65 x 81 cm\"},{\"@type\":\"BreadcrumbList\",\"@id\":\"https:\\\/\\\/thomasgroslier.fr\\\/produit\\\/ainsi-la-nuit-2\\\/#breadcrumb\",\"itemListElement\":[{\"@type\":\"ListItem\",\"position\":1,\"name\":\"Accueil\",\"item\":\"https:\\\/\\\/thomasgroslier.fr\\\/\"},{\"@type\":\"ListItem\",\"position\":2,\"name\":\"La boutique\",\"item\":\"https:\\\/\\\/thomasgroslier.fr\\\/la-boutique\\\/\"},{\"@type\":\"ListItem\",\"position\":3,\"name\":\"\u00ab\u00a0Ainsi la nuit\u00a0\u00bb\"}]},{\"@type\":\"WebSite\",\"@id\":\"https:\\\/\\\/thomasgroslier.fr\\\/#website\",\"url\":\"https:\\\/\\\/thomasgroslier.fr\\\/\",\"name\":\"Thomas Groslier - Artiste peintre\",\"description\":\"\",\"publisher\":{\"@id\":\"https:\\\/\\\/thomasgroslier.fr\\\/#organization\"},\"alternateName\":\"Thomas Groslier\",\"potentialAction\":[{\"@type\":\"SearchAction\",\"target\":{\"@type\":\"EntryPoint\",\"urlTemplate\":\"https:\\\/\\\/thomasgroslier.fr\\\/?s={search_term_string}\"},\"query-input\":{\"@type\":\"PropertyValueSpecification\",\"valueRequired\":true,\"valueName\":\"search_term_string\"}}],\"inLanguage\":\"en-GB\"},{\"@type\":\"Organization\",\"@id\":\"https:\\\/\\\/thomasgroslier.fr\\\/#organization\",\"name\":\"Thomas Groslier - Artiste peintre\",\"url\":\"https:\\\/\\\/thomasgroslier.fr\\\/\",\"logo\":{\"@type\":\"ImageObject\",\"inLanguage\":\"en-GB\",\"@id\":\"https:\\\/\\\/thomasgroslier.fr\\\/#\\\/schema\\\/logo\\\/image\\\/\",\"url\":\"https:\\\/\\\/i0.wp.com\\\/thomasgroslier.fr\\\/wp-content\\\/uploads\\\/2018\\\/06\\\/cropped-cropped-cropped-autoportrait-le-soir1.jpg?fit=512%2C512&ssl=1\",\"contentUrl\":\"https:\\\/\\\/i0.wp.com\\\/thomasgroslier.fr\\\/wp-content\\\/uploads\\\/2018\\\/06\\\/cropped-cropped-cropped-autoportrait-le-soir1.jpg?fit=512%2C512&ssl=1\",\"width\":512,\"height\":512,\"caption\":\"Thomas Groslier - Artiste peintre\"},\"image\":{\"@id\":\"https:\\\/\\\/thomasgroslier.fr\\\/#\\\/schema\\\/logo\\\/image\\\/\"}}]}<\/script>\n<!-- \/ Yoast SEO plugin. -->","yoast_head_json":{"title":"\"Ainsi la nuit\" - Thomas Groslier - Artiste peintre","description":"Ainsi la nuit (2025), huile sur toile de 65\u00d780 cm. Peinture contemporaine : une femme en robe rouge, seule sous la lune, entre silence et myst\u00e8re.","robots":{"index":"index","follow":"follow","max-snippet":"max-snippet:-1","max-image-preview":"max-image-preview:large","max-video-preview":"max-video-preview:-1"},"canonical":"https:\/\/thomasgroslier.fr\/en\/product\/ainsi-la-nuit-2\/","og_locale":"en_GB","og_type":"article","og_title":"Ainsi la lune","og_description":"2015Huile sur toile tendue sur ch\u00e2ssis65 x 81 cm x 2 cm D\u00e9lais de livraison : 4 \u00e0 10 joursEnvoi en Colissimo recommand\u00e9 avec suivi et assurance ad valorem. Sous la lune, une femme en robe rouge se tient seule dans un bois. L\u2019ombre et la lumi\u00e8re s\u2019y partagent le silence.","og_url":"https:\/\/thomasgroslier.fr\/en\/product\/ainsi-la-nuit-2\/","og_site_name":"Thomas Groslier - Artiste peintre","article_modified_time":"2026-01-31T09:33:40+00:00","og_image":[{"width":850,"height":686,"url":"https:\/\/thomasgroslier.fr\/wp-content\/uploads\/2025\/11\/2015-05.ainsi-la-nuit-web.jpg","type":"image\/jpeg"}],"twitter_card":"summary_large_image","twitter_misc":{"Estimated reading time":"1 minute"},"schema":{"@context":"https:\/\/schema.org","@graph":[{"@type":"WebPage","@id":"https:\/\/thomasgroslier.fr\/produit\/ainsi-la-nuit-2\/","url":"https:\/\/thomasgroslier.fr\/produit\/ainsi-la-nuit-2\/","name":"\"Ainsi la nuit\" - Thomas Groslier - Artiste peintre","isPartOf":{"@id":"https:\/\/thomasgroslier.fr\/#website"},"primaryImageOfPage":{"@id":"https:\/\/thomasgroslier.fr\/produit\/ainsi-la-nuit-2\/#primaryimage"},"image":{"@id":"https:\/\/thomasgroslier.fr\/produit\/ainsi-la-nuit-2\/#primaryimage"},"thumbnailUrl":"https:\/\/i0.wp.com\/thomasgroslier.fr\/wp-content\/uploads\/2025\/11\/2015-05.ainsi-la-nuit-web.jpg?fit=850%2C686&ssl=1","datePublished":"2020-11-10T08:26:52+00:00","dateModified":"2026-01-31T09:33:40+00:00","description":"Ainsi la nuit (2025), huile sur toile de 65\u00d780 cm. Peinture contemporaine : une femme en robe rouge, seule sous la lune, entre silence et myst\u00e8re.","breadcrumb":{"@id":"https:\/\/thomasgroslier.fr\/produit\/ainsi-la-nuit-2\/#breadcrumb"},"inLanguage":"en-GB","potentialAction":[{"@type":"ReadAction","target":["https:\/\/thomasgroslier.fr\/produit\/ainsi-la-nuit-2\/"]}]},{"@type":"ImageObject","inLanguage":"en-GB","@id":"https:\/\/thomasgroslier.fr\/produit\/ainsi-la-nuit-2\/#primaryimage","url":"https:\/\/i0.wp.com\/thomasgroslier.fr\/wp-content\/uploads\/2025\/11\/2015-05.ainsi-la-nuit-web.jpg?fit=850%2C686&ssl=1","contentUrl":"https:\/\/i0.wp.com\/thomasgroslier.fr\/wp-content\/uploads\/2025\/11\/2015-05.ainsi-la-nuit-web.jpg?fit=850%2C686&ssl=1","width":850,"height":686,"caption":"\"Ainsi la nuit\" 2015 Huile sur toile 65 x 81 cm"},{"@type":"BreadcrumbList","@id":"https:\/\/thomasgroslier.fr\/produit\/ainsi-la-nuit-2\/#breadcrumb","itemListElement":[{"@type":"ListItem","position":1,"name":"Accueil","item":"https:\/\/thomasgroslier.fr\/"},{"@type":"ListItem","position":2,"name":"La boutique","item":"https:\/\/thomasgroslier.fr\/la-boutique\/"},{"@type":"ListItem","position":3,"name":"\u00ab\u00a0Ainsi la nuit\u00a0\u00bb"}]},{"@type":"WebSite","@id":"https:\/\/thomasgroslier.fr\/#website","url":"https:\/\/thomasgroslier.fr\/","name":"Thomas Groslier - Artiste peintre","description":"","publisher":{"@id":"https:\/\/thomasgroslier.fr\/#organization"},"alternateName":"Thomas Groslier","potentialAction":[{"@type":"SearchAction","target":{"@type":"EntryPoint","urlTemplate":"https:\/\/thomasgroslier.fr\/?s={search_term_string}"},"query-input":{"@type":"PropertyValueSpecification","valueRequired":true,"valueName":"search_term_string"}}],"inLanguage":"en-GB"},{"@type":"Organization","@id":"https:\/\/thomasgroslier.fr\/#organization","name":"Thomas Groslier - Artiste peintre","url":"https:\/\/thomasgroslier.fr\/","logo":{"@type":"ImageObject","inLanguage":"en-GB","@id":"https:\/\/thomasgroslier.fr\/#\/schema\/logo\/image\/","url":"https:\/\/i0.wp.com\/thomasgroslier.fr\/wp-content\/uploads\/2018\/06\/cropped-cropped-cropped-autoportrait-le-soir1.jpg?fit=512%2C512&ssl=1","contentUrl":"https:\/\/i0.wp.com\/thomasgroslier.fr\/wp-content\/uploads\/2018\/06\/cropped-cropped-cropped-autoportrait-le-soir1.jpg?fit=512%2C512&ssl=1","width":512,"height":512,"caption":"Thomas Groslier - Artiste peintre"},"image":{"@id":"https:\/\/thomasgroslier.fr\/#\/schema\/logo\/image\/"}}]}},"jetpack_publicize_connections":[],"jetpack_sharing_enabled":true,"jetpack-related-posts":[{"id":15941,"url":"https:\/\/thomasgroslier.fr\/en\/product\/le-jardin\/","url_meta":{"origin":15935,"position":0},"title":"The garden","author":"T\u00e9g\u00e9","date":"17 November 2020","format":false,"excerpt":"2012 Huile sur toile tendue sur ch\u00e2ssis 73 x 92 cm x 2 cm Encadrement bois noir (82 cm x 101 cm) D\u00e9lais de livraison : 4 \u00e0 10 jours Envoi en Colissimo recommand\u00e9 avec suivi et assurance ad valorem Il y a dans ce jardin quelque chose d\u2019ent\u00eat\u00e9, de\u2026","rel":"","context":"Similar post","block_context":{"text":"Similar post","link":""},"img":{"alt_text":"Peinture \u00e0 l\u2019huile repr\u00e9sentant un jardin clos o\u00f9 un fragment de statue \u2013 un pied monumental \u2013 repose sur un socle, entour\u00e9 de buissons taill\u00e9s, d\u2019un poirier paliss\u00e9 et d\u2019un paysage calme sous un ciel bleu","src":"https:\/\/i0.wp.com\/thomasgroslier.fr\/wp-content\/uploads\/2018\/07\/2012-07-pied-demichel-ange.jpg?fit=887%2C688&ssl=1&resize=350%2C200","width":350,"height":200,"srcset":"https:\/\/i0.wp.com\/thomasgroslier.fr\/wp-content\/uploads\/2018\/07\/2012-07-pied-demichel-ange.jpg?fit=887%2C688&ssl=1&resize=350%2C200 1x, https:\/\/i0.wp.com\/thomasgroslier.fr\/wp-content\/uploads\/2018\/07\/2012-07-pied-demichel-ange.jpg?fit=887%2C688&ssl=1&resize=525%2C300 1.5x, https:\/\/i0.wp.com\/thomasgroslier.fr\/wp-content\/uploads\/2018\/07\/2012-07-pied-demichel-ange.jpg?fit=887%2C688&ssl=1&resize=700%2C400 2x"},"classes":[]},{"id":10360,"url":"https:\/\/thomasgroslier.fr\/en\/product\/jardin-de-nuit\/","url_meta":{"origin":15935,"position":1},"title":"Night garden","author":"T\u00e9g\u00e9","date":"2 April 2014","format":false,"excerpt":"2012 Huile sur toile de lin tendue sur ch\u00e2ssis 60 cm x 73 cm X 2 cm D\u00e9lais de livraison : 4 \u00e0 10 jours \u00a0 \u00a0","rel":"","context":"Similar post","block_context":{"text":"Similar post","link":""},"img":{"alt_text":"Jardin de nuit","src":"https:\/\/i0.wp.com\/thomasgroslier.fr\/wp-content\/uploads\/2018\/07\/11-2012automnejardinnuitlum.jpg?fit=709%2C579&ssl=1&resize=350%2C200","width":350,"height":200,"srcset":"https:\/\/i0.wp.com\/thomasgroslier.fr\/wp-content\/uploads\/2018\/07\/11-2012automnejardinnuitlum.jpg?fit=709%2C579&ssl=1&resize=350%2C200 1x, https:\/\/i0.wp.com\/thomasgroslier.fr\/wp-content\/uploads\/2018\/07\/11-2012automnejardinnuitlum.jpg?fit=709%2C579&ssl=1&resize=525%2C300 1.5x, https:\/\/i0.wp.com\/thomasgroslier.fr\/wp-content\/uploads\/2018\/07\/11-2012automnejardinnuitlum.jpg?fit=709%2C579&ssl=1&resize=700%2C400 2x"},"classes":[]},{"id":15754,"url":"https:\/\/thomasgroslier.fr\/en\/product\/le-rouge-a-levres\/","url_meta":{"origin":15935,"position":2},"title":"\"Lipstick\"","author":"T\u00e9g\u00e9","date":"26 September 2025","format":false,"excerpt":"\"Le rouge \u00e0 l\u00e8vres\" 2025 Huile sur toile 55 x 46 cm Options : disponible encadr\u00e9e (cadre bois argent\u00e9 et biseaut\u00e9 66 x 53 cm) : + 100 \u20ac, ou non encadr\u00e9e Envoi en Colissimo recommand\u00e9 avec suivi et assurance ad valorem","rel":"","context":"Similar post","block_context":{"text":"Similar post","link":""},"img":{"alt_text":"Peinture d'une femme en robe blanche contemplant un miroir, sur fond de mur gris et fen\u00eatre bleue avec nuages, par Thomas Groslier","src":"https:\/\/i0.wp.com\/thomasgroslier.fr\/wp-content\/uploads\/2025\/09\/2025-06.le-rouge-a-levres-cadre-web.jpg?fit=722%2C850&ssl=1&resize=350%2C200","width":350,"height":200,"srcset":"https:\/\/i0.wp.com\/thomasgroslier.fr\/wp-content\/uploads\/2025\/09\/2025-06.le-rouge-a-levres-cadre-web.jpg?fit=722%2C850&ssl=1&resize=350%2C200 1x, https:\/\/i0.wp.com\/thomasgroslier.fr\/wp-content\/uploads\/2025\/09\/2025-06.le-rouge-a-levres-cadre-web.jpg?fit=722%2C850&ssl=1&resize=525%2C300 1.5x, https:\/\/i0.wp.com\/thomasgroslier.fr\/wp-content\/uploads\/2025\/09\/2025-06.le-rouge-a-levres-cadre-web.jpg?fit=722%2C850&ssl=1&resize=700%2C400 2x"},"classes":[]},{"id":16120,"url":"https:\/\/thomasgroslier.fr\/en\/product\/la-demoiselle-de-la-nuit\/","url_meta":{"origin":15935,"position":3},"title":"\"The Lady of the Night\"","author":"T\u00e9g\u00e9","date":"26 January 2020","format":false,"excerpt":"2012 Technique : Crayon, encre de Chine et aquarelle sur papier 300 gr Dimentions : 65 cm x 50 cm x 0,20 cm Sign\u00e9 en bas \u00e0 droite et au dos. Certificat d'authenticit\u00e9 Livraison\u00a0 : 4 \u00e0 10 jours. Colissimo suivi avec assurance : France = 16.00\u20ac Europe = 24\u2026","rel":"","context":"Similar post","block_context":{"text":"Similar post","link":""},"img":{"alt_text":"Thomas Groslier \"Demoiselle de la nuit\" 2012 Encre de Chine et aquarelle sur papier 65 x 50 cm","src":"https:\/\/i0.wp.com\/thomasgroslier.fr\/wp-content\/uploads\/2019\/03\/11-2012.LaDemoiselleDeLaNui.jpg?fit=659%2C850&ssl=1&resize=350%2C200","width":350,"height":200,"srcset":"https:\/\/i0.wp.com\/thomasgroslier.fr\/wp-content\/uploads\/2019\/03\/11-2012.LaDemoiselleDeLaNui.jpg?fit=659%2C850&ssl=1&resize=350%2C200 1x, https:\/\/i0.wp.com\/thomasgroslier.fr\/wp-content\/uploads\/2019\/03\/11-2012.LaDemoiselleDeLaNui.jpg?fit=659%2C850&ssl=1&resize=525%2C300 1.5x"},"classes":[]},{"id":15950,"url":"https:\/\/thomasgroslier.fr\/en\/product\/modele-peintre-et-souris\/","url_meta":{"origin":15935,"position":4},"title":"\"Model, painter, and mouse\"","author":"T\u00e9g\u00e9","date":"29 November 2020","format":false,"excerpt":"2011 Huile sur toile tendue sur ch\u00e2ssis 41 cm x 33 cm x 2 cm","rel":"","context":"Similar post","block_context":{"text":"Similar post","link":""},"img":{"alt_text":"le peintre et son mod\u00e8le","src":"https:\/\/i0.wp.com\/thomasgroslier.fr\/wp-content\/uploads\/2022\/09\/08-2011.NuPeintreEtSouris.jpg?fit=688%2C850&ssl=1&resize=350%2C200","width":350,"height":200,"srcset":"https:\/\/i0.wp.com\/thomasgroslier.fr\/wp-content\/uploads\/2022\/09\/08-2011.NuPeintreEtSouris.jpg?fit=688%2C850&ssl=1&resize=350%2C200 1x, https:\/\/i0.wp.com\/thomasgroslier.fr\/wp-content\/uploads\/2022\/09\/08-2011.NuPeintreEtSouris.jpg?fit=688%2C850&ssl=1&resize=525%2C300 1.5x"},"classes":[]},{"id":15945,"url":"https:\/\/thomasgroslier.fr\/en\/product\/le-crabe\/","url_meta":{"origin":15935,"position":5},"title":"\"The crab\"","author":"T\u00e9g\u00e9","date":"26 November 2019","format":false,"excerpt":"2014 Huile sur toile tendue sur ch\u00e2ssis 60 x 74 cm x 2 cm \u00a0 \u00a0","rel":"","context":"Similar post","block_context":{"text":"Similar post","link":""},"img":{"alt_text":"femme prenant un bain de soleil","src":"https:\/\/i0.wp.com\/thomasgroslier.fr\/wp-content\/uploads\/2018\/06\/2014-02-lecrabe.jpg?fit=992%2C814&ssl=1&resize=350%2C200","width":350,"height":200,"srcset":"https:\/\/i0.wp.com\/thomasgroslier.fr\/wp-content\/uploads\/2018\/06\/2014-02-lecrabe.jpg?fit=992%2C814&ssl=1&resize=350%2C200 1x, https:\/\/i0.wp.com\/thomasgroslier.fr\/wp-content\/uploads\/2018\/06\/2014-02-lecrabe.jpg?fit=992%2C814&ssl=1&resize=525%2C300 1.5x, https:\/\/i0.wp.com\/thomasgroslier.fr\/wp-content\/uploads\/2018\/06\/2014-02-lecrabe.jpg?fit=992%2C814&ssl=1&resize=700%2C400 2x"},"classes":[]}],"jetpack_likes_enabled":true,"_links":{"self":[{"href":"https:\/\/thomasgroslier.fr\/en\/wp-json\/wp\/v2\/product\/15935","targetHints":{"allow":["GET"]}}],"collection":[{"href":"https:\/\/thomasgroslier.fr\/en\/wp-json\/wp\/v2\/product"}],"about":[{"href":"https:\/\/thomasgroslier.fr\/en\/wp-json\/wp\/v2\/types\/product"}],"wp:featuredmedia":[{"embeddable":true,"href":"https:\/\/thomasgroslier.fr\/en\/wp-json\/wp\/v2\/media\/15934"}],"wp:attachment":[{"href":"https:\/\/thomasgroslier.fr\/en\/wp-json\/wp\/v2\/media?parent=15935"}],"wp:term":[{"taxonomy":"product_brand","embeddable":true,"href":"https:\/\/thomasgroslier.fr\/en\/wp-json\/wp\/v2\/product_brand?post=15935"},{"taxonomy":"product_cat","embeddable":true,"href":"https:\/\/thomasgroslier.fr\/en\/wp-json\/wp\/v2\/product_cat?post=15935"},{"taxonomy":"product_tag","embeddable":true,"href":"https:\/\/thomasgroslier.fr\/en\/wp-json\/wp\/v2\/product_tag?post=15935"}],"curies":[{"name":"wp","href":"https:\/\/api.w.org\/{rel}","templated":true}]}}