{"id":15941,"date":"2020-11-17T14:00:14","date_gmt":"2020-11-17T13:00:14","guid":{"rendered":"https:\/\/thomasgroslier.fr\/?post_type=product&#038;p=15941"},"modified":"2026-02-13T14:01:19","modified_gmt":"2026-02-13T13:01:19","slug":"le-jardin","status":"publish","type":"product","link":"https:\/\/thomasgroslier.fr\/en\/product\/le-jardin\/","title":{"rendered":"The garden"},"content":{"rendered":"<figure id=\"attachment_515\" aria-describedby=\"caption-attachment-515\" style=\"width: 323px\" class=\"wp-caption alignnone\"><a href=\"https:\/\/thomasgroslier.fr\/en\/2012-07-pied-demichel-ange\/\"><img data-recalc-dims=\"1\" loading=\"lazy\" decoding=\"async\" data-attachment-id=\"515\" data-permalink=\"https:\/\/thomasgroslier.fr\/en\/?attachment_id=515\" data-orig-file=\"https:\/\/i0.wp.com\/thomasgroslier.fr\/wp-content\/uploads\/2018\/07\/2012-07-pied-demichel-ange.jpg?fit=887%2C688&ssl=1\" data-orig-size=\"887,688\" data-comments-opened=\"1\" data-image-meta=\"{&quot;aperture&quot;:&quot;0&quot;,&quot;credit&quot;:&quot;&quot;,&quot;camera&quot;:&quot;&quot;,&quot;caption&quot;:&quot;&quot;,&quot;created_timestamp&quot;:&quot;0&quot;,&quot;copyright&quot;:&quot;&quot;,&quot;focal_length&quot;:&quot;0&quot;,&quot;iso&quot;:&quot;0&quot;,&quot;shutter_speed&quot;:&quot;0&quot;,&quot;title&quot;:&quot;&quot;,&quot;orientation&quot;:&quot;0&quot;}\" data-image-title=\"Le-jardin.jpg\" data-image-description=\"<p>Peinture \u00e0 l\u2019huile montrant un jardin clos avec une sculpture de pied, des buissons taill\u00e9s, un poirier paliss\u00e9 et un d\u00e9cor architectural. \u0152uvre d\u2019art contemporaine au style figuratif et l\u00e9g\u00e8rement surr\u00e9aliste.<\/p>\" data-image-caption=\"<p>\u00ab\u00a0Le jardin\u00a0\u00bb<br \/>2012 huile sur toile 93 x 72 cm<\/p>\" data-large-file=\"https:\/\/i0.wp.com\/thomasgroslier.fr\/wp-content\/uploads\/2018\/07\/2012-07-pied-demichel-ange.jpg?fit=640%2C496&ssl=1\" class=\"wp-image-515\" src=\"https:\/\/i0.wp.com\/thomasgroslier.fr\/wp-content\/uploads\/2018\/07\/2012-07-pied-demichel-ange.jpg?resize=323%2C251&ssl=1\" alt=\"Peinture \u00e0 l\u2019huile repr\u00e9sentant un jardin clos o\u00f9 un fragment de statue \u2013 un pied monumental \u2013 repose sur un socle, entour\u00e9 de buissons taill\u00e9s, d\u2019un poirier paliss\u00e9 et d\u2019un paysage calme sous un ciel bleu\" width=\"323\" height=\"251\" srcset=\"https:\/\/i0.wp.com\/thomasgroslier.fr\/wp-content\/uploads\/2018\/07\/2012-07-pied-demichel-ange.jpg?w=887&ssl=1 887w, https:\/\/i0.wp.com\/thomasgroslier.fr\/wp-content\/uploads\/2018\/07\/2012-07-pied-demichel-ange.jpg?resize=350%2C271&ssl=1 350w, https:\/\/i0.wp.com\/thomasgroslier.fr\/wp-content\/uploads\/2018\/07\/2012-07-pied-demichel-ange.jpg?resize=300%2C233&ssl=1 300w, https:\/\/i0.wp.com\/thomasgroslier.fr\/wp-content\/uploads\/2018\/07\/2012-07-pied-demichel-ange.jpg?resize=768%2C596&ssl=1 768w\" sizes=\"auto, (max-width: 323px) 100vw, 323px\" \/><\/a><figcaption id=\"caption-attachment-515\" class=\"wp-caption-text\">The garden<br \/>2012 huile sur toile 93 x 72 cm<\/figcaption><\/figure>\n<p><span style=\"font-size: 20px;\">2012<\/span><\/p>\n<p><span style=\"font-size: 20px;\">Huile sur toile tendue sur ch\u00e2ssis<\/span><\/p>\n<p><span style=\"font-size: 20px;\">73 cm x 92 cm x 2 cm<\/span><\/p>\n<p><span style=\"font-size: 20px;\">Encadrement bois noir (82 cm x 101 cm)<\/span><\/p>\n<p><span style=\"font-size: 20px;\">Delivery time: 4 to 10 days<\/span><\/p>\n<p><span style=\"font-size: 20px;\">Sent via registered Colissimo with tracking and ad valorem insurance<\/span><\/p>","protected":false},"excerpt":{"rendered":"<p><span style=\"font-size: 20px;\">2012<\/span><\/p>\n<p><span style=\"font-size: 20px;\">Huile sur toile tendue sur ch\u00e2ssis<\/span><\/p>\n<p><span style=\"font-size: 20px;\">73 x 92 cm x 2 cm<\/span><\/p>\n<p><span style=\"font-size: 20px;\">Encadrement bois noir (82 cm x 101 cm)<\/span><\/p>\n<p><span style=\"font-size: 20px;\">Delivery time: 4 to 10 days<\/span><\/p>\n<p><span style=\"font-size: 20px;\">Sent via registered Colissimo with tracking and ad valorem insurance<\/span><\/p>\n<p><span style=\"font-size: 20px;\">Il y a dans ce jardin quelque chose d\u2019ent\u00eat\u00e9, de simple, presque un refus : pas d\u2019\u00e9motion, pas de geste inutile. Juste les choses, pos\u00e9es l\u00e0, et qui n\u2019ont rien \u00e0 demander. On les regarde, on croit y voir un myst\u00e8re ; elles, non. Elles continuent d\u2019\u00eatre, sans commentaire, comme tout ce qui dure.<\/span><\/p>","protected":false},"featured_media":515,"template":"","meta":{"_themeisle_gutenberg_block_has_review":false,"jetpack_publicize_message":"","jetpack_publicize_feature_enabled":true,"jetpack_social_post_already_shared":true,"jetpack_social_options":{"image_generator_settings":{"template":"highway","default_image_id":0,"font":"","enabled":false},"version":2}},"product_brand":[],"product_cat":[102,50,89],"product_tag":[122,127,130],"class_list":{"0":"post-15941","1":"product","2":"type-product","3":"status-publish","4":"has-post-thumbnail","6":"product_cat-paysage","7":"product_cat-peinture","8":"product_cat-toute-categories","9":"product_tag-art-figuratif","10":"product_tag-peinture-francaise-contemporaine","11":"product_tag-scene-de-genre","12":"product_shipping_class-envoi-suivi-la-poste","13":"","15":"first","16":"instock","17":"shipping-taxable","18":"purchasable","19":"product-type-simple"},"yoast_head":"<!-- This site is optimized with the Yoast SEO plugin v27.6 - https:\/\/yoast.com\/product\/yoast-seo-wordpress\/ -->\n<title>&quot;Le jardin&quot; - Thomas Groslier - Artiste peintre<\/title>\n<meta name=\"description\" content=\"Peinture \u00e0 l\u2019huile montrant un jardin clos avec une sculpture de pied, des buissons taill\u00e9s, un poirier paliss\u00e9 et un d\u00e9cor architectural. \u0152uvre d\u2019art contemporaine au style figuratif et l\u00e9g\u00e8rement surr\u00e9aliste.\" \/>\n<meta name=\"robots\" content=\"index, follow, max-snippet:-1, max-image-preview:large, max-video-preview:-1\" \/>\n<link rel=\"canonical\" href=\"https:\/\/thomasgroslier.fr\/en\/product\/le-jardin\/\" \/>\n<meta property=\"og:locale\" content=\"en_GB\" \/>\n<meta property=\"og:type\" content=\"article\" \/>\n<meta property=\"og:title\" content=\"Ainsi la lune\" \/>\n<meta property=\"og:description\" content=\"2015Huile sur toile tendue sur ch\u00e2ssis65 x 81 cm x 2 cm D\u00e9lais de livraison : 4 \u00e0 10 joursEnvoi en Colissimo recommand\u00e9 avec suivi et assurance ad valorem. Sous la lune, une femme en robe rouge se tient seule dans un bois. L\u2019ombre et la lumi\u00e8re s\u2019y partagent le silence.\" \/>\n<meta property=\"og:url\" content=\"https:\/\/thomasgroslier.fr\/en\/product\/le-jardin\/\" \/>\n<meta property=\"og:site_name\" content=\"Thomas Groslier - Artiste peintre\" \/>\n<meta property=\"article:modified_time\" content=\"2026-02-13T13:01:19+00:00\" \/>\n<meta property=\"og:image\" content=\"https:\/\/thomasgroslier.fr\/wp-content\/uploads\/2018\/07\/2012-07-pied-demichel-ange.jpg\" \/>\n\t<meta property=\"og:image:width\" content=\"887\" \/>\n\t<meta property=\"og:image:height\" content=\"688\" \/>\n\t<meta property=\"og:image:type\" content=\"image\/jpeg\" \/>\n<meta name=\"twitter:card\" content=\"summary_large_image\" \/>\n<meta name=\"twitter:label1\" content=\"Estimated reading time\" \/>\n\t<meta name=\"twitter:data1\" content=\"1 minute\" \/>\n<script type=\"application\/ld+json\" class=\"yoast-schema-graph\">{\"@context\":\"https:\\\/\\\/schema.org\",\"@graph\":[{\"@type\":\"WebPage\",\"@id\":\"https:\\\/\\\/thomasgroslier.fr\\\/produit\\\/le-jardin\\\/\",\"url\":\"https:\\\/\\\/thomasgroslier.fr\\\/produit\\\/le-jardin\\\/\",\"name\":\"\\\"Le jardin\\\" - Thomas Groslier - Artiste peintre\",\"isPartOf\":{\"@id\":\"https:\\\/\\\/thomasgroslier.fr\\\/#website\"},\"primaryImageOfPage\":{\"@id\":\"https:\\\/\\\/thomasgroslier.fr\\\/produit\\\/le-jardin\\\/#primaryimage\"},\"image\":{\"@id\":\"https:\\\/\\\/thomasgroslier.fr\\\/produit\\\/le-jardin\\\/#primaryimage\"},\"thumbnailUrl\":\"https:\\\/\\\/i0.wp.com\\\/thomasgroslier.fr\\\/wp-content\\\/uploads\\\/2018\\\/07\\\/2012-07-pied-demichel-ange.jpg?fit=887%2C688&ssl=1\",\"datePublished\":\"2020-11-17T13:00:14+00:00\",\"dateModified\":\"2026-02-13T13:01:19+00:00\",\"description\":\"Peinture \u00e0 l\u2019huile montrant un jardin clos avec une sculpture de pied, des buissons taill\u00e9s, un poirier paliss\u00e9 et un d\u00e9cor architectural. \u0152uvre d\u2019art contemporaine au style figuratif et l\u00e9g\u00e8rement surr\u00e9aliste.\",\"breadcrumb\":{\"@id\":\"https:\\\/\\\/thomasgroslier.fr\\\/produit\\\/le-jardin\\\/#breadcrumb\"},\"inLanguage\":\"en-GB\",\"potentialAction\":[{\"@type\":\"ReadAction\",\"target\":[\"https:\\\/\\\/thomasgroslier.fr\\\/produit\\\/le-jardin\\\/\"]}]},{\"@type\":\"ImageObject\",\"inLanguage\":\"en-GB\",\"@id\":\"https:\\\/\\\/thomasgroslier.fr\\\/produit\\\/le-jardin\\\/#primaryimage\",\"url\":\"https:\\\/\\\/i0.wp.com\\\/thomasgroslier.fr\\\/wp-content\\\/uploads\\\/2018\\\/07\\\/2012-07-pied-demichel-ange.jpg?fit=887%2C688&ssl=1\",\"contentUrl\":\"https:\\\/\\\/i0.wp.com\\\/thomasgroslier.fr\\\/wp-content\\\/uploads\\\/2018\\\/07\\\/2012-07-pied-demichel-ange.jpg?fit=887%2C688&ssl=1\",\"width\":887,\"height\":688,\"caption\":\"\\\"Le jardin\\\" 2012 huile sur toile 93 x 72 cm\"},{\"@type\":\"BreadcrumbList\",\"@id\":\"https:\\\/\\\/thomasgroslier.fr\\\/produit\\\/le-jardin\\\/#breadcrumb\",\"itemListElement\":[{\"@type\":\"ListItem\",\"position\":1,\"name\":\"Accueil\",\"item\":\"https:\\\/\\\/thomasgroslier.fr\\\/\"},{\"@type\":\"ListItem\",\"position\":2,\"name\":\"La boutique\",\"item\":\"https:\\\/\\\/thomasgroslier.fr\\\/la-boutique\\\/\"},{\"@type\":\"ListItem\",\"position\":3,\"name\":\"\u00ab\u00a0Le jardin\u00a0\u00bb\"}]},{\"@type\":\"WebSite\",\"@id\":\"https:\\\/\\\/thomasgroslier.fr\\\/#website\",\"url\":\"https:\\\/\\\/thomasgroslier.fr\\\/\",\"name\":\"Thomas Groslier - Artiste peintre\",\"description\":\"\",\"publisher\":{\"@id\":\"https:\\\/\\\/thomasgroslier.fr\\\/#organization\"},\"alternateName\":\"Thomas Groslier\",\"potentialAction\":[{\"@type\":\"SearchAction\",\"target\":{\"@type\":\"EntryPoint\",\"urlTemplate\":\"https:\\\/\\\/thomasgroslier.fr\\\/?s={search_term_string}\"},\"query-input\":{\"@type\":\"PropertyValueSpecification\",\"valueRequired\":true,\"valueName\":\"search_term_string\"}}],\"inLanguage\":\"en-GB\"},{\"@type\":\"Organization\",\"@id\":\"https:\\\/\\\/thomasgroslier.fr\\\/#organization\",\"name\":\"Thomas Groslier - Artiste peintre\",\"url\":\"https:\\\/\\\/thomasgroslier.fr\\\/\",\"logo\":{\"@type\":\"ImageObject\",\"inLanguage\":\"en-GB\",\"@id\":\"https:\\\/\\\/thomasgroslier.fr\\\/#\\\/schema\\\/logo\\\/image\\\/\",\"url\":\"https:\\\/\\\/i0.wp.com\\\/thomasgroslier.fr\\\/wp-content\\\/uploads\\\/2018\\\/06\\\/cropped-cropped-cropped-autoportrait-le-soir1.jpg?fit=512%2C512&ssl=1\",\"contentUrl\":\"https:\\\/\\\/i0.wp.com\\\/thomasgroslier.fr\\\/wp-content\\\/uploads\\\/2018\\\/06\\\/cropped-cropped-cropped-autoportrait-le-soir1.jpg?fit=512%2C512&ssl=1\",\"width\":512,\"height\":512,\"caption\":\"Thomas Groslier - Artiste peintre\"},\"image\":{\"@id\":\"https:\\\/\\\/thomasgroslier.fr\\\/#\\\/schema\\\/logo\\\/image\\\/\"}}]}<\/script>\n<!-- \/ Yoast SEO plugin. -->","yoast_head_json":{"title":"\"Le jardin\" - Thomas Groslier - Artiste peintre","description":"Peinture \u00e0 l\u2019huile montrant un jardin clos avec une sculpture de pied, des buissons taill\u00e9s, un poirier paliss\u00e9 et un d\u00e9cor architectural. \u0152uvre d\u2019art contemporaine au style figuratif et l\u00e9g\u00e8rement surr\u00e9aliste.","robots":{"index":"index","follow":"follow","max-snippet":"max-snippet:-1","max-image-preview":"max-image-preview:large","max-video-preview":"max-video-preview:-1"},"canonical":"https:\/\/thomasgroslier.fr\/en\/product\/le-jardin\/","og_locale":"en_GB","og_type":"article","og_title":"Ainsi la lune","og_description":"2015Huile sur toile tendue sur ch\u00e2ssis65 x 81 cm x 2 cm D\u00e9lais de livraison : 4 \u00e0 10 joursEnvoi en Colissimo recommand\u00e9 avec suivi et assurance ad valorem. Sous la lune, une femme en robe rouge se tient seule dans un bois. L\u2019ombre et la lumi\u00e8re s\u2019y partagent le silence.","og_url":"https:\/\/thomasgroslier.fr\/en\/product\/le-jardin\/","og_site_name":"Thomas Groslier - Artiste peintre","article_modified_time":"2026-02-13T13:01:19+00:00","og_image":[{"width":887,"height":688,"url":"https:\/\/thomasgroslier.fr\/wp-content\/uploads\/2018\/07\/2012-07-pied-demichel-ange.jpg","type":"image\/jpeg"}],"twitter_card":"summary_large_image","twitter_misc":{"Estimated reading time":"1 minute"},"schema":{"@context":"https:\/\/schema.org","@graph":[{"@type":"WebPage","@id":"https:\/\/thomasgroslier.fr\/produit\/le-jardin\/","url":"https:\/\/thomasgroslier.fr\/produit\/le-jardin\/","name":"\"Le jardin\" - Thomas Groslier - Artiste peintre","isPartOf":{"@id":"https:\/\/thomasgroslier.fr\/#website"},"primaryImageOfPage":{"@id":"https:\/\/thomasgroslier.fr\/produit\/le-jardin\/#primaryimage"},"image":{"@id":"https:\/\/thomasgroslier.fr\/produit\/le-jardin\/#primaryimage"},"thumbnailUrl":"https:\/\/i0.wp.com\/thomasgroslier.fr\/wp-content\/uploads\/2018\/07\/2012-07-pied-demichel-ange.jpg?fit=887%2C688&ssl=1","datePublished":"2020-11-17T13:00:14+00:00","dateModified":"2026-02-13T13:01:19+00:00","description":"Peinture \u00e0 l\u2019huile montrant un jardin clos avec une sculpture de pied, des buissons taill\u00e9s, un poirier paliss\u00e9 et un d\u00e9cor architectural. \u0152uvre d\u2019art contemporaine au style figuratif et l\u00e9g\u00e8rement surr\u00e9aliste.","breadcrumb":{"@id":"https:\/\/thomasgroslier.fr\/produit\/le-jardin\/#breadcrumb"},"inLanguage":"en-GB","potentialAction":[{"@type":"ReadAction","target":["https:\/\/thomasgroslier.fr\/produit\/le-jardin\/"]}]},{"@type":"ImageObject","inLanguage":"en-GB","@id":"https:\/\/thomasgroslier.fr\/produit\/le-jardin\/#primaryimage","url":"https:\/\/i0.wp.com\/thomasgroslier.fr\/wp-content\/uploads\/2018\/07\/2012-07-pied-demichel-ange.jpg?fit=887%2C688&ssl=1","contentUrl":"https:\/\/i0.wp.com\/thomasgroslier.fr\/wp-content\/uploads\/2018\/07\/2012-07-pied-demichel-ange.jpg?fit=887%2C688&ssl=1","width":887,"height":688,"caption":"\"Le jardin\" 2012 huile sur toile 93 x 72 cm"},{"@type":"BreadcrumbList","@id":"https:\/\/thomasgroslier.fr\/produit\/le-jardin\/#breadcrumb","itemListElement":[{"@type":"ListItem","position":1,"name":"Accueil","item":"https:\/\/thomasgroslier.fr\/"},{"@type":"ListItem","position":2,"name":"La boutique","item":"https:\/\/thomasgroslier.fr\/la-boutique\/"},{"@type":"ListItem","position":3,"name":"\u00ab\u00a0Le jardin\u00a0\u00bb"}]},{"@type":"WebSite","@id":"https:\/\/thomasgroslier.fr\/#website","url":"https:\/\/thomasgroslier.fr\/","name":"Thomas Groslier - Artiste peintre","description":"","publisher":{"@id":"https:\/\/thomasgroslier.fr\/#organization"},"alternateName":"Thomas Groslier","potentialAction":[{"@type":"SearchAction","target":{"@type":"EntryPoint","urlTemplate":"https:\/\/thomasgroslier.fr\/?s={search_term_string}"},"query-input":{"@type":"PropertyValueSpecification","valueRequired":true,"valueName":"search_term_string"}}],"inLanguage":"en-GB"},{"@type":"Organization","@id":"https:\/\/thomasgroslier.fr\/#organization","name":"Thomas Groslier - Artiste peintre","url":"https:\/\/thomasgroslier.fr\/","logo":{"@type":"ImageObject","inLanguage":"en-GB","@id":"https:\/\/thomasgroslier.fr\/#\/schema\/logo\/image\/","url":"https:\/\/i0.wp.com\/thomasgroslier.fr\/wp-content\/uploads\/2018\/06\/cropped-cropped-cropped-autoportrait-le-soir1.jpg?fit=512%2C512&ssl=1","contentUrl":"https:\/\/i0.wp.com\/thomasgroslier.fr\/wp-content\/uploads\/2018\/06\/cropped-cropped-cropped-autoportrait-le-soir1.jpg?fit=512%2C512&ssl=1","width":512,"height":512,"caption":"Thomas Groslier - Artiste peintre"},"image":{"@id":"https:\/\/thomasgroslier.fr\/#\/schema\/logo\/image\/"}}]}},"jetpack_publicize_connections":[],"jetpack_sharing_enabled":true,"jetpack-related-posts":[{"id":10360,"url":"https:\/\/thomasgroslier.fr\/en\/product\/jardin-de-nuit\/","url_meta":{"origin":15941,"position":0},"title":"Night garden","author":"T\u00e9g\u00e9","date":"2 April 2014","format":false,"excerpt":"2012 Huile sur toile de lin tendue sur ch\u00e2ssis 60 cm x 73 cm X 2 cm D\u00e9lais de livraison : 4 \u00e0 10 jours \u00a0 \u00a0","rel":"","context":"Similar post","block_context":{"text":"Similar post","link":""},"img":{"alt_text":"Jardin de nuit","src":"https:\/\/i0.wp.com\/thomasgroslier.fr\/wp-content\/uploads\/2018\/07\/11-2012automnejardinnuitlum.jpg?fit=709%2C579&ssl=1&resize=350%2C200","width":350,"height":200,"srcset":"https:\/\/i0.wp.com\/thomasgroslier.fr\/wp-content\/uploads\/2018\/07\/11-2012automnejardinnuitlum.jpg?fit=709%2C579&ssl=1&resize=350%2C200 1x, https:\/\/i0.wp.com\/thomasgroslier.fr\/wp-content\/uploads\/2018\/07\/11-2012automnejardinnuitlum.jpg?fit=709%2C579&ssl=1&resize=525%2C300 1.5x, https:\/\/i0.wp.com\/thomasgroslier.fr\/wp-content\/uploads\/2018\/07\/11-2012automnejardinnuitlum.jpg?fit=709%2C579&ssl=1&resize=700%2C400 2x"},"classes":[]},{"id":15945,"url":"https:\/\/thomasgroslier.fr\/en\/product\/le-crabe\/","url_meta":{"origin":15941,"position":1},"title":"\"The crab\"","author":"T\u00e9g\u00e9","date":"26 November 2019","format":false,"excerpt":"2014 Huile sur toile tendue sur ch\u00e2ssis 60 x 74 cm x 2 cm \u00a0 \u00a0","rel":"","context":"Similar post","block_context":{"text":"Similar post","link":""},"img":{"alt_text":"femme prenant un bain de soleil","src":"https:\/\/i0.wp.com\/thomasgroslier.fr\/wp-content\/uploads\/2018\/06\/2014-02-lecrabe.jpg?fit=992%2C814&ssl=1&resize=350%2C200","width":350,"height":200,"srcset":"https:\/\/i0.wp.com\/thomasgroslier.fr\/wp-content\/uploads\/2018\/06\/2014-02-lecrabe.jpg?fit=992%2C814&ssl=1&resize=350%2C200 1x, https:\/\/i0.wp.com\/thomasgroslier.fr\/wp-content\/uploads\/2018\/06\/2014-02-lecrabe.jpg?fit=992%2C814&ssl=1&resize=525%2C300 1.5x, https:\/\/i0.wp.com\/thomasgroslier.fr\/wp-content\/uploads\/2018\/06\/2014-02-lecrabe.jpg?fit=992%2C814&ssl=1&resize=700%2C400 2x"},"classes":[]},{"id":15754,"url":"https:\/\/thomasgroslier.fr\/en\/product\/le-rouge-a-levres\/","url_meta":{"origin":15941,"position":2},"title":"\"Lipstick\"","author":"T\u00e9g\u00e9","date":"26 September 2025","format":false,"excerpt":"\"Le rouge \u00e0 l\u00e8vres\" 2025 Huile sur toile 55 x 46 cm Options : disponible encadr\u00e9e (cadre bois argent\u00e9 et biseaut\u00e9 66 x 53 cm) : + 100 \u20ac, ou non encadr\u00e9e Envoi en Colissimo recommand\u00e9 avec suivi et assurance ad valorem","rel":"","context":"Similar post","block_context":{"text":"Similar post","link":""},"img":{"alt_text":"Peinture d'une femme en robe blanche contemplant un miroir, sur fond de mur gris et fen\u00eatre bleue avec nuages, par Thomas Groslier","src":"https:\/\/i0.wp.com\/thomasgroslier.fr\/wp-content\/uploads\/2025\/09\/2025-06.le-rouge-a-levres-cadre-web.jpg?fit=722%2C850&ssl=1&resize=350%2C200","width":350,"height":200,"srcset":"https:\/\/i0.wp.com\/thomasgroslier.fr\/wp-content\/uploads\/2025\/09\/2025-06.le-rouge-a-levres-cadre-web.jpg?fit=722%2C850&ssl=1&resize=350%2C200 1x, https:\/\/i0.wp.com\/thomasgroslier.fr\/wp-content\/uploads\/2025\/09\/2025-06.le-rouge-a-levres-cadre-web.jpg?fit=722%2C850&ssl=1&resize=525%2C300 1.5x, https:\/\/i0.wp.com\/thomasgroslier.fr\/wp-content\/uploads\/2025\/09\/2025-06.le-rouge-a-levres-cadre-web.jpg?fit=722%2C850&ssl=1&resize=700%2C400 2x"},"classes":[]},{"id":15950,"url":"https:\/\/thomasgroslier.fr\/en\/product\/modele-peintre-et-souris\/","url_meta":{"origin":15941,"position":3},"title":"\"Model, painter, and mouse\"","author":"T\u00e9g\u00e9","date":"29 November 2020","format":false,"excerpt":"2011 Huile sur toile tendue sur ch\u00e2ssis 41 cm x 33 cm x 2 cm","rel":"","context":"Similar post","block_context":{"text":"Similar post","link":""},"img":{"alt_text":"le peintre et son mod\u00e8le","src":"https:\/\/i0.wp.com\/thomasgroslier.fr\/wp-content\/uploads\/2022\/09\/08-2011.NuPeintreEtSouris.jpg?fit=688%2C850&ssl=1&resize=350%2C200","width":350,"height":200,"srcset":"https:\/\/i0.wp.com\/thomasgroslier.fr\/wp-content\/uploads\/2022\/09\/08-2011.NuPeintreEtSouris.jpg?fit=688%2C850&ssl=1&resize=350%2C200 1x, https:\/\/i0.wp.com\/thomasgroslier.fr\/wp-content\/uploads\/2022\/09\/08-2011.NuPeintreEtSouris.jpg?fit=688%2C850&ssl=1&resize=525%2C300 1.5x"},"classes":[]},{"id":15946,"url":"https:\/\/thomasgroslier.fr\/en\/product\/clair-de-lune\/","url_meta":{"origin":15941,"position":4},"title":"\"Moonlight\"","author":"T\u00e9g\u00e9","date":"26 November 2019","format":false,"excerpt":"2014 Huile sur toile tendue sur ch\u00e2ssis 30 x 40 cm x 2 cm \u00a0 \u00a0","rel":"","context":"Similar post","block_context":{"text":"Similar post","link":""},"img":{"alt_text":"Femme dans un paysage Peinture contemporaine","src":"https:\/\/i0.wp.com\/thomasgroslier.fr\/wp-content\/uploads\/2025\/11\/2014-02.ainsi-la-lune-.jpg?fit=850%2C640&ssl=1&resize=350%2C200","width":350,"height":200,"srcset":"https:\/\/i0.wp.com\/thomasgroslier.fr\/wp-content\/uploads\/2025\/11\/2014-02.ainsi-la-lune-.jpg?fit=850%2C640&ssl=1&resize=350%2C200 1x, https:\/\/i0.wp.com\/thomasgroslier.fr\/wp-content\/uploads\/2025\/11\/2014-02.ainsi-la-lune-.jpg?fit=850%2C640&ssl=1&resize=525%2C300 1.5x, https:\/\/i0.wp.com\/thomasgroslier.fr\/wp-content\/uploads\/2025\/11\/2014-02.ainsi-la-lune-.jpg?fit=850%2C640&ssl=1&resize=700%2C400 2x"},"classes":[]},{"id":16118,"url":"https:\/\/thomasgroslier.fr\/en\/product\/les-fagots\/","url_meta":{"origin":15941,"position":5},"title":"\u201cThe Bundles\u201d","author":"T\u00e9g\u00e9","date":"25 January 2020","format":false,"excerpt":"2012 Technique : Crayon, encre de Chine et aquarelle sur papier 300 gr Dimentions : 65 cm x 50 cm x 0,20 cm Sign\u00e9 en bas \u00e0 droite et au dos. Certificat d'authenticit\u00e9 Livraison\u00a0 : 4 \u00e0 10 jours. Colissimo suivi avec assurance : France = 16.00\u20ac Europe = 24\u2026","rel":"","context":"Similar post","block_context":{"text":"Similar post","link":""},"img":{"alt_text":"Thomas Groslier, \"Les fagots\" 2012 Encre de Chine et aquarelle sur papier 65 x 50 cm","src":"https:\/\/i0.wp.com\/thomasgroslier.fr\/wp-content\/uploads\/2019\/03\/10-2012.LesFagots.jpg?fit=645%2C850&ssl=1&resize=350%2C200","width":350,"height":200,"srcset":"https:\/\/i0.wp.com\/thomasgroslier.fr\/wp-content\/uploads\/2019\/03\/10-2012.LesFagots.jpg?fit=645%2C850&ssl=1&resize=350%2C200 1x, https:\/\/i0.wp.com\/thomasgroslier.fr\/wp-content\/uploads\/2019\/03\/10-2012.LesFagots.jpg?fit=645%2C850&ssl=1&resize=525%2C300 1.5x"},"classes":[]}],"jetpack_likes_enabled":true,"_links":{"self":[{"href":"https:\/\/thomasgroslier.fr\/en\/wp-json\/wp\/v2\/product\/15941","targetHints":{"allow":["GET"]}}],"collection":[{"href":"https:\/\/thomasgroslier.fr\/en\/wp-json\/wp\/v2\/product"}],"about":[{"href":"https:\/\/thomasgroslier.fr\/en\/wp-json\/wp\/v2\/types\/product"}],"wp:featuredmedia":[{"embeddable":true,"href":"https:\/\/thomasgroslier.fr\/en\/wp-json\/wp\/v2\/media\/515"}],"wp:attachment":[{"href":"https:\/\/thomasgroslier.fr\/en\/wp-json\/wp\/v2\/media?parent=15941"}],"wp:term":[{"taxonomy":"product_brand","embeddable":true,"href":"https:\/\/thomasgroslier.fr\/en\/wp-json\/wp\/v2\/product_brand?post=15941"},{"taxonomy":"product_cat","embeddable":true,"href":"https:\/\/thomasgroslier.fr\/en\/wp-json\/wp\/v2\/product_cat?post=15941"},{"taxonomy":"product_tag","embeddable":true,"href":"https:\/\/thomasgroslier.fr\/en\/wp-json\/wp\/v2\/product_tag?post=15941"}],"curies":[{"name":"wp","href":"https:\/\/api.w.org\/{rel}","templated":true}]}}