{"id":15946,"date":"2019-11-26T08:33:29","date_gmt":"2019-11-26T07:33:29","guid":{"rendered":"https:\/\/thomasgroslier.fr\/?post_type=product&#038;p=15946"},"modified":"2026-01-07T07:27:03","modified_gmt":"2026-01-07T06:27:03","slug":"clair-de-lune","status":"publish","type":"product","link":"https:\/\/thomasgroslier.fr\/en\/product\/clair-de-lune\/","title":{"rendered":"\"Moonlight\""},"content":{"rendered":"<figure id=\"attachment_15947\" aria-describedby=\"caption-attachment-15947\" style=\"width: 343px\" class=\"wp-caption alignnone\"><a href=\"https:\/\/thomasgroslier.fr\/en\/?attachment_id=15947\" rel=\"attachment wp-att-15947\"><img data-recalc-dims=\"1\" loading=\"lazy\" decoding=\"async\" data-attachment-id=\"15947\" data-permalink=\"https:\/\/thomasgroslier.fr\/en\/?attachment_id=15947\" data-orig-file=\"https:\/\/i0.wp.com\/thomasgroslier.fr\/wp-content\/uploads\/2025\/11\/2014-02.ainsi-la-lune-.jpg?fit=850%2C640&ssl=1\" data-orig-size=\"850,640\" data-comments-opened=\"0\" data-image-meta=\"{&quot;aperture&quot;:&quot;0&quot;,&quot;credit&quot;:&quot;&quot;,&quot;camera&quot;:&quot;&quot;,&quot;caption&quot;:&quot;&quot;,&quot;created_timestamp&quot;:&quot;0&quot;,&quot;copyright&quot;:&quot;&quot;,&quot;focal_length&quot;:&quot;0&quot;,&quot;iso&quot;:&quot;0&quot;,&quot;shutter_speed&quot;:&quot;0&quot;,&quot;title&quot;:&quot;&quot;,&quot;orientation&quot;:&quot;0&quot;}\" data-image-title=\"Clair-de-lune.jpg\" data-image-description=\"<p>Femme dans un paysage Peinture contemporaine<\/p>\" data-image-caption=\"<p>\u00ab\u00a0Clair de lune\u00a0\u00bb 2014 huile sur toile 30 x 40 cm<\/p>\" data-large-file=\"https:\/\/i0.wp.com\/thomasgroslier.fr\/wp-content\/uploads\/2025\/11\/2014-02.ainsi-la-lune-.jpg?fit=640%2C482&ssl=1\" class=\"wp-image-15947\" src=\"https:\/\/i0.wp.com\/thomasgroslier.fr\/wp-content\/uploads\/2025\/11\/2014-02.ainsi-la-lune-.jpg?resize=343%2C258&ssl=1\" alt=\"Femme dans un paysage Peinture contemporaine\" width=\"343\" height=\"258\" srcset=\"https:\/\/i0.wp.com\/thomasgroslier.fr\/wp-content\/uploads\/2025\/11\/2014-02.ainsi-la-lune-.jpg?w=850&ssl=1 850w, https:\/\/i0.wp.com\/thomasgroslier.fr\/wp-content\/uploads\/2025\/11\/2014-02.ainsi-la-lune-.jpg?resize=300%2C225&ssl=1 300w, https:\/\/i0.wp.com\/thomasgroslier.fr\/wp-content\/uploads\/2025\/11\/2014-02.ainsi-la-lune-.jpg?resize=768%2C578&ssl=1 768w, https:\/\/i0.wp.com\/thomasgroslier.fr\/wp-content\/uploads\/2025\/11\/2014-02.ainsi-la-lune-.jpg?resize=780%2C587&ssl=1 780w, https:\/\/i0.wp.com\/thomasgroslier.fr\/wp-content\/uploads\/2025\/11\/2014-02.ainsi-la-lune-.jpg?resize=400%2C301&ssl=1 400w, https:\/\/i0.wp.com\/thomasgroslier.fr\/wp-content\/uploads\/2025\/11\/2014-02.ainsi-la-lune-.jpg?resize=600%2C452&ssl=1 600w\" sizes=\"auto, (max-width: 343px) 100vw, 343px\" \/><\/a><figcaption id=\"caption-attachment-15947\" class=\"wp-caption-text\">\u00ab\u00a0Clair de lune\u00a0\u00bb 2014 huile sur toile 30 x 40 cm<\/figcaption><\/figure>\n<p><span style=\"font-size: 20px;\">2014<\/span><\/p>\n<p><span style=\"font-size: 20px;\">Huile sur toile tendue sur ch\u00e2ssis<\/span><\/p>\n<p><span style=\"font-size: 20px;\">30 cm x 40 cm x 2 cm<\/span><\/p>\n<p><span style=\"font-size: 20px;\">\u00a0<\/span><\/p>\n<p>\u00a0<\/p>","protected":false},"excerpt":{"rendered":"<p><span style=\"font-size: 20px;\">2014<\/span><\/p>\n<p><span style=\"font-size: 20px;\">Huile sur toile tendue sur ch\u00e2ssis<\/span><\/p>\n<p><span style=\"font-size: 20px;\">30 x 40 cm x 2 cm<\/span><\/p>\n<p>&nbsp;<\/p>\n<p>&nbsp;<\/p>","protected":false},"featured_media":15947,"template":"","meta":{"_themeisle_gutenberg_block_has_review":false,"jetpack_publicize_message":"","jetpack_publicize_feature_enabled":true,"jetpack_social_post_already_shared":true,"jetpack_social_options":{"image_generator_settings":{"template":"highway","default_image_id":0,"font":"","enabled":false},"version":2}},"product_brand":[],"product_cat":[102,50,89],"product_tag":[122,127,130],"class_list":{"0":"post-15946","1":"product","2":"type-product","3":"status-publish","4":"has-post-thumbnail","6":"product_cat-paysage","7":"product_cat-peinture","8":"product_cat-toute-categories","9":"product_tag-art-figuratif","10":"product_tag-peinture-francaise-contemporaine","11":"product_tag-scene-de-genre","12":"product_shipping_class-envoi-suivi-la-poste","13":"","15":"first","16":"outofstock","17":"shipping-taxable","18":"purchasable","19":"product-type-simple"},"yoast_head":"<!-- This site is optimized with the Yoast SEO plugin v27.6 - https:\/\/yoast.com\/product\/yoast-seo-wordpress\/ -->\n<title>&quot;Clair de lune&quot; - Thomas Groslier - Artiste peintre<\/title>\n<meta name=\"description\" content=\"Femme dans un paysage - Peinture contemporaine\" \/>\n<meta name=\"robots\" content=\"index, follow, max-snippet:-1, max-image-preview:large, max-video-preview:-1\" \/>\n<link rel=\"canonical\" href=\"https:\/\/thomasgroslier.fr\/en\/product\/clair-de-lune\/\" \/>\n<meta property=\"og:locale\" content=\"en_GB\" \/>\n<meta property=\"og:type\" content=\"article\" \/>\n<meta property=\"og:title\" content=\"Ainsi la lune\" \/>\n<meta property=\"og:description\" content=\"2015Huile sur toile tendue sur ch\u00e2ssis65 x 81 cm x 2 cm D\u00e9lais de livraison : 4 \u00e0 10 joursEnvoi en Colissimo recommand\u00e9 avec suivi et assurance ad valorem. Sous la lune, une femme en robe rouge se tient seule dans un bois. L\u2019ombre et la lumi\u00e8re s\u2019y partagent le silence.\" \/>\n<meta property=\"og:url\" content=\"https:\/\/thomasgroslier.fr\/en\/product\/clair-de-lune\/\" \/>\n<meta property=\"og:site_name\" content=\"Thomas Groslier - Artiste peintre\" \/>\n<meta property=\"article:modified_time\" content=\"2026-01-07T06:27:03+00:00\" \/>\n<meta property=\"og:image\" content=\"https:\/\/thomasgroslier.fr\/wp-content\/uploads\/2025\/11\/2014-02.ainsi-la-lune-.jpg\" \/>\n\t<meta property=\"og:image:width\" content=\"850\" \/>\n\t<meta property=\"og:image:height\" content=\"640\" \/>\n\t<meta property=\"og:image:type\" content=\"image\/jpeg\" \/>\n<meta name=\"twitter:card\" content=\"summary_large_image\" \/>\n<meta name=\"twitter:label1\" content=\"Estimated reading time\" \/>\n\t<meta name=\"twitter:data1\" content=\"1 minute\" \/>\n<script type=\"application\/ld+json\" class=\"yoast-schema-graph\">{\"@context\":\"https:\\\/\\\/schema.org\",\"@graph\":[{\"@type\":\"WebPage\",\"@id\":\"https:\\\/\\\/thomasgroslier.fr\\\/produit\\\/clair-de-lune\\\/\",\"url\":\"https:\\\/\\\/thomasgroslier.fr\\\/produit\\\/clair-de-lune\\\/\",\"name\":\"\\\"Clair de lune\\\" - Thomas Groslier - Artiste peintre\",\"isPartOf\":{\"@id\":\"https:\\\/\\\/thomasgroslier.fr\\\/#website\"},\"primaryImageOfPage\":{\"@id\":\"https:\\\/\\\/thomasgroslier.fr\\\/produit\\\/clair-de-lune\\\/#primaryimage\"},\"image\":{\"@id\":\"https:\\\/\\\/thomasgroslier.fr\\\/produit\\\/clair-de-lune\\\/#primaryimage\"},\"thumbnailUrl\":\"https:\\\/\\\/i0.wp.com\\\/thomasgroslier.fr\\\/wp-content\\\/uploads\\\/2025\\\/11\\\/2014-02.ainsi-la-lune-.jpg?fit=850%2C640&ssl=1\",\"datePublished\":\"2019-11-26T07:33:29+00:00\",\"dateModified\":\"2026-01-07T06:27:03+00:00\",\"description\":\"Femme dans un paysage - Peinture contemporaine\",\"breadcrumb\":{\"@id\":\"https:\\\/\\\/thomasgroslier.fr\\\/produit\\\/clair-de-lune\\\/#breadcrumb\"},\"inLanguage\":\"en-GB\",\"potentialAction\":[{\"@type\":\"ReadAction\",\"target\":[\"https:\\\/\\\/thomasgroslier.fr\\\/produit\\\/clair-de-lune\\\/\"]}]},{\"@type\":\"ImageObject\",\"inLanguage\":\"en-GB\",\"@id\":\"https:\\\/\\\/thomasgroslier.fr\\\/produit\\\/clair-de-lune\\\/#primaryimage\",\"url\":\"https:\\\/\\\/i0.wp.com\\\/thomasgroslier.fr\\\/wp-content\\\/uploads\\\/2025\\\/11\\\/2014-02.ainsi-la-lune-.jpg?fit=850%2C640&ssl=1\",\"contentUrl\":\"https:\\\/\\\/i0.wp.com\\\/thomasgroslier.fr\\\/wp-content\\\/uploads\\\/2025\\\/11\\\/2014-02.ainsi-la-lune-.jpg?fit=850%2C640&ssl=1\",\"width\":850,\"height\":640,\"caption\":\"\\\"Clair de lune\\\" 2014 huile sur toile 30 x 40 cm\"},{\"@type\":\"BreadcrumbList\",\"@id\":\"https:\\\/\\\/thomasgroslier.fr\\\/produit\\\/clair-de-lune\\\/#breadcrumb\",\"itemListElement\":[{\"@type\":\"ListItem\",\"position\":1,\"name\":\"Accueil\",\"item\":\"https:\\\/\\\/thomasgroslier.fr\\\/\"},{\"@type\":\"ListItem\",\"position\":2,\"name\":\"La boutique\",\"item\":\"https:\\\/\\\/thomasgroslier.fr\\\/la-boutique\\\/\"},{\"@type\":\"ListItem\",\"position\":3,\"name\":\"\u00ab\u00a0Clair de lune\u00a0\u00bb\"}]},{\"@type\":\"WebSite\",\"@id\":\"https:\\\/\\\/thomasgroslier.fr\\\/#website\",\"url\":\"https:\\\/\\\/thomasgroslier.fr\\\/\",\"name\":\"Thomas Groslier - Artiste peintre\",\"description\":\"\",\"publisher\":{\"@id\":\"https:\\\/\\\/thomasgroslier.fr\\\/#organization\"},\"alternateName\":\"Thomas Groslier\",\"potentialAction\":[{\"@type\":\"SearchAction\",\"target\":{\"@type\":\"EntryPoint\",\"urlTemplate\":\"https:\\\/\\\/thomasgroslier.fr\\\/?s={search_term_string}\"},\"query-input\":{\"@type\":\"PropertyValueSpecification\",\"valueRequired\":true,\"valueName\":\"search_term_string\"}}],\"inLanguage\":\"en-GB\"},{\"@type\":\"Organization\",\"@id\":\"https:\\\/\\\/thomasgroslier.fr\\\/#organization\",\"name\":\"Thomas Groslier - Artiste peintre\",\"url\":\"https:\\\/\\\/thomasgroslier.fr\\\/\",\"logo\":{\"@type\":\"ImageObject\",\"inLanguage\":\"en-GB\",\"@id\":\"https:\\\/\\\/thomasgroslier.fr\\\/#\\\/schema\\\/logo\\\/image\\\/\",\"url\":\"https:\\\/\\\/i0.wp.com\\\/thomasgroslier.fr\\\/wp-content\\\/uploads\\\/2018\\\/06\\\/cropped-cropped-cropped-autoportrait-le-soir1.jpg?fit=512%2C512&ssl=1\",\"contentUrl\":\"https:\\\/\\\/i0.wp.com\\\/thomasgroslier.fr\\\/wp-content\\\/uploads\\\/2018\\\/06\\\/cropped-cropped-cropped-autoportrait-le-soir1.jpg?fit=512%2C512&ssl=1\",\"width\":512,\"height\":512,\"caption\":\"Thomas Groslier - Artiste peintre\"},\"image\":{\"@id\":\"https:\\\/\\\/thomasgroslier.fr\\\/#\\\/schema\\\/logo\\\/image\\\/\"}}]}<\/script>\n<!-- \/ Yoast SEO plugin. -->","yoast_head_json":{"title":"\"Clair de lune\" - Thomas Groslier - Artiste peintre","description":"Femme dans un paysage - Peinture contemporaine","robots":{"index":"index","follow":"follow","max-snippet":"max-snippet:-1","max-image-preview":"max-image-preview:large","max-video-preview":"max-video-preview:-1"},"canonical":"https:\/\/thomasgroslier.fr\/en\/product\/clair-de-lune\/","og_locale":"en_GB","og_type":"article","og_title":"Ainsi la lune","og_description":"2015Huile sur toile tendue sur ch\u00e2ssis65 x 81 cm x 2 cm D\u00e9lais de livraison : 4 \u00e0 10 joursEnvoi en Colissimo recommand\u00e9 avec suivi et assurance ad valorem. Sous la lune, une femme en robe rouge se tient seule dans un bois. L\u2019ombre et la lumi\u00e8re s\u2019y partagent le silence.","og_url":"https:\/\/thomasgroslier.fr\/en\/product\/clair-de-lune\/","og_site_name":"Thomas Groslier - Artiste peintre","article_modified_time":"2026-01-07T06:27:03+00:00","og_image":[{"width":850,"height":640,"url":"https:\/\/thomasgroslier.fr\/wp-content\/uploads\/2025\/11\/2014-02.ainsi-la-lune-.jpg","type":"image\/jpeg"}],"twitter_card":"summary_large_image","twitter_misc":{"Estimated reading time":"1 minute"},"schema":{"@context":"https:\/\/schema.org","@graph":[{"@type":"WebPage","@id":"https:\/\/thomasgroslier.fr\/produit\/clair-de-lune\/","url":"https:\/\/thomasgroslier.fr\/produit\/clair-de-lune\/","name":"\"Clair de lune\" - Thomas Groslier - Artiste peintre","isPartOf":{"@id":"https:\/\/thomasgroslier.fr\/#website"},"primaryImageOfPage":{"@id":"https:\/\/thomasgroslier.fr\/produit\/clair-de-lune\/#primaryimage"},"image":{"@id":"https:\/\/thomasgroslier.fr\/produit\/clair-de-lune\/#primaryimage"},"thumbnailUrl":"https:\/\/i0.wp.com\/thomasgroslier.fr\/wp-content\/uploads\/2025\/11\/2014-02.ainsi-la-lune-.jpg?fit=850%2C640&ssl=1","datePublished":"2019-11-26T07:33:29+00:00","dateModified":"2026-01-07T06:27:03+00:00","description":"Femme dans un paysage - Peinture contemporaine","breadcrumb":{"@id":"https:\/\/thomasgroslier.fr\/produit\/clair-de-lune\/#breadcrumb"},"inLanguage":"en-GB","potentialAction":[{"@type":"ReadAction","target":["https:\/\/thomasgroslier.fr\/produit\/clair-de-lune\/"]}]},{"@type":"ImageObject","inLanguage":"en-GB","@id":"https:\/\/thomasgroslier.fr\/produit\/clair-de-lune\/#primaryimage","url":"https:\/\/i0.wp.com\/thomasgroslier.fr\/wp-content\/uploads\/2025\/11\/2014-02.ainsi-la-lune-.jpg?fit=850%2C640&ssl=1","contentUrl":"https:\/\/i0.wp.com\/thomasgroslier.fr\/wp-content\/uploads\/2025\/11\/2014-02.ainsi-la-lune-.jpg?fit=850%2C640&ssl=1","width":850,"height":640,"caption":"\"Clair de lune\" 2014 huile sur toile 30 x 40 cm"},{"@type":"BreadcrumbList","@id":"https:\/\/thomasgroslier.fr\/produit\/clair-de-lune\/#breadcrumb","itemListElement":[{"@type":"ListItem","position":1,"name":"Accueil","item":"https:\/\/thomasgroslier.fr\/"},{"@type":"ListItem","position":2,"name":"La boutique","item":"https:\/\/thomasgroslier.fr\/la-boutique\/"},{"@type":"ListItem","position":3,"name":"\u00ab\u00a0Clair de lune\u00a0\u00bb"}]},{"@type":"WebSite","@id":"https:\/\/thomasgroslier.fr\/#website","url":"https:\/\/thomasgroslier.fr\/","name":"Thomas Groslier - Artiste peintre","description":"","publisher":{"@id":"https:\/\/thomasgroslier.fr\/#organization"},"alternateName":"Thomas Groslier","potentialAction":[{"@type":"SearchAction","target":{"@type":"EntryPoint","urlTemplate":"https:\/\/thomasgroslier.fr\/?s={search_term_string}"},"query-input":{"@type":"PropertyValueSpecification","valueRequired":true,"valueName":"search_term_string"}}],"inLanguage":"en-GB"},{"@type":"Organization","@id":"https:\/\/thomasgroslier.fr\/#organization","name":"Thomas Groslier - Artiste peintre","url":"https:\/\/thomasgroslier.fr\/","logo":{"@type":"ImageObject","inLanguage":"en-GB","@id":"https:\/\/thomasgroslier.fr\/#\/schema\/logo\/image\/","url":"https:\/\/i0.wp.com\/thomasgroslier.fr\/wp-content\/uploads\/2018\/06\/cropped-cropped-cropped-autoportrait-le-soir1.jpg?fit=512%2C512&ssl=1","contentUrl":"https:\/\/i0.wp.com\/thomasgroslier.fr\/wp-content\/uploads\/2018\/06\/cropped-cropped-cropped-autoportrait-le-soir1.jpg?fit=512%2C512&ssl=1","width":512,"height":512,"caption":"Thomas Groslier - Artiste peintre"},"image":{"@id":"https:\/\/thomasgroslier.fr\/#\/schema\/logo\/image\/"}}]}},"jetpack_publicize_connections":[],"jetpack_sharing_enabled":true,"jetpack-related-posts":[{"id":15945,"url":"https:\/\/thomasgroslier.fr\/en\/product\/le-crabe\/","url_meta":{"origin":15946,"position":0},"title":"\"The crab\"","author":"T\u00e9g\u00e9","date":"26 November 2019","format":false,"excerpt":"2014 Huile sur toile tendue sur ch\u00e2ssis 60 x 74 cm x 2 cm \u00a0 \u00a0","rel":"","context":"Similar post","block_context":{"text":"Similar post","link":""},"img":{"alt_text":"femme prenant un bain de soleil","src":"https:\/\/i0.wp.com\/thomasgroslier.fr\/wp-content\/uploads\/2018\/06\/2014-02-lecrabe.jpg?fit=992%2C814&ssl=1&resize=350%2C200","width":350,"height":200,"srcset":"https:\/\/i0.wp.com\/thomasgroslier.fr\/wp-content\/uploads\/2018\/06\/2014-02-lecrabe.jpg?fit=992%2C814&ssl=1&resize=350%2C200 1x, https:\/\/i0.wp.com\/thomasgroslier.fr\/wp-content\/uploads\/2018\/06\/2014-02-lecrabe.jpg?fit=992%2C814&ssl=1&resize=525%2C300 1.5x, https:\/\/i0.wp.com\/thomasgroslier.fr\/wp-content\/uploads\/2018\/06\/2014-02-lecrabe.jpg?fit=992%2C814&ssl=1&resize=700%2C400 2x"},"classes":[]},{"id":15950,"url":"https:\/\/thomasgroslier.fr\/en\/product\/modele-peintre-et-souris\/","url_meta":{"origin":15946,"position":1},"title":"\"Model, painter, and mouse\"","author":"T\u00e9g\u00e9","date":"29 November 2020","format":false,"excerpt":"2011 Huile sur toile tendue sur ch\u00e2ssis 41 cm x 33 cm x 2 cm","rel":"","context":"Similar post","block_context":{"text":"Similar post","link":""},"img":{"alt_text":"le peintre et son mod\u00e8le","src":"https:\/\/i0.wp.com\/thomasgroslier.fr\/wp-content\/uploads\/2022\/09\/08-2011.NuPeintreEtSouris.jpg?fit=688%2C850&ssl=1&resize=350%2C200","width":350,"height":200,"srcset":"https:\/\/i0.wp.com\/thomasgroslier.fr\/wp-content\/uploads\/2022\/09\/08-2011.NuPeintreEtSouris.jpg?fit=688%2C850&ssl=1&resize=350%2C200 1x, https:\/\/i0.wp.com\/thomasgroslier.fr\/wp-content\/uploads\/2022\/09\/08-2011.NuPeintreEtSouris.jpg?fit=688%2C850&ssl=1&resize=525%2C300 1.5x"},"classes":[]},{"id":10360,"url":"https:\/\/thomasgroslier.fr\/en\/product\/jardin-de-nuit\/","url_meta":{"origin":15946,"position":2},"title":"Night garden","author":"T\u00e9g\u00e9","date":"2 April 2014","format":false,"excerpt":"2012 Huile sur toile de lin tendue sur ch\u00e2ssis 60 cm x 73 cm X 2 cm D\u00e9lais de livraison : 4 \u00e0 10 jours \u00a0 \u00a0","rel":"","context":"Similar post","block_context":{"text":"Similar post","link":""},"img":{"alt_text":"Jardin de nuit","src":"https:\/\/i0.wp.com\/thomasgroslier.fr\/wp-content\/uploads\/2018\/07\/11-2012automnejardinnuitlum.jpg?fit=709%2C579&ssl=1&resize=350%2C200","width":350,"height":200,"srcset":"https:\/\/i0.wp.com\/thomasgroslier.fr\/wp-content\/uploads\/2018\/07\/11-2012automnejardinnuitlum.jpg?fit=709%2C579&ssl=1&resize=350%2C200 1x, https:\/\/i0.wp.com\/thomasgroslier.fr\/wp-content\/uploads\/2018\/07\/11-2012automnejardinnuitlum.jpg?fit=709%2C579&ssl=1&resize=525%2C300 1.5x, https:\/\/i0.wp.com\/thomasgroslier.fr\/wp-content\/uploads\/2018\/07\/11-2012automnejardinnuitlum.jpg?fit=709%2C579&ssl=1&resize=700%2C400 2x"},"classes":[]},{"id":15941,"url":"https:\/\/thomasgroslier.fr\/en\/product\/le-jardin\/","url_meta":{"origin":15946,"position":3},"title":"The garden","author":"T\u00e9g\u00e9","date":"17 November 2020","format":false,"excerpt":"2012 Huile sur toile tendue sur ch\u00e2ssis 73 x 92 cm x 2 cm Encadrement bois noir (82 cm x 101 cm) D\u00e9lais de livraison : 4 \u00e0 10 jours Envoi en Colissimo recommand\u00e9 avec suivi et assurance ad valorem Il y a dans ce jardin quelque chose d\u2019ent\u00eat\u00e9, de\u2026","rel":"","context":"Similar post","block_context":{"text":"Similar post","link":""},"img":{"alt_text":"Peinture \u00e0 l\u2019huile repr\u00e9sentant un jardin clos o\u00f9 un fragment de statue \u2013 un pied monumental \u2013 repose sur un socle, entour\u00e9 de buissons taill\u00e9s, d\u2019un poirier paliss\u00e9 et d\u2019un paysage calme sous un ciel bleu","src":"https:\/\/i0.wp.com\/thomasgroslier.fr\/wp-content\/uploads\/2018\/07\/2012-07-pied-demichel-ange.jpg?fit=887%2C688&ssl=1&resize=350%2C200","width":350,"height":200,"srcset":"https:\/\/i0.wp.com\/thomasgroslier.fr\/wp-content\/uploads\/2018\/07\/2012-07-pied-demichel-ange.jpg?fit=887%2C688&ssl=1&resize=350%2C200 1x, https:\/\/i0.wp.com\/thomasgroslier.fr\/wp-content\/uploads\/2018\/07\/2012-07-pied-demichel-ange.jpg?fit=887%2C688&ssl=1&resize=525%2C300 1.5x, https:\/\/i0.wp.com\/thomasgroslier.fr\/wp-content\/uploads\/2018\/07\/2012-07-pied-demichel-ange.jpg?fit=887%2C688&ssl=1&resize=700%2C400 2x"},"classes":[]},{"id":15754,"url":"https:\/\/thomasgroslier.fr\/en\/product\/le-rouge-a-levres\/","url_meta":{"origin":15946,"position":4},"title":"\"Lipstick\"","author":"T\u00e9g\u00e9","date":"26 September 2025","format":false,"excerpt":"\"Le rouge \u00e0 l\u00e8vres\" 2025 Huile sur toile 55 x 46 cm Options : disponible encadr\u00e9e (cadre bois argent\u00e9 et biseaut\u00e9 66 x 53 cm) : + 100 \u20ac, ou non encadr\u00e9e Envoi en Colissimo recommand\u00e9 avec suivi et assurance ad valorem","rel":"","context":"Similar post","block_context":{"text":"Similar post","link":""},"img":{"alt_text":"Peinture d'une femme en robe blanche contemplant un miroir, sur fond de mur gris et fen\u00eatre bleue avec nuages, par Thomas Groslier","src":"https:\/\/i0.wp.com\/thomasgroslier.fr\/wp-content\/uploads\/2025\/09\/2025-06.le-rouge-a-levres-cadre-web.jpg?fit=722%2C850&ssl=1&resize=350%2C200","width":350,"height":200,"srcset":"https:\/\/i0.wp.com\/thomasgroslier.fr\/wp-content\/uploads\/2025\/09\/2025-06.le-rouge-a-levres-cadre-web.jpg?fit=722%2C850&ssl=1&resize=350%2C200 1x, https:\/\/i0.wp.com\/thomasgroslier.fr\/wp-content\/uploads\/2025\/09\/2025-06.le-rouge-a-levres-cadre-web.jpg?fit=722%2C850&ssl=1&resize=525%2C300 1.5x, https:\/\/i0.wp.com\/thomasgroslier.fr\/wp-content\/uploads\/2025\/09\/2025-06.le-rouge-a-levres-cadre-web.jpg?fit=722%2C850&ssl=1&resize=700%2C400 2x"},"classes":[]},{"id":14777,"url":"https:\/\/thomasgroslier.fr\/en\/product\/quatre-baigneuses-2\/","url_meta":{"origin":15946,"position":5},"title":"\u00ab\u00a0Quatre baigneuses\u00a0\u00bb","author":"T\u00e9g\u00e9","date":"29 September 2021","format":false,"excerpt":"2021 Encadrement : m\u00e9tal argent mat bross\u00e9 Peinture \u00e0 l'huile sur bois de peuplier Dimensions : 40 cm x 40 cm X 1,5 cm D\u00e9lais de livraison : 4 \u00e0 10 jours \u00a0","rel":"","context":"Similar post","block_context":{"text":"Similar post","link":""},"img":{"alt_text":"femmes prenant un bain de mer","src":"https:\/\/i0.wp.com\/thomasgroslier.fr\/wp-content\/uploads\/2024\/09\/quatre-baingeuse-encadre-web.jpg?fit=850%2C838&ssl=1&resize=350%2C200","width":350,"height":200,"srcset":"https:\/\/i0.wp.com\/thomasgroslier.fr\/wp-content\/uploads\/2024\/09\/quatre-baingeuse-encadre-web.jpg?fit=850%2C838&ssl=1&resize=350%2C200 1x, https:\/\/i0.wp.com\/thomasgroslier.fr\/wp-content\/uploads\/2024\/09\/quatre-baingeuse-encadre-web.jpg?fit=850%2C838&ssl=1&resize=525%2C300 1.5x, https:\/\/i0.wp.com\/thomasgroslier.fr\/wp-content\/uploads\/2024\/09\/quatre-baingeuse-encadre-web.jpg?fit=850%2C838&ssl=1&resize=700%2C400 2x"},"classes":[]}],"jetpack_likes_enabled":true,"_links":{"self":[{"href":"https:\/\/thomasgroslier.fr\/en\/wp-json\/wp\/v2\/product\/15946","targetHints":{"allow":["GET"]}}],"collection":[{"href":"https:\/\/thomasgroslier.fr\/en\/wp-json\/wp\/v2\/product"}],"about":[{"href":"https:\/\/thomasgroslier.fr\/en\/wp-json\/wp\/v2\/types\/product"}],"wp:featuredmedia":[{"embeddable":true,"href":"https:\/\/thomasgroslier.fr\/en\/wp-json\/wp\/v2\/media\/15947"}],"wp:attachment":[{"href":"https:\/\/thomasgroslier.fr\/en\/wp-json\/wp\/v2\/media?parent=15946"}],"wp:term":[{"taxonomy":"product_brand","embeddable":true,"href":"https:\/\/thomasgroslier.fr\/en\/wp-json\/wp\/v2\/product_brand?post=15946"},{"taxonomy":"product_cat","embeddable":true,"href":"https:\/\/thomasgroslier.fr\/en\/wp-json\/wp\/v2\/product_cat?post=15946"},{"taxonomy":"product_tag","embeddable":true,"href":"https:\/\/thomasgroslier.fr\/en\/wp-json\/wp\/v2\/product_tag?post=15946"}],"curies":[{"name":"wp","href":"https:\/\/api.w.org\/{rel}","templated":true}]}}